{"id":723652,"date":"2025-08-27T19:22:33","date_gmt":"2025-08-27T16:22:33","guid":{"rendered":"https:\/\/roveyayinevi.com.tr\/index.php\/urun\/labirentten-cikis\/"},"modified":"2025-09-11T01:07:20","modified_gmt":"2025-09-10T22:07:20","slug":"labirentten-cikis","status":"publish","type":"product","link":"https:\/\/roveyayinevi.com.tr\/index.php\/urun\/labirentten-cikis\/","title":{"rendered":"Labirentten \u00c7\u0131k\u0131\u015f"},"content":{"rendered":"<p>Koskoca bir kitab\u0131 okursun.\u0130\u00e7inden i\u015fine yarayan belki bir c\u00fcmledir.Al\u0131rs\u0131n o c\u00fcmleyi \u00e7evirirsin anahtar\u0131, kap\u0131n\u0131 a\u00e7ars\u0131n.Asl\u0131nda koskoca kitap, senin i\u00e7in yazd\u0131r\u0131lm\u0131\u015ft\u0131r. Y\u0131llarca dert tasa dedi\u011fin s\u0131k\u0131nt\u0131lar \u00e7ekersin.Oflay\u0131p inlemekten i\u00e7inde yaz\u0131l\u0131 mektubu okumay\u0131 d\u00fc\u015f\u00fcnmezsin.Oysa dert, tasa dedi\u011fin zarf\u0131n i\u00e7inde, senin i\u00e7in yaz\u0131lm\u0131\u015f bir mektup vard\u0131r.A\u00e7\u0131p okuyabilseydin dert tasa kalmayacakt\u0131.Dert tasa dedi\u011fin \u015feyler do\u011fru kap\u0131y\u0131 i\u015faret etmek i\u00e7in ya\u015fam\u0131na girmi\u015fti. Dert yok, tasa yok.Elem ve s\u0131k\u0131nt\u0131 yok.Ya\u015fam\u0131n i\u00e7inde sadece \u00f6\u011frenmek var.Her etap bir \u00f6\u011freti, her an hayata de\u011fer katma s\u00fcreci. Ya\u015famak o y\u00fczden g\u00fczel. Ya\u015famak sahnede harikalar yaratma sanat\u0131\u2026Sahne senin asl\u0131nda&#8230;T\u00fcm ya\u015fad\u0131klar\u0131n senin sahneye \u00e7\u0131kmaya cesaretini toparlayabilmen i\u00e7in\u2026Ya\u015famak sana verilmi\u015f hediye asl\u0131nda.Bir \u015fartla!Hayat\u0131n\u0131n y\u00f6netmeni olmay\u0131 ba\u015farabilmi\u015fsen.Hayat\u0131n\u0131n t\u00fcm kontrol\u00fcn\u00fc eline al ve ya\u015famaya ba\u015fla!<\/p>\n","protected":false},"excerpt":{"rendered":"<p>Koskoca bir kitab\u0131 okursun.\u0130\u00e7inden i\u015fine yarayan belki bir c\u00fcmledir.Al\u0131rs\u0131n o c\u00fcmleyi \u00e7evirirsin anahtar\u0131, kap\u0131n\u0131 a\u00e7ars\u0131n.Asl\u0131nda koskoca kitap, senin i\u00e7in yazd\u0131r\u0131lm\u0131\u015ft\u0131r. Y\u0131llarca dert tasa dedi\u011fin s\u0131k\u0131nt\u0131lar \u00e7ekersin.Oflay\u0131p<span class=\"excerpt-hellip\"> [\u2026]<\/span><\/p>\n","protected":false},"featured_media":0,"template":"","meta":{"_monsterinsights_skip_tracking":false,"_monsterinsights_sitenote_active":false,"_monsterinsights_sitenote_note":"","_monsterinsights_sitenote_category":0},"product_brand":[],"product_cat":[12777,12291],"product_tag":[],"class_list":{"0":"post-723652","1":"product","2":"type-product","3":"status-publish","5":"product_cat-deneme","6":"product_cat-edebiyat","7":"pa_cilt-ciltsiz","8":"pa_tur-kitap","9":"pa_yayinevi-luna-yayinlari","10":"pa_yazar-mehmet-tekeci","12":"first","13":"instock","14":"sale","15":"shipping-taxable","16":"purchasable","17":"product-type-simple"},"_links":{"self":[{"href":"https:\/\/roveyayinevi.com.tr\/index.php\/wp-json\/wp\/v2\/product\/723652","targetHints":{"allow":["GET"]}}],"collection":[{"href":"https:\/\/roveyayinevi.com.tr\/index.php\/wp-json\/wp\/v2\/product"}],"about":[{"href":"https:\/\/roveyayinevi.com.tr\/index.php\/wp-json\/wp\/v2\/types\/product"}],"wp:attachment":[{"href":"https:\/\/roveyayinevi.com.tr\/index.php\/wp-json\/wp\/v2\/media?parent=723652"}],"wp:term":[{"taxonomy":"product_brand","embeddable":true,"href":"https:\/\/roveyayinevi.com.tr\/index.php\/wp-json\/wp\/v2\/product_brand?post=723652"},{"taxonomy":"product_cat","embeddable":true,"href":"https:\/\/roveyayinevi.com.tr\/index.php\/wp-json\/wp\/v2\/product_cat?post=723652"},{"taxonomy":"product_tag","embeddable":true,"href":"https:\/\/roveyayinevi.com.tr\/index.php\/wp-json\/wp\/v2\/product_tag?post=723652"}],"curies":[{"name":"wp","href":"https:\/\/api.w.org\/{rel}","templated":true}]}}