{"id":723651,"date":"2025-08-27T19:22:32","date_gmt":"2025-08-27T16:22:32","guid":{"rendered":"https:\/\/roveyayinevi.com.tr\/index.php\/urun\/aileni-unutma\/"},"modified":"2026-04-16T02:31:46","modified_gmt":"2026-04-15T23:31:46","slug":"aileni-unutma","status":"publish","type":"product","link":"https:\/\/roveyayinevi.com.tr\/index.php\/urun\/aileni-unutma\/","title":{"rendered":"Aileni Unutma"},"content":{"rendered":"<p>Neden mutlu de\u011filiz?\u00c7\u00fcnk\u00fc ailemiz parampar\u00e7a olmu\u015f, her birimiz ba\u015fka y\u00f6nlere da\u011f\u0131lm\u0131\u015f\u0131z. Ailemizi hat\u0131rlamay\u0131 unutmu\u015fuz. Ama biz onlarla mutlu olaca\u011f\u0131m\u0131z\u0131 da unutmu\u015fuz.Akrabalar\u0131m\u0131z da\u011f\u0131lm\u0131\u015f, s\u0131\u011f\u0131n\u0131lacak limanlar\u0131m\u0131z kalmam\u0131\u015f ve denizin ortas\u0131nda kaybolmu\u015fuz.Elimizden tutacak bir el aramakta; kendimizi kurtaraca\u011f\u0131m\u0131z bir liman g\u00f6zetmekteyiz. Ama hepsi bo\u015f. Kanatlar\u0131m\u0131z k\u0131r\u0131lm\u0131\u015f.\u00c7\u00fcnk\u00fc b\u00fcy\u00fcklerimiz, s\u00f6zde her \u015feyi en iyi bilenlerimiz; bizim kahraman olarak bildiklerimiz y\u00fcz\u00fcnden parampar\u00e7a oldu y\u00fcreklerimiz.\u0130nsan bir ayna gibi parampar\u00e7a olunca, par\u00e7alar\u0131 toplamak kolay olmuyor. G\u00f6r\u00fcnt\u00fcler netle\u015fmiyor. Tam g\u00f6remiyoruz y\u00fcz\u00fcm\u00fczdeki \u00e7izgileri.Sevginin ve merhametin olmad\u0131\u011f\u0131 ailelerin i\u00e7inde b\u00fcy\u00fcy\u00fcnce insan, hayat\u0131 da tam anlayam\u0131yor. Anlamaya \u00e7al\u0131\u015fsa da ge\u00e7mi\u015fe tak\u0131l\u0131yor. Ge\u00e7mi\u015fi bir \u00e7\u0131rp\u0131da silemiyor insan.Unutmay\u0131n ki, mutlu ailenin g\u00fcler y\u00fczl\u00fc \u00e7ocuklar\u0131 ancak aile ba\u011flar\u0131na \u00f6nem veren ve onlar\u0131 unutmayan ailelerde yeti\u015fir.<\/p>\n","protected":false},"excerpt":{"rendered":"<p>Neden mutlu de\u011filiz?\u00c7\u00fcnk\u00fc ailemiz parampar\u00e7a olmu\u015f, her birimiz ba\u015fka y\u00f6nlere da\u011f\u0131lm\u0131\u015f\u0131z. Ailemizi hat\u0131rlamay\u0131 unutmu\u015fuz. Ama biz onlarla mutlu olaca\u011f\u0131m\u0131z\u0131 da unutmu\u015fuz.Akrabalar\u0131m\u0131z da\u011f\u0131lm\u0131\u015f, s\u0131\u011f\u0131n\u0131lacak limanlar\u0131m\u0131z kalmam\u0131\u015f ve<span class=\"excerpt-hellip\"> [\u2026]<\/span><\/p>\n","protected":false},"featured_media":0,"template":"","meta":{"_monsterinsights_skip_tracking":false,"_monsterinsights_sitenote_active":false,"_monsterinsights_sitenote_note":"","_monsterinsights_sitenote_category":0},"product_brand":[],"product_cat":[12831,12324],"product_tag":[],"class_list":{"0":"post-723651","1":"product","2":"type-product","3":"status-publish","5":"product_cat-aile-ve-cocuk","6":"product_cat-sosyoloji","7":"pa_cilt-ciltsiz","8":"pa_tur-kitap","9":"pa_yayinevi-yediveren-yayinlari","10":"pa_yazar-bayram-altintas","12":"first","13":"instock","14":"sale","15":"shipping-taxable","16":"purchasable","17":"product-type-simple"},"_links":{"self":[{"href":"https:\/\/roveyayinevi.com.tr\/index.php\/wp-json\/wp\/v2\/product\/723651","targetHints":{"allow":["GET"]}}],"collection":[{"href":"https:\/\/roveyayinevi.com.tr\/index.php\/wp-json\/wp\/v2\/product"}],"about":[{"href":"https:\/\/roveyayinevi.com.tr\/index.php\/wp-json\/wp\/v2\/types\/product"}],"wp:attachment":[{"href":"https:\/\/roveyayinevi.com.tr\/index.php\/wp-json\/wp\/v2\/media?parent=723651"}],"wp:term":[{"taxonomy":"product_brand","embeddable":true,"href":"https:\/\/roveyayinevi.com.tr\/index.php\/wp-json\/wp\/v2\/product_brand?post=723651"},{"taxonomy":"product_cat","embeddable":true,"href":"https:\/\/roveyayinevi.com.tr\/index.php\/wp-json\/wp\/v2\/product_cat?post=723651"},{"taxonomy":"product_tag","embeddable":true,"href":"https:\/\/roveyayinevi.com.tr\/index.php\/wp-json\/wp\/v2\/product_tag?post=723651"}],"curies":[{"name":"wp","href":"https:\/\/api.w.org\/{rel}","templated":true}]}}