{"id":723648,"date":"2025-08-27T19:22:30","date_gmt":"2025-08-27T16:22:30","guid":{"rendered":"https:\/\/roveyayinevi.com.tr\/index.php\/urun\/duygular-mutfagi\/"},"modified":"2026-04-16T02:31:46","modified_gmt":"2026-04-15T23:31:46","slug":"duygular-mutfagi","status":"publish","type":"product","link":"https:\/\/roveyayinevi.com.tr\/index.php\/urun\/duygular-mutfagi\/","title":{"rendered":"Duygular Mutfa\u011f\u0131"},"content":{"rendered":"<p>Utanga\u00e7 Makarna, Heyecanl\u0131 Yumurta ve Daha Fazlas\u0131 Hi\u00e7 utanga\u00e7 bir makarna veya heyecanl\u0131 bir yumurta gibi hissetti\u011finiz oldu mu? Peki ya mutlu sosisli sandvi\u00e7 veya kafas\u0131 kar\u0131\u015fm\u0131\u015f kekler gibi? Duygular\u0131n\u0131n ne oldu\u011funu anlayabilmek ve hislerinin sana ne anlatt\u0131\u011f\u0131n\u0131 bilebilmek herkes i\u00e7in \u00e7ok \u00f6nemli ve yararl\u0131d\u0131r. Ne hissetti\u011fini ve bu duygularla nas\u0131l ba\u015fa \u00e7\u0131kabilece\u011fini biliyor musun? Haydi bu kitaba bir g\u00f6z at ve bunu nas\u0131l yapabilece\u011fini g\u00f6r.Kitab\u0131n sonundaki \u201cEbeveyn ve E\u011fitimcilere Not\u201d k\u0131sm\u0131 duygu fark\u0131ndal\u0131\u011f\u0131n\u0131n \u00f6nemini a\u00e7\u0131klar. Anne ve babalara bir durum kar\u015f\u0131s\u0131nda \u00e7ocuklar\u0131n\u0131n neler hissedebileceklerini, bu duyguyu neden ya\u015fad\u0131klar\u0131n\u0131 ve bu duygular\u0131 \u00e7ok fazla hissedip hatta zorland\u0131klar\u0131nda neler yapabileceklerini g\u00f6sterir.<\/p>\n","protected":false},"excerpt":{"rendered":"<p>Utanga\u00e7 Makarna, Heyecanl\u0131 Yumurta ve Daha Fazlas\u0131 Hi\u00e7 utanga\u00e7 bir makarna veya heyecanl\u0131 bir yumurta gibi hissetti\u011finiz oldu mu? Peki ya mutlu sosisli sandvi\u00e7 veya kafas\u0131<span class=\"excerpt-hellip\"> [\u2026]<\/span><\/p>\n","protected":false},"featured_media":0,"template":"","meta":{"_monsterinsights_skip_tracking":false,"_monsterinsights_sitenote_active":false,"_monsterinsights_sitenote_note":"","_monsterinsights_sitenote_category":0},"product_brand":[],"product_cat":[12274,12631],"product_tag":[],"class_list":{"0":"post-723648","1":"product","2":"type-product","3":"status-publish","5":"product_cat-cocuk-ve-genclik-kitaplari","6":"product_cat-diger-cocuk-ve-genclik-kitaplari","7":"pa_cilt-ciltsiz","8":"pa_tur-kitap","9":"pa_yayinevi-okuyan-koala","10":"pa_yazar-jane-annunziata-marc-a-nemiroff","12":"first","13":"instock","14":"sale","15":"shipping-taxable","16":"purchasable","17":"product-type-simple"},"_links":{"self":[{"href":"https:\/\/roveyayinevi.com.tr\/index.php\/wp-json\/wp\/v2\/product\/723648","targetHints":{"allow":["GET"]}}],"collection":[{"href":"https:\/\/roveyayinevi.com.tr\/index.php\/wp-json\/wp\/v2\/product"}],"about":[{"href":"https:\/\/roveyayinevi.com.tr\/index.php\/wp-json\/wp\/v2\/types\/product"}],"wp:attachment":[{"href":"https:\/\/roveyayinevi.com.tr\/index.php\/wp-json\/wp\/v2\/media?parent=723648"}],"wp:term":[{"taxonomy":"product_brand","embeddable":true,"href":"https:\/\/roveyayinevi.com.tr\/index.php\/wp-json\/wp\/v2\/product_brand?post=723648"},{"taxonomy":"product_cat","embeddable":true,"href":"https:\/\/roveyayinevi.com.tr\/index.php\/wp-json\/wp\/v2\/product_cat?post=723648"},{"taxonomy":"product_tag","embeddable":true,"href":"https:\/\/roveyayinevi.com.tr\/index.php\/wp-json\/wp\/v2\/product_tag?post=723648"}],"curies":[{"name":"wp","href":"https:\/\/api.w.org\/{rel}","templated":true}]}}