{"id":723646,"date":"2025-08-27T19:22:28","date_gmt":"2025-08-27T16:22:28","guid":{"rendered":"https:\/\/roveyayinevi.com.tr\/index.php\/urun\/gelinkayanin-sirri\/"},"modified":"2026-04-16T02:31:46","modified_gmt":"2026-04-15T23:31:46","slug":"gelinkayanin-sirri","status":"publish","type":"product","link":"https:\/\/roveyayinevi.com.tr\/index.php\/urun\/gelinkayanin-sirri\/","title":{"rendered":"Gelinkaya\u2019n\u0131n S\u0131rr\u0131"},"content":{"rendered":"<p>Berke, sevgili k\u00f6pe\u011fi Zeytin\u2019le birlikte, anneannesini ve dedesini ziyarete gider. Orada day\u0131s\u0131 ve kuzenleriyle birlikte olduk\u00e7a keyifli zaman ge\u00e7irirler. Ancak bu durum uzun s\u00fcrmez. Zeytin\u2019in ba\u015f\u0131na k\u00fc\u00e7\u00fck bir kaza gelir ve onu kurtarmaya \u00e7al\u0131\u015f\u0131rlarken, asla ak\u0131llar\u0131na gelmeyecek bir maceran\u0131n i\u00e7ine at\u0131l\u0131rlar. Gelin Kaya olarak bildikleri tepenin \u00e7ok b\u00fcy\u00fck s\u0131rlar\u0131 vard\u0131r. Berke ve ailesiyle birlikte bu maceraya at\u0131l\u0131p s\u0131rlar\u0131 \u00f6\u011frenmeye haz\u0131r m\u0131s\u0131n\u0131z? <\/p>\n","protected":false},"excerpt":{"rendered":"<p>Berke, sevgili k\u00f6pe\u011fi Zeytin\u2019le birlikte, anneannesini ve dedesini ziyarete gider. Orada day\u0131s\u0131 ve kuzenleriyle birlikte olduk\u00e7a keyifli zaman ge\u00e7irirler. Ancak bu durum uzun s\u00fcrmez. Zeytin\u2019in ba\u015f\u0131na<span class=\"excerpt-hellip\"> [\u2026]<\/span><\/p>\n","protected":false},"featured_media":0,"template":"","meta":{"_monsterinsights_skip_tracking":false,"_monsterinsights_sitenote_active":false,"_monsterinsights_sitenote_note":"","_monsterinsights_sitenote_category":0},"product_brand":[],"product_cat":[12274,12284],"product_tag":[],"class_list":{"0":"post-723646","1":"product","2":"type-product","3":"status-publish","5":"product_cat-cocuk-ve-genclik-kitaplari","6":"product_cat-hikayeler","7":"pa_cilt-ciltsiz","8":"pa_tur-kitap","9":"pa_yayinevi-dahi-cocuk-yayinlari","10":"pa_yazar-yasemin-bulbul","12":"first","13":"instock","14":"sale","15":"shipping-taxable","16":"purchasable","17":"product-type-simple"},"_links":{"self":[{"href":"https:\/\/roveyayinevi.com.tr\/index.php\/wp-json\/wp\/v2\/product\/723646","targetHints":{"allow":["GET"]}}],"collection":[{"href":"https:\/\/roveyayinevi.com.tr\/index.php\/wp-json\/wp\/v2\/product"}],"about":[{"href":"https:\/\/roveyayinevi.com.tr\/index.php\/wp-json\/wp\/v2\/types\/product"}],"wp:attachment":[{"href":"https:\/\/roveyayinevi.com.tr\/index.php\/wp-json\/wp\/v2\/media?parent=723646"}],"wp:term":[{"taxonomy":"product_brand","embeddable":true,"href":"https:\/\/roveyayinevi.com.tr\/index.php\/wp-json\/wp\/v2\/product_brand?post=723646"},{"taxonomy":"product_cat","embeddable":true,"href":"https:\/\/roveyayinevi.com.tr\/index.php\/wp-json\/wp\/v2\/product_cat?post=723646"},{"taxonomy":"product_tag","embeddable":true,"href":"https:\/\/roveyayinevi.com.tr\/index.php\/wp-json\/wp\/v2\/product_tag?post=723646"}],"curies":[{"name":"wp","href":"https:\/\/api.w.org\/{rel}","templated":true}]}}