{"id":723645,"date":"2025-08-27T19:22:27","date_gmt":"2025-08-27T16:22:27","guid":{"rendered":"https:\/\/roveyayinevi.com.tr\/index.php\/urun\/cesur-cocugun-masali\/"},"modified":"2026-04-16T02:31:45","modified_gmt":"2026-04-15T23:31:45","slug":"cesur-cocugun-masali","status":"publish","type":"product","link":"https:\/\/roveyayinevi.com.tr\/index.php\/urun\/cesur-cocugun-masali\/","title":{"rendered":"Cesur \u00c7ocu\u011fun Masal\u0131"},"content":{"rendered":"<p>On \u00fc\u00e7 ya\u015f\u0131ndaki Tayfun, \u0130stanbul\u2019un kenar mahallelerinin birinde ya\u015fayan korkak bir \u00e7ocuktur. Anne ve babas\u0131 hayatlar\u0131n\u0131 kaybettikten sonra b\u00fcy\u00fckannesiyle birlikte ya\u015famaya ba\u015flam\u0131\u015ft\u0131r. Bir g\u00fcn kar\u015f\u0131s\u0131na \u0130yilik Mele\u011fi Asel \u00e7\u0131kar. Tayfun cesur bir \u00e7ocuk olma yolunda ilerlerken, Cesur \u00c7ocu\u011fun Masal\u0131\u2019n\u0131 yazacakt\u0131r. Tayfun\u2019un ba\u015far\u0131 \u00f6yk\u00fcs\u00fcn\u00fc okurken, insan\u0131n isterse t\u00fcm korkular\u0131n\u0131 yenebilece\u011fini \u00f6\u011frenecek, s\u0131cac\u0131k dostluklara \u015fahit olacaks\u0131n\u0131z. <\/p>\n","protected":false},"excerpt":{"rendered":"<p>On \u00fc\u00e7 ya\u015f\u0131ndaki Tayfun, \u0130stanbul\u2019un kenar mahallelerinin birinde ya\u015fayan korkak bir \u00e7ocuktur. Anne ve babas\u0131 hayatlar\u0131n\u0131 kaybettikten sonra b\u00fcy\u00fckannesiyle birlikte ya\u015famaya ba\u015flam\u0131\u015ft\u0131r. Bir g\u00fcn kar\u015f\u0131s\u0131na \u0130yilik<span class=\"excerpt-hellip\"> [\u2026]<\/span><\/p>\n","protected":false},"featured_media":0,"template":"","meta":{"_monsterinsights_skip_tracking":false,"_monsterinsights_sitenote_active":false,"_monsterinsights_sitenote_note":"","_monsterinsights_sitenote_category":0},"product_brand":[],"product_cat":[12274,12284],"product_tag":[],"class_list":{"0":"post-723645","1":"product","2":"type-product","3":"status-publish","5":"product_cat-cocuk-ve-genclik-kitaplari","6":"product_cat-hikayeler","7":"pa_cilt-ciltsiz","8":"pa_tur-kitap","9":"pa_yayinevi-dahi-cocuk-yayinlari","10":"pa_yazar-cansu-tirasoglu","12":"first","13":"instock","14":"sale","15":"shipping-taxable","16":"purchasable","17":"product-type-simple"},"_links":{"self":[{"href":"https:\/\/roveyayinevi.com.tr\/index.php\/wp-json\/wp\/v2\/product\/723645","targetHints":{"allow":["GET"]}}],"collection":[{"href":"https:\/\/roveyayinevi.com.tr\/index.php\/wp-json\/wp\/v2\/product"}],"about":[{"href":"https:\/\/roveyayinevi.com.tr\/index.php\/wp-json\/wp\/v2\/types\/product"}],"wp:attachment":[{"href":"https:\/\/roveyayinevi.com.tr\/index.php\/wp-json\/wp\/v2\/media?parent=723645"}],"wp:term":[{"taxonomy":"product_brand","embeddable":true,"href":"https:\/\/roveyayinevi.com.tr\/index.php\/wp-json\/wp\/v2\/product_brand?post=723645"},{"taxonomy":"product_cat","embeddable":true,"href":"https:\/\/roveyayinevi.com.tr\/index.php\/wp-json\/wp\/v2\/product_cat?post=723645"},{"taxonomy":"product_tag","embeddable":true,"href":"https:\/\/roveyayinevi.com.tr\/index.php\/wp-json\/wp\/v2\/product_tag?post=723645"}],"curies":[{"name":"wp","href":"https:\/\/api.w.org\/{rel}","templated":true}]}}