{"id":723643,"date":"2025-08-27T19:22:26","date_gmt":"2025-08-27T16:22:26","guid":{"rendered":"https:\/\/roveyayinevi.com.tr\/index.php\/urun\/bulut-ve-dinozorlar\/"},"modified":"2026-04-08T02:39:25","modified_gmt":"2026-04-07T23:39:25","slug":"bulut-ve-dinozorlar","status":"publish","type":"product","link":"https:\/\/roveyayinevi.com.tr\/index.php\/urun\/bulut-ve-dinozorlar\/","title":{"rendered":"Bulut ve Dinozorlar"},"content":{"rendered":"<p>Ejderhalarla ya\u015fanan sava\u015f t\u00fcm h\u0131z\u0131yla devam ederken saraydan ayr\u0131lan Bulut, kendine zor bir g\u00f6rev se\u00e7mi\u015ftir. G\u00fcvendi\u011fi askerleriyle birlikte, varl\u0131klar\u0131 belki de sadece efsane olan dinozorlar\u0131 bulmak i\u00e7in \u00e7\u0131kt\u0131\u011f\u0131 yolculuk nas\u0131l sonu\u00e7lanacak? Krall\u0131k y\u0131k\u0131lmadan eve d\u00f6nmeyi ba\u015farabilecek mi? <\/p>\n","protected":false},"excerpt":{"rendered":"<p>Ejderhalarla ya\u015fanan sava\u015f t\u00fcm h\u0131z\u0131yla devam ederken saraydan ayr\u0131lan Bulut, kendine zor bir g\u00f6rev se\u00e7mi\u015ftir. G\u00fcvendi\u011fi askerleriyle birlikte, varl\u0131klar\u0131 belki de sadece efsane olan dinozorlar\u0131 bulmak<span class=\"excerpt-hellip\"> [\u2026]<\/span><\/p>\n","protected":false},"featured_media":0,"template":"","meta":{"_monsterinsights_skip_tracking":false,"_monsterinsights_sitenote_active":false,"_monsterinsights_sitenote_note":"","_monsterinsights_sitenote_category":0},"product_brand":[],"product_cat":[12274,12284],"product_tag":[],"class_list":{"0":"post-723643","1":"product","2":"type-product","3":"status-publish","5":"product_cat-cocuk-ve-genclik-kitaplari","6":"product_cat-hikayeler","7":"pa_cilt-ciltsiz","8":"pa_tur-kitap","9":"pa_yayinevi-dahi-cocuk-yayinlari","10":"pa_yazar-pinar-celik","12":"first","13":"instock","14":"sale","15":"shipping-taxable","16":"purchasable","17":"product-type-simple"},"_links":{"self":[{"href":"https:\/\/roveyayinevi.com.tr\/index.php\/wp-json\/wp\/v2\/product\/723643","targetHints":{"allow":["GET"]}}],"collection":[{"href":"https:\/\/roveyayinevi.com.tr\/index.php\/wp-json\/wp\/v2\/product"}],"about":[{"href":"https:\/\/roveyayinevi.com.tr\/index.php\/wp-json\/wp\/v2\/types\/product"}],"wp:attachment":[{"href":"https:\/\/roveyayinevi.com.tr\/index.php\/wp-json\/wp\/v2\/media?parent=723643"}],"wp:term":[{"taxonomy":"product_brand","embeddable":true,"href":"https:\/\/roveyayinevi.com.tr\/index.php\/wp-json\/wp\/v2\/product_brand?post=723643"},{"taxonomy":"product_cat","embeddable":true,"href":"https:\/\/roveyayinevi.com.tr\/index.php\/wp-json\/wp\/v2\/product_cat?post=723643"},{"taxonomy":"product_tag","embeddable":true,"href":"https:\/\/roveyayinevi.com.tr\/index.php\/wp-json\/wp\/v2\/product_tag?post=723643"}],"curies":[{"name":"wp","href":"https:\/\/api.w.org\/{rel}","templated":true}]}}