{"id":723639,"date":"2025-08-27T19:22:23","date_gmt":"2025-08-27T16:22:23","guid":{"rendered":"https:\/\/roveyayinevi.com.tr\/index.php\/urun\/goksu-ve-kara-ruh\/"},"modified":"2026-04-16T02:31:45","modified_gmt":"2026-04-15T23:31:45","slug":"goksu-ve-kara-ruh","status":"publish","type":"product","link":"https:\/\/roveyayinevi.com.tr\/index.php\/urun\/goksu-ve-kara-ruh\/","title":{"rendered":"G\u00f6ksu ve Kara Ruh"},"content":{"rendered":"<p>Ejderhalar\u0131n lideri Vino, insanlar\u0131n k\u00f6t\u00fc davran\u0131\u015flar\u0131ndan b\u0131km\u0131\u015f ve onlar\u0131 cezaland\u0131rmak amac\u0131yla bir sava\u015f ba\u015flatm\u0131\u015ft\u0131r. Pamuk Krall\u0131\u011f\u0131\u2019nda ba\u015flayan sava\u015f insanlar i\u00e7in hi\u00e7 de kolay ge\u00e7miyordur. Tarlalar\u0131 ve evleri yanan, di\u011fer hayvanlar taraf\u0131ndan da terk edilen insanlar \u00e7areyi saraya s\u0131\u011f\u0131nmakta bulmu\u015ftur. G\u00f6ksu, yanlar\u0131nda kalan tek at olan Beyaz \u0130nci\u2019yle beraber, atlar\u0131n lideri Kara Ruh\u2019un yan\u0131na gitmeye karar verir. Onu ikna edebilirse bu sava\u015fta k\u00fc\u00e7\u00fck bir destekleri olaca\u011f\u0131n\u0131 d\u00fc\u015f\u00fcnmektedir. Atlarla aras\u0131nda farkl\u0131 bir ba\u011f olan G\u00f6ksu, Kara Ruh\u2019u kendi taraflar\u0131na \u00e7ekebilecek mi? Atlar\u0131n bu sava\u015ftaki rol\u00fc ne olacak? <\/p>\n","protected":false},"excerpt":{"rendered":"<p>Ejderhalar\u0131n lideri Vino, insanlar\u0131n k\u00f6t\u00fc davran\u0131\u015flar\u0131ndan b\u0131km\u0131\u015f ve onlar\u0131 cezaland\u0131rmak amac\u0131yla bir sava\u015f ba\u015flatm\u0131\u015ft\u0131r. Pamuk Krall\u0131\u011f\u0131\u2019nda ba\u015flayan sava\u015f insanlar i\u00e7in hi\u00e7 de kolay ge\u00e7miyordur. Tarlalar\u0131 ve<span class=\"excerpt-hellip\"> [\u2026]<\/span><\/p>\n","protected":false},"featured_media":0,"template":"","meta":{"_monsterinsights_skip_tracking":false,"_monsterinsights_sitenote_active":false,"_monsterinsights_sitenote_note":"","_monsterinsights_sitenote_category":0},"product_brand":[],"product_cat":[12274,12284],"product_tag":[],"class_list":{"0":"post-723639","1":"product","2":"type-product","3":"status-publish","5":"product_cat-cocuk-ve-genclik-kitaplari","6":"product_cat-hikayeler","7":"pa_cilt-ciltsiz","8":"pa_tur-kitap","9":"pa_yayinevi-dahi-cocuk-yayinlari","10":"pa_yazar-pinar-celik","12":"first","13":"instock","14":"sale","15":"shipping-taxable","16":"purchasable","17":"product-type-simple"},"_links":{"self":[{"href":"https:\/\/roveyayinevi.com.tr\/index.php\/wp-json\/wp\/v2\/product\/723639","targetHints":{"allow":["GET"]}}],"collection":[{"href":"https:\/\/roveyayinevi.com.tr\/index.php\/wp-json\/wp\/v2\/product"}],"about":[{"href":"https:\/\/roveyayinevi.com.tr\/index.php\/wp-json\/wp\/v2\/types\/product"}],"wp:attachment":[{"href":"https:\/\/roveyayinevi.com.tr\/index.php\/wp-json\/wp\/v2\/media?parent=723639"}],"wp:term":[{"taxonomy":"product_brand","embeddable":true,"href":"https:\/\/roveyayinevi.com.tr\/index.php\/wp-json\/wp\/v2\/product_brand?post=723639"},{"taxonomy":"product_cat","embeddable":true,"href":"https:\/\/roveyayinevi.com.tr\/index.php\/wp-json\/wp\/v2\/product_cat?post=723639"},{"taxonomy":"product_tag","embeddable":true,"href":"https:\/\/roveyayinevi.com.tr\/index.php\/wp-json\/wp\/v2\/product_tag?post=723639"}],"curies":[{"name":"wp","href":"https:\/\/api.w.org\/{rel}","templated":true}]}}