{"id":723636,"date":"2025-08-27T19:22:20","date_gmt":"2025-08-27T16:22:20","guid":{"rendered":"https:\/\/roveyayinevi.com.tr\/index.php\/urun\/dag-kasindi\/"},"modified":"2026-04-16T02:31:45","modified_gmt":"2026-04-15T23:31:45","slug":"dag-kasindi","status":"publish","type":"product","link":"https:\/\/roveyayinevi.com.tr\/index.php\/urun\/dag-kasindi\/","title":{"rendered":"Da\u011f Ka\u015f\u0131nd\u0131"},"content":{"rendered":"<p>Bir g\u00fcn ke\u00e7isi Ka\u00e7ar\u2019\u0131n pe\u015finden da\u011f\u0131n eteklerine \u00e7\u0131kan G\u00fcn, toprak yutmu\u015f fil sesine benzeyen kal\u0131n bir ses duyar. Konu\u015fan, s\u0131rt\u0131 ka\u015f\u0131nan da\u011fd\u0131r. \u015ea\u015f\u0131r\u0131r G\u00fcn, da\u011f konu\u015fur mu? Peki, hi\u00e7 ka\u015f\u0131n\u0131r m\u0131? Madencilerin, mermercilerin cildini bozdu\u011fu; yap\u0131c\u0131lar\u0131n s\u0131rt\u0131na asfalt d\u00f6kt\u00fc\u011f\u00fc da\u011f hem konu\u015fur hem de ka\u015f\u0131n\u0131r.K\u00f6y halk\u0131, da\u011f\u0131n ka\u015f\u0131nd\u0131\u011f\u0131na \u00f6nce inanmaz ama ne zaman ki arka arkaya sars\u0131nt\u0131lar olur, ona inanmakla kalmaz da\u011f\u0131n her istedi\u011fini yapmaya karar verirler ve onu ka\u015f\u0131maya ba\u015flarlar. Hatta daha iyi ka\u015f\u0131mak i\u00e7in a\u011fa\u00e7lar\u0131 keserler. Bunun \u00fczerine da\u011f \u00f6nce kusar, sonra \u00fc\u015f\u00fcy\u00fcp hastalan\u0131r, en sonunda da susar. Da\u011f\u0131n niye sustu\u011funu k\u00f6ye gelen bilge da\u011fc\u0131 \u00f6\u011frenecektir. Da\u011f\u0131n denizden de bir iste\u011fi vard\u0131r&#8230;Deneyimli yazar Siml\u00e2 Sunay\u2019\u0131n do\u011fa-insan ili\u015fkisini, bu ili\u015fkinin hem do\u011fa hem insan \u00fczerindeki etkilerini anlatt\u0131\u011f\u0131 kitab\u0131 Da\u011f Ka\u015f\u0131nd\u0131, yenilenen i\u00e7eri\u011fi ve \u00e7izer Burcu Y\u0131lmaz\u2019\u0131n yeni resimleriyle raflarda yerini al\u0131yor<\/p>\n","protected":false},"excerpt":{"rendered":"<p>Bir g\u00fcn ke\u00e7isi Ka\u00e7ar\u2019\u0131n pe\u015finden da\u011f\u0131n eteklerine \u00e7\u0131kan G\u00fcn, toprak yutmu\u015f fil sesine benzeyen kal\u0131n bir ses duyar. Konu\u015fan, s\u0131rt\u0131 ka\u015f\u0131nan da\u011fd\u0131r. \u015ea\u015f\u0131r\u0131r G\u00fcn, da\u011f konu\u015fur<span class=\"excerpt-hellip\"> [\u2026]<\/span><\/p>\n","protected":false},"featured_media":0,"template":"","meta":{"_monsterinsights_skip_tracking":false,"_monsterinsights_sitenote_active":false,"_monsterinsights_sitenote_note":"","_monsterinsights_sitenote_category":0},"product_brand":[],"product_cat":[12274,12284],"product_tag":[],"class_list":{"0":"post-723636","1":"product","2":"type-product","3":"status-publish","5":"product_cat-cocuk-ve-genclik-kitaplari","6":"product_cat-hikayeler","7":"pa_cilt-ciltsiz","8":"pa_tur-kitap","9":"pa_yayinevi-redhouse-kidz-yayinlari","10":"pa_yazar-simla-sunay","12":"first","13":"instock","14":"sale","15":"shipping-taxable","16":"purchasable","17":"product-type-simple"},"_links":{"self":[{"href":"https:\/\/roveyayinevi.com.tr\/index.php\/wp-json\/wp\/v2\/product\/723636","targetHints":{"allow":["GET"]}}],"collection":[{"href":"https:\/\/roveyayinevi.com.tr\/index.php\/wp-json\/wp\/v2\/product"}],"about":[{"href":"https:\/\/roveyayinevi.com.tr\/index.php\/wp-json\/wp\/v2\/types\/product"}],"wp:attachment":[{"href":"https:\/\/roveyayinevi.com.tr\/index.php\/wp-json\/wp\/v2\/media?parent=723636"}],"wp:term":[{"taxonomy":"product_brand","embeddable":true,"href":"https:\/\/roveyayinevi.com.tr\/index.php\/wp-json\/wp\/v2\/product_brand?post=723636"},{"taxonomy":"product_cat","embeddable":true,"href":"https:\/\/roveyayinevi.com.tr\/index.php\/wp-json\/wp\/v2\/product_cat?post=723636"},{"taxonomy":"product_tag","embeddable":true,"href":"https:\/\/roveyayinevi.com.tr\/index.php\/wp-json\/wp\/v2\/product_tag?post=723636"}],"curies":[{"name":"wp","href":"https:\/\/api.w.org\/{rel}","templated":true}]}}