{"id":723634,"date":"2025-08-27T19:22:19","date_gmt":"2025-08-27T16:22:19","guid":{"rendered":"https:\/\/roveyayinevi.com.tr\/index.php\/urun\/1-para-kac-paradir\/"},"modified":"2025-11-21T05:58:34","modified_gmt":"2025-11-21T02:58:34","slug":"1-para-kac-paradir","status":"publish","type":"product","link":"https:\/\/roveyayinevi.com.tr\/index.php\/urun\/1-para-kac-paradir\/","title":{"rendered":"1 Para Ka\u00e7 Parad\u0131r?"},"content":{"rendered":"<p>Parayla her \u015fey al\u0131nabilir mi?Paran\u0131n ne kadar de\u011ferli oldu\u011funu duyan bir k\u0131z \u00e7ocu\u011funun eline bir g\u00fcn madeni bir para ge\u00e7er. Onunla ne yapaca\u011f\u0131na bir t\u00fcrl\u00fc karar veremez.<\/p>\n","protected":false},"excerpt":{"rendered":"<p>Parayla her \u015fey al\u0131nabilir mi?Paran\u0131n ne kadar de\u011ferli oldu\u011funu duyan bir k\u0131z \u00e7ocu\u011funun eline bir g\u00fcn madeni bir para ge\u00e7er. Onunla ne yapaca\u011f\u0131na bir t\u00fcrl\u00fc karar<span class=\"excerpt-hellip\"> [\u2026]<\/span><\/p>\n","protected":false},"featured_media":0,"template":"","meta":{"_monsterinsights_skip_tracking":false,"_monsterinsights_sitenote_active":false,"_monsterinsights_sitenote_note":"","_monsterinsights_sitenote_category":0},"product_brand":[],"product_cat":[12274,12284],"product_tag":[],"class_list":{"0":"post-723634","1":"product","2":"type-product","3":"status-publish","5":"product_cat-cocuk-ve-genclik-kitaplari","6":"product_cat-hikayeler","7":"pa_cilt-ciltsiz","8":"pa_tur-kitap","9":"pa_yayinevi-hep-kitap","10":"pa_yazar-hilal-gursu","12":"first","13":"instock","14":"sale","15":"shipping-taxable","16":"purchasable","17":"product-type-simple"},"_links":{"self":[{"href":"https:\/\/roveyayinevi.com.tr\/index.php\/wp-json\/wp\/v2\/product\/723634","targetHints":{"allow":["GET"]}}],"collection":[{"href":"https:\/\/roveyayinevi.com.tr\/index.php\/wp-json\/wp\/v2\/product"}],"about":[{"href":"https:\/\/roveyayinevi.com.tr\/index.php\/wp-json\/wp\/v2\/types\/product"}],"wp:attachment":[{"href":"https:\/\/roveyayinevi.com.tr\/index.php\/wp-json\/wp\/v2\/media?parent=723634"}],"wp:term":[{"taxonomy":"product_brand","embeddable":true,"href":"https:\/\/roveyayinevi.com.tr\/index.php\/wp-json\/wp\/v2\/product_brand?post=723634"},{"taxonomy":"product_cat","embeddable":true,"href":"https:\/\/roveyayinevi.com.tr\/index.php\/wp-json\/wp\/v2\/product_cat?post=723634"},{"taxonomy":"product_tag","embeddable":true,"href":"https:\/\/roveyayinevi.com.tr\/index.php\/wp-json\/wp\/v2\/product_tag?post=723634"}],"curies":[{"name":"wp","href":"https:\/\/api.w.org\/{rel}","templated":true}]}}