{"id":723633,"date":"2025-08-27T19:22:18","date_gmt":"2025-08-27T16:22:18","guid":{"rendered":"https:\/\/roveyayinevi.com.tr\/index.php\/urun\/kolelik-siirleri\/"},"modified":"2026-04-16T02:31:45","modified_gmt":"2026-04-15T23:31:45","slug":"kolelik-siirleri","status":"publish","type":"product","link":"https:\/\/roveyayinevi.com.tr\/index.php\/urun\/kolelik-siirleri\/","title":{"rendered":"K\u00f6lelik \u015eiirleri"},"content":{"rendered":"<p>On dokuzuncu y\u00fczy\u0131l Amerikan edebiyat\u0131n\u0131n en sayg\u0131n ve pop\u00fcler \u015fairlerinden biri olarak kabul edilen Henry Wadsworth Longfellow (1807-1882), bu kitapla birlikte ilk kez T\u00fcrk okuruyla bulu\u015fuyor. Yay\u0131nland\u0131\u011f\u0131nda b\u00fcy\u00fck ilgi g\u00f6ren ve Longfellow&#8217;un uzun edebi ser\u00fcveninin en de\u011ferli \u00fcr\u00fcnlerinden biri olan K\u00f6lelik \u015eiirleri, \u015fairin i\u00e7inde ya\u015fad\u0131\u011f\u0131 topluma dair kamuoyunun ezberlerini bozdu\u011fu, g\u00fc\u00e7l\u00fc, duyarl\u0131 bir ses olarak yank\u0131lanm\u0131\u015ft\u0131r. Charles Dickens&#8217;tan Karl Marx&#8217;a, Mahatma Gandhi&#8217;den Martin Luther King Jr.&#8217;a dek farkl\u0131 d\u00f6nemlerden, farkl\u0131 \u00fclkelerden pek \u00e7ok ki\u015fi, toplumsal hak m\u00fccadelelerinde s\u0131k s\u0131k Longfellow&#8217;u sayg\u0131yla selamlam\u0131\u015f; onun bu kitapta yer alan eserlerinden dizeler okumu\u015ftur. Vak\u0131fBank K\u00fclt\u00fcr Yay\u0131nlar\u0131 d\u00fcnya edebiyat\u0131n\u0131n bu b\u00fcy\u00fck ismini, \u015fair Tamer G\u00fclbek&#8217;in duru T\u00fcrk\u00e7esiyle ve K\u00f6lelik \u015eiirleri&#8217;nin 1842&#8217;deki \u00f6zg\u00fcn edisyonuyla, yani \u0130ngilizce ve T\u00fcrk\u00e7e, \u00e7ift dilli olarak okurlar\u0131na sunmakta&#8230;<\/p>\n","protected":false},"excerpt":{"rendered":"<p>On dokuzuncu y\u00fczy\u0131l Amerikan edebiyat\u0131n\u0131n en sayg\u0131n ve pop\u00fcler \u015fairlerinden biri olarak kabul edilen Henry Wadsworth Longfellow (1807-1882), bu kitapla birlikte ilk kez T\u00fcrk okuruyla bulu\u015fuyor.<span class=\"excerpt-hellip\"> [\u2026]<\/span><\/p>\n","protected":false},"featured_media":0,"template":"","meta":{"_monsterinsights_skip_tracking":false,"_monsterinsights_sitenote_active":false,"_monsterinsights_sitenote_note":"","_monsterinsights_sitenote_category":0},"product_brand":[],"product_cat":[12291,12509],"product_tag":[],"class_list":{"0":"post-723633","1":"product","2":"type-product","3":"status-publish","5":"product_cat-edebiyat","6":"product_cat-siir","7":"pa_cilt-ciltsiz","8":"pa_tur-kitap","9":"pa_yayinevi-vakifbank-kultur-yayinlari","10":"pa_yazar-henry-w-longfellow","12":"first","13":"instock","14":"sale","15":"shipping-taxable","16":"purchasable","17":"product-type-simple"},"_links":{"self":[{"href":"https:\/\/roveyayinevi.com.tr\/index.php\/wp-json\/wp\/v2\/product\/723633","targetHints":{"allow":["GET"]}}],"collection":[{"href":"https:\/\/roveyayinevi.com.tr\/index.php\/wp-json\/wp\/v2\/product"}],"about":[{"href":"https:\/\/roveyayinevi.com.tr\/index.php\/wp-json\/wp\/v2\/types\/product"}],"wp:attachment":[{"href":"https:\/\/roveyayinevi.com.tr\/index.php\/wp-json\/wp\/v2\/media?parent=723633"}],"wp:term":[{"taxonomy":"product_brand","embeddable":true,"href":"https:\/\/roveyayinevi.com.tr\/index.php\/wp-json\/wp\/v2\/product_brand?post=723633"},{"taxonomy":"product_cat","embeddable":true,"href":"https:\/\/roveyayinevi.com.tr\/index.php\/wp-json\/wp\/v2\/product_cat?post=723633"},{"taxonomy":"product_tag","embeddable":true,"href":"https:\/\/roveyayinevi.com.tr\/index.php\/wp-json\/wp\/v2\/product_tag?post=723633"}],"curies":[{"name":"wp","href":"https:\/\/api.w.org\/{rel}","templated":true}]}}