{"id":723632,"date":"2025-08-27T19:22:17","date_gmt":"2025-08-27T16:22:17","guid":{"rendered":"https:\/\/roveyayinevi.com.tr\/index.php\/urun\/ilm-i-tedbir-i-mulk-devlet-yonetme-bilimi\/"},"modified":"2026-04-16T02:31:45","modified_gmt":"2026-04-15T23:31:45","slug":"ilm-i-tedbir-i-mulk-devlet-yonetme-bilimi","status":"publish","type":"product","link":"https:\/\/roveyayinevi.com.tr\/index.php\/urun\/ilm-i-tedbir-i-mulk-devlet-yonetme-bilimi\/","title":{"rendered":"\u0130lm-i Tedbir-i M\u00fclk: Devlet Y\u00f6netme Bilimi"},"content":{"rendered":"<p>\u0130ngiliz \u015earkiyat\u00e7\u0131 Charles Wells\u2019in (1839-1917) kaleme ald\u0131\u011f\u0131 \u0130lm-i Tedbir-i M\u00fclk, 1860\u2019ta, \u201cDevlet Y\u00f6netme Bilimi ya da T\u00fcrk\u00e7e Yaz\u0131lan \u0130lk Politik Ekonomi Denemesi\u201d alt ba\u015fl\u0131\u011f\u0131yla Londra\u2019da yay\u0131mlanm\u0131\u015ft\u0131r. Osmanl\u0131 T\u00fcrk\u00e7esiyle yaz\u0131lan bu deneme, Tanzimat ayd\u0131nlar\u0131n\u0131n modern politik ekonomi konusundaki temel bilgi eksikli\u011fini gidermek amac\u0131yla, alan\u0131nda yaz\u0131lm\u0131\u015f ilk eser olma iddias\u0131yla okurlar\u0131n ilgisine sunulmu\u015ftur. Londra\u2019da T\u00fcrk\u00e7e yay\u0131n yapan gen\u00e7 bir \u0130ngilizin, ekseriyeti \u0130stanbul\u2019da bulunan Osmanl\u0131-T\u00fcrk ayd\u0131nlar\u0131na ula\u015fma kabiliyetinin k\u0131s\u0131tl\u0131l\u0131klar\u0131n\u0131 dikkate ald\u0131\u011f\u0131m\u0131zda, Wells\u2019in ilk politik ekonomi kitab\u0131n\u0131n yazar\u0131 olma iddias\u0131ndaki k\u00fc\u00e7\u00fck yan\u0131lsama kabul edilebilir g\u00f6r\u00fclmelidir. Kendisinden yakla\u015f\u0131k y\u00fcz y\u0131l sonra Cavit Orhan T\u00fctengil, Wells\u2019in \u00e7al\u0131\u015fmas\u0131n\u0131n ilk T\u00fcrk\u00e7e iktisat kitab\u0131 olmad\u0131\u011f\u0131n\u0131, fakat \u201cT\u00fcrk\u00e7e yaz\u0131lm\u0131\u015f ilk telif iktisat kitab\u0131\u201d olarak kabul edilebilece\u011fini ifade etmi\u015ftir.Osmanl\u0131 T\u00fcrk\u00e7esi ve g\u00fcn\u00fcm\u00fcz T\u00fcrk\u00e7esiyle, iki metin halinde yay\u0131na haz\u0131rlad\u0131\u011f\u0131m\u0131z \u0130lm-i Tedbir-i M\u00fclk, T\u00fcrkiye\u2019nin iktisadi d\u00fc\u015f\u00fcnce tarihine ili\u015fkin m\u00fctevaz\u0131 ama asl\u00ee bir katk\u0131\u2026<\/p>\n","protected":false},"excerpt":{"rendered":"<p>\u0130ngiliz \u015earkiyat\u00e7\u0131 Charles Wells\u2019in (1839-1917) kaleme ald\u0131\u011f\u0131 \u0130lm-i Tedbir-i M\u00fclk, 1860\u2019ta, \u201cDevlet Y\u00f6netme Bilimi ya da T\u00fcrk\u00e7e Yaz\u0131lan \u0130lk Politik Ekonomi Denemesi\u201d alt ba\u015fl\u0131\u011f\u0131yla Londra\u2019da yay\u0131mlanm\u0131\u015ft\u0131r.<span class=\"excerpt-hellip\"> [\u2026]<\/span><\/p>\n","protected":false},"featured_media":0,"template":"","meta":{"_monsterinsights_skip_tracking":false,"_monsterinsights_sitenote_active":false,"_monsterinsights_sitenote_note":"","_monsterinsights_sitenote_category":0},"product_brand":[],"product_cat":[13043,19008],"product_tag":[],"class_list":{"0":"post-723632","1":"product","2":"type-product","3":"status-publish","5":"product_cat-ekonomi","6":"product_cat-yonetim","7":"pa_cilt-ciltsiz","8":"pa_tur-kitap","9":"pa_yayinevi-vakifbank-kultur-yayinlari","10":"pa_yazar-charles-wells","12":"first","13":"instock","14":"sale","15":"shipping-taxable","16":"purchasable","17":"product-type-simple"},"_links":{"self":[{"href":"https:\/\/roveyayinevi.com.tr\/index.php\/wp-json\/wp\/v2\/product\/723632","targetHints":{"allow":["GET"]}}],"collection":[{"href":"https:\/\/roveyayinevi.com.tr\/index.php\/wp-json\/wp\/v2\/product"}],"about":[{"href":"https:\/\/roveyayinevi.com.tr\/index.php\/wp-json\/wp\/v2\/types\/product"}],"wp:attachment":[{"href":"https:\/\/roveyayinevi.com.tr\/index.php\/wp-json\/wp\/v2\/media?parent=723632"}],"wp:term":[{"taxonomy":"product_brand","embeddable":true,"href":"https:\/\/roveyayinevi.com.tr\/index.php\/wp-json\/wp\/v2\/product_brand?post=723632"},{"taxonomy":"product_cat","embeddable":true,"href":"https:\/\/roveyayinevi.com.tr\/index.php\/wp-json\/wp\/v2\/product_cat?post=723632"},{"taxonomy":"product_tag","embeddable":true,"href":"https:\/\/roveyayinevi.com.tr\/index.php\/wp-json\/wp\/v2\/product_tag?post=723632"}],"curies":[{"name":"wp","href":"https:\/\/api.w.org\/{rel}","templated":true}]}}