{"id":723628,"date":"2025-08-27T19:21:40","date_gmt":"2025-08-27T16:21:40","guid":{"rendered":"https:\/\/roveyayinevi.com.tr\/index.php\/urun\/dorian-grayin-portresi-10\/"},"modified":"2026-04-12T02:37:31","modified_gmt":"2026-04-11T23:37:31","slug":"dorian-grayin-portresi-10","status":"publish","type":"product","link":"https:\/\/roveyayinevi.com.tr\/index.php\/urun\/dorian-grayin-portresi-10\/","title":{"rendered":"Dorian Gray&#8217;in Portresi"},"content":{"rendered":"<p>Dorian Gray\u2019in Portresi, \u0130rlandal\u0131 roman ve oyun yazar\u0131 Oscar Wilde\u2019\u0131n 1891 tarihli tek roman\u0131d\u0131r. \u0130lk olarak Lippincot\u2019s Monthly Magazine dergisinde tefrika olarak yay\u0131mlanan hik\u00e2ye, edit\u00f6rler taraf\u0131ndan \u201cahlaks\u0131zca\u201d bulunmu\u015f, bas\u0131lmadan \u00f6nce Wilde\u2019\u0131n bilgisi olmaks\u0131z\u0131n be\u015f y\u00fcz kelimesi sans\u00fcrlenmi\u015ftir. Sans\u00fcre ra\u011fmen Dorian Gray\u2019in Portresi \u0130ngiliz kitap ele\u015ftirmenleri taraf\u0131ndan ahlaki de\u011ferleri zedelemekle su\u00e7lanm\u0131\u015f, yazar\u0131na y\u00f6nelik ahlak\u00e7\u0131 ele\u015ftirilerin sebebi olmu\u015ftur. Wilde ise roman olarak bas\u0131lmas\u0131ndan \u00f6nce hik\u00e2yeyi g\u00f6zden ge\u00e7irip geli\u015ftirmi\u015f, bir de roman sanat\u0131yla ilgili veciz bir \u00f6ns\u00f6z eklemi\u015ftir. Elinizdeki bu metin, hik\u00e2yenin sans\u00fcrs\u00fcz ve \u00f6zg\u00fcn halidir.\u201cKelimeler! Sadece kelimeler! Ne kadar da korkun\u00e7tular! Ne kadar a\u00e7\u0131k se\u00e7ik, canl\u0131 ve zalimceydiler! \u0130nsan\u0131n onlardan ka\u00e7\u0131\u015f\u0131 yoktu. Yine de nas\u0131l da fark edilmesi g\u00fc\u00e7 bir sihirleri vard\u0131! Soyut \u015feylere somut bir form kazand\u0131rma yetileri vard\u0131 sanki ve sanki bir viyola ya da lavtan\u0131nki kadar tatl\u0131 bir m\u00fczikleri\u2026 Sadece kelimeler! Kelimeler kadar ger\u00e7ek bir \u015fey var m\u0131yd\u0131?\u201d<\/p>\n","protected":false},"excerpt":{"rendered":"<p>Dorian Gray\u2019in Portresi, \u0130rlandal\u0131 roman ve oyun yazar\u0131 Oscar Wilde\u2019\u0131n 1891 tarihli tek roman\u0131d\u0131r. \u0130lk olarak Lippincot\u2019s Monthly Magazine dergisinde tefrika olarak yay\u0131mlanan hik\u00e2ye, edit\u00f6rler taraf\u0131ndan<span class=\"excerpt-hellip\"> [\u2026]<\/span><\/p>\n","protected":false},"featured_media":0,"template":"","meta":{"_monsterinsights_skip_tracking":false,"_monsterinsights_sitenote_active":false,"_monsterinsights_sitenote_note":"","_monsterinsights_sitenote_category":0},"product_brand":[],"product_cat":[12291,12711],"product_tag":[],"class_list":{"0":"post-723628","1":"product","2":"type-product","3":"status-publish","5":"product_cat-edebiyat","6":"product_cat-roman-oyku","7":"pa_cilt-ciltsiz","8":"pa_tur-kitap","9":"pa_yayinevi-bilgi-yayinevi","10":"pa_yazar-oscar-wilde","12":"first","13":"instock","14":"sale","15":"shipping-taxable","16":"purchasable","17":"product-type-simple"},"_links":{"self":[{"href":"https:\/\/roveyayinevi.com.tr\/index.php\/wp-json\/wp\/v2\/product\/723628","targetHints":{"allow":["GET"]}}],"collection":[{"href":"https:\/\/roveyayinevi.com.tr\/index.php\/wp-json\/wp\/v2\/product"}],"about":[{"href":"https:\/\/roveyayinevi.com.tr\/index.php\/wp-json\/wp\/v2\/types\/product"}],"wp:attachment":[{"href":"https:\/\/roveyayinevi.com.tr\/index.php\/wp-json\/wp\/v2\/media?parent=723628"}],"wp:term":[{"taxonomy":"product_brand","embeddable":true,"href":"https:\/\/roveyayinevi.com.tr\/index.php\/wp-json\/wp\/v2\/product_brand?post=723628"},{"taxonomy":"product_cat","embeddable":true,"href":"https:\/\/roveyayinevi.com.tr\/index.php\/wp-json\/wp\/v2\/product_cat?post=723628"},{"taxonomy":"product_tag","embeddable":true,"href":"https:\/\/roveyayinevi.com.tr\/index.php\/wp-json\/wp\/v2\/product_tag?post=723628"}],"curies":[{"name":"wp","href":"https:\/\/api.w.org\/{rel}","templated":true}]}}