{"id":723625,"date":"2025-08-27T19:21:37","date_gmt":"2025-08-27T16:21:37","guid":{"rendered":"https:\/\/roveyayinevi.com.tr\/index.php\/urun\/harry-potter-sihirli-yaratiklar-boyama-kitabi\/"},"modified":"2026-04-16T02:31:45","modified_gmt":"2026-04-15T23:31:45","slug":"harry-potter-sihirli-yaratiklar-boyama-kitabi","status":"publish","type":"product","link":"https:\/\/roveyayinevi.com.tr\/index.php\/urun\/harry-potter-sihirli-yaratiklar-boyama-kitabi\/","title":{"rendered":"Harry Potter Sihirli Yarat\u0131klar Boyama Kitab\u0131"},"content":{"rendered":"<p>Evcinlerinden Denizhalk\u0131\u2019na, Cornwall Cinperileri\u2019nden ejderhalara, b\u00fcy\u00fcc\u00fcler d\u00fcnyas\u0131 unutulmaz sihirli varl\u0131klara ve ola\u011fan\u00fcst\u00fc canavarlara ev sahipli\u011fi yapar. Harry Potter filmlerinden ilham alan ayr\u0131nt\u0131l\u0131 ill\u00fcstrasyonlarla dolu bu boyama kitab\u0131nda Yasak Orman ve B\u00fcy\u00fck G\u00f6l\u2019\u00fcn yarat\u0131klar\u0131n\u0131n yan\u0131 s\u0131ra ba\u015fka pek \u00e7ok sihirli yarat\u0131kla kar\u015f\u0131la\u015facaks\u0131n\u0131z. \u00dcstelik Harry, Ron ve Hermione\u2019nin Gringotts\u2019tan ejderha s\u0131rt\u0131nda ka\u00e7\u0131\u015flar\u0131n\u0131 tekrar ya\u015fayabilir ve b\u00fcy\u00fcc\u00fcler d\u00fcnyas\u0131nda \u00e7\u0131kaca\u011f\u0131n\u0131z bu m\u00fcthi\u015f yolculukta yarat\u0131k temal\u0131 karma\u015f\u0131k desenleri ke\u015ffe \u00e7\u0131kabilirsiniz. Harry Potter Sihirli Yarat\u0131klar Boyama Kitab\u0131 yarat\u0131c\u0131l\u0131\u011f\u0131n\u0131z\u0131 harekete ge\u00e7irmek i\u00e7in Harry Potter filmlerine haz\u0131rl\u0131k olarak \u00fcretilmi\u015f \u00e7izimlerle filmlerden muhte\u015fem sahneler de i\u00e7eriyor.<\/p>\n","protected":false},"excerpt":{"rendered":"<p>Evcinlerinden Denizhalk\u0131\u2019na, Cornwall Cinperileri\u2019nden ejderhalara, b\u00fcy\u00fcc\u00fcler d\u00fcnyas\u0131 unutulmaz sihirli varl\u0131klara ve ola\u011fan\u00fcst\u00fc canavarlara ev sahipli\u011fi yapar. Harry Potter filmlerinden ilham alan ayr\u0131nt\u0131l\u0131 ill\u00fcstrasyonlarla dolu bu boyama<span class=\"excerpt-hellip\"> [\u2026]<\/span><\/p>\n","protected":false},"featured_media":0,"template":"","meta":{"_monsterinsights_skip_tracking":false,"_monsterinsights_sitenote_active":false,"_monsterinsights_sitenote_note":"","_monsterinsights_sitenote_category":0},"product_brand":[],"product_cat":[12644,12274],"product_tag":[],"class_list":{"0":"post-723625","1":"product","2":"type-product","3":"status-publish","5":"product_cat-boyama-kitaplari","6":"product_cat-cocuk-ve-genclik-kitaplari","7":"pa_cilt-ciltsiz","8":"pa_tur-kitap","9":"pa_yayinevi-yapi-kredi-yayinlari","10":"pa_yazar-kolektif","12":"first","13":"instock","14":"sale","15":"shipping-taxable","16":"purchasable","17":"product-type-simple"},"_links":{"self":[{"href":"https:\/\/roveyayinevi.com.tr\/index.php\/wp-json\/wp\/v2\/product\/723625","targetHints":{"allow":["GET"]}}],"collection":[{"href":"https:\/\/roveyayinevi.com.tr\/index.php\/wp-json\/wp\/v2\/product"}],"about":[{"href":"https:\/\/roveyayinevi.com.tr\/index.php\/wp-json\/wp\/v2\/types\/product"}],"wp:attachment":[{"href":"https:\/\/roveyayinevi.com.tr\/index.php\/wp-json\/wp\/v2\/media?parent=723625"}],"wp:term":[{"taxonomy":"product_brand","embeddable":true,"href":"https:\/\/roveyayinevi.com.tr\/index.php\/wp-json\/wp\/v2\/product_brand?post=723625"},{"taxonomy":"product_cat","embeddable":true,"href":"https:\/\/roveyayinevi.com.tr\/index.php\/wp-json\/wp\/v2\/product_cat?post=723625"},{"taxonomy":"product_tag","embeddable":true,"href":"https:\/\/roveyayinevi.com.tr\/index.php\/wp-json\/wp\/v2\/product_tag?post=723625"}],"curies":[{"name":"wp","href":"https:\/\/api.w.org\/{rel}","templated":true}]}}