{"id":723621,"date":"2025-08-27T19:21:33","date_gmt":"2025-08-27T16:21:33","guid":{"rendered":"https:\/\/roveyayinevi.com.tr\/index.php\/urun\/mafya\/"},"modified":"2026-04-16T02:31:45","modified_gmt":"2026-04-15T23:31:45","slug":"mafya","status":"publish","type":"product","link":"https:\/\/roveyayinevi.com.tr\/index.php\/urun\/mafya\/","title":{"rendered":"Mafya"},"content":{"rendered":"<p>Mafyay\u0131 daha ziyade filmlerden tan\u0131d\u0131k bug\u00fcne dek.  Bilhassa \u201cThe Godfather\u201d (Baba) filminden bu yana herkesin kafas\u0131nda bir mafya imaj\u0131 olu\u015ftu. Corleone ailesinin hik\u00e2yesinden mafyay\u0131 \u00f6\u011freniverdik. \u201cSana reddedemeyece\u011fin bir teklifte bulunaca\u011f\u0131m!\u201d s\u00f6z\u00fcn\u00fc \u00e2deta ezberledik.\u0130yi ama ger\u00e7ekte kimdi bu mafya? Bir avu\u00e7 \u201ck\u00f6t\u00fc adam\u201d\u0131n bir araya gelmesiyle olu\u015fmu\u015f bir \u00e7ete miydi? Hangi tarihsel-sosyal dinamiklerin sonucuydu? Toplum san\u0131ld\u0131\u011f\u0131n\u0131n aksine mafyadan sadece \u201ckorku\u201d mu duyuyordu yoksa mafyaya bir t\u00fcr \u201csayg\u0131\u201d m\u0131 besliyordu? Mafya devletin do\u011furdu\u011fu \u201cbo\u015fluk\u201dlar\u0131 m\u0131 dolduruyordu? Bir \u201cg\u00fc\u00e7 \u015febekesi\u201d olan mafya bu g\u00fcc\u00fc nereden al\u0131yordu?Dahas\u0131 mafya ile devlet hangi noktalarda \u00e7at\u0131\u015ft\u0131, hangi noktalarda uzla\u015ft\u0131? Mafya ile istihbarat servislerinin fl\u00f6rt\u00fc ne zaman ve nas\u0131l ba\u015flad\u0131? Devlet istese mafyay\u0131 yok edemez mi yoksa ba\u015fka bir durum mu var? Yeralt\u0131 ekonomisi b\u00f6yle giderse \u201cnormal ekonomi\u201dyi ge\u00e7ecek mi? Mafya asl\u0131nda bir t\u00fcr \u201ckriminal giri\u015fimci\u201d t\u00fcr\u00fc m\u00fc? Mafya hangi \u201cihtiya\u00e7lar\u201da cevap veriyor?D\u00fcnyada \u00e7e\u015fitli \u00fclkelerin mafyalar\u0131 aras\u0131nda davran\u0131\u015f farklar\u0131 neler? En azg\u0131n mafya hangi \u00fclkede? T\u00fcrk mafyas\u0131n\u0131 Bat\u0131l\u0131 mafyadan ay\u0131ran ne? Mafyan\u0131n \u201cgelecek trendleri\u201d neler? Gelecekte bizi nas\u0131l bir mafya bekliyor? \u0130\u015fte elinizdeki kitapta bu konuyu derinlemesine ara\u015ft\u0131ran Atilla Akar kapsaml\u0131 analizlerle onlarca soruya cevap getiriyor. B\u00f6ylelikle \u201cmafya\u201d somut bir ger\u00e7ekli\u011fe kavu\u015fuyor&#8230;<\/p>\n","protected":false},"excerpt":{"rendered":"<p>Mafyay\u0131 daha ziyade filmlerden tan\u0131d\u0131k bug\u00fcne dek. Bilhassa \u201cThe Godfather\u201d (Baba) filminden bu yana herkesin kafas\u0131nda bir mafya imaj\u0131 olu\u015ftu. Corleone ailesinin hik\u00e2yesinden mafyay\u0131 \u00f6\u011freniverdik. \u201cSana<span class=\"excerpt-hellip\"> [\u2026]<\/span><\/p>\n","protected":false},"featured_media":0,"template":"","meta":{"_monsterinsights_skip_tracking":false,"_monsterinsights_sitenote_active":false,"_monsterinsights_sitenote_note":"","_monsterinsights_sitenote_category":0},"product_brand":[],"product_cat":[13072,12291],"product_tag":[],"class_list":{"0":"post-723621","1":"product","2":"type-product","3":"status-publish","5":"product_cat-arastirma-inceleme-referans","6":"product_cat-edebiyat","7":"pa_cilt-ciltsiz","8":"pa_tur-kitap","9":"pa_yayinevi-profil-kitap","10":"pa_yazar-atilla-akar","12":"first","13":"instock","14":"sale","15":"shipping-taxable","16":"purchasable","17":"product-type-simple"},"_links":{"self":[{"href":"https:\/\/roveyayinevi.com.tr\/index.php\/wp-json\/wp\/v2\/product\/723621","targetHints":{"allow":["GET"]}}],"collection":[{"href":"https:\/\/roveyayinevi.com.tr\/index.php\/wp-json\/wp\/v2\/product"}],"about":[{"href":"https:\/\/roveyayinevi.com.tr\/index.php\/wp-json\/wp\/v2\/types\/product"}],"wp:attachment":[{"href":"https:\/\/roveyayinevi.com.tr\/index.php\/wp-json\/wp\/v2\/media?parent=723621"}],"wp:term":[{"taxonomy":"product_brand","embeddable":true,"href":"https:\/\/roveyayinevi.com.tr\/index.php\/wp-json\/wp\/v2\/product_brand?post=723621"},{"taxonomy":"product_cat","embeddable":true,"href":"https:\/\/roveyayinevi.com.tr\/index.php\/wp-json\/wp\/v2\/product_cat?post=723621"},{"taxonomy":"product_tag","embeddable":true,"href":"https:\/\/roveyayinevi.com.tr\/index.php\/wp-json\/wp\/v2\/product_tag?post=723621"}],"curies":[{"name":"wp","href":"https:\/\/api.w.org\/{rel}","templated":true}]}}