{"id":723620,"date":"2025-08-27T19:21:32","date_gmt":"2025-08-27T16:21:32","guid":{"rendered":"https:\/\/roveyayinevi.com.tr\/index.php\/urun\/katillerle-gecen-omrum\/"},"modified":"2026-04-16T02:31:45","modified_gmt":"2026-04-15T23:31:45","slug":"katillerle-gecen-omrum","status":"publish","type":"product","link":"https:\/\/roveyayinevi.com.tr\/index.php\/urun\/katillerle-gecen-omrum\/","title":{"rendered":"Katillerle Ge\u00e7en \u00d6mr\u00fcm"},"content":{"rendered":"<p>\u201cT\u00fcm profesyonel hayat\u0131m\u0131 cani insanlarla \u00e7al\u0131\u015farak ge\u00e7irdim. \u00d6zellikle de adam \u00f6ld\u00fcren, y\u0131llarca unutulmayan, pop\u00fcler cazibesi olan, seri cinayetler i\u015fleyen insanlarla. Bu bahsetti\u011fim t\u00fcm katillerle bazen \u00e7ay, bazen daha sert \u015feyler i\u00e7tim, h\u00fccrelerinde onlarla \u015fakala\u015ft\u0131m, g\u00f6zlerinin i\u00e7ine bakarak onlar\u0131n yalanc\u0131 ya da psikopat olduklar\u0131n\u0131 s\u00f6yledim ve baz\u0131lar\u0131n\u0131n parmakl\u0131klar arkas\u0131nda olmas\u0131n\u0131 sa\u011flad\u0131m veya daha al\u0131\u015f\u0131lageldik \u015fekliyle, onlar\u0131 i\u00e7eride tutan s\u00fcrecin bir par\u00e7as\u0131 oldum.\u201dKatillerle Ge\u00e7en \u00d6mr\u00fcm, David Wilson\u2019\u0131n idealist hapishane m\u00fcd\u00fcrl\u00fc\u011f\u00fcnden, uzman kriminolog ve profes\u00f6rl\u00fc\u011fe uzanan hik\u00e2yesi\u2026 Wilson, kan donduran olaylarla bu \u015fa\u015f\u0131rt\u0131c\u0131 ara\u015ft\u0131rmas\u0131yla insan\u0131n g\u00f6rmekten ka\u00e7\u0131nd\u0131\u011f\u0131m\u0131z karanl\u0131k ve t\u00fcyler \u00fcrpertici taraf\u0131n\u0131 g\u00f6zler \u00f6n\u00fcne seriyor.<\/p>\n","protected":false},"excerpt":{"rendered":"<p>\u201cT\u00fcm profesyonel hayat\u0131m\u0131 cani insanlarla \u00e7al\u0131\u015farak ge\u00e7irdim. \u00d6zellikle de adam \u00f6ld\u00fcren, y\u0131llarca unutulmayan, pop\u00fcler cazibesi olan, seri cinayetler i\u015fleyen insanlarla. Bu bahsetti\u011fim t\u00fcm katillerle bazen \u00e7ay,<span class=\"excerpt-hellip\"> [\u2026]<\/span><\/p>\n","protected":false},"featured_media":0,"template":"","meta":{"_monsterinsights_skip_tracking":false,"_monsterinsights_sitenote_active":false,"_monsterinsights_sitenote_note":"","_monsterinsights_sitenote_category":0},"product_brand":[],"product_cat":[12291,12711],"product_tag":[],"class_list":{"0":"post-723620","1":"product","2":"type-product","3":"status-publish","5":"product_cat-edebiyat","6":"product_cat-roman-oyku","7":"pa_cilt-ciltsiz","8":"pa_tur-kitap","9":"pa_yayinevi-profil-kitap","10":"pa_yazar-david-wilson","12":"first","13":"instock","14":"sale","15":"shipping-taxable","16":"purchasable","17":"product-type-simple"},"_links":{"self":[{"href":"https:\/\/roveyayinevi.com.tr\/index.php\/wp-json\/wp\/v2\/product\/723620","targetHints":{"allow":["GET"]}}],"collection":[{"href":"https:\/\/roveyayinevi.com.tr\/index.php\/wp-json\/wp\/v2\/product"}],"about":[{"href":"https:\/\/roveyayinevi.com.tr\/index.php\/wp-json\/wp\/v2\/types\/product"}],"wp:attachment":[{"href":"https:\/\/roveyayinevi.com.tr\/index.php\/wp-json\/wp\/v2\/media?parent=723620"}],"wp:term":[{"taxonomy":"product_brand","embeddable":true,"href":"https:\/\/roveyayinevi.com.tr\/index.php\/wp-json\/wp\/v2\/product_brand?post=723620"},{"taxonomy":"product_cat","embeddable":true,"href":"https:\/\/roveyayinevi.com.tr\/index.php\/wp-json\/wp\/v2\/product_cat?post=723620"},{"taxonomy":"product_tag","embeddable":true,"href":"https:\/\/roveyayinevi.com.tr\/index.php\/wp-json\/wp\/v2\/product_tag?post=723620"}],"curies":[{"name":"wp","href":"https:\/\/api.w.org\/{rel}","templated":true}]}}