{"id":723619,"date":"2025-08-27T19:21:31","date_gmt":"2025-08-27T16:21:31","guid":{"rendered":"https:\/\/roveyayinevi.com.tr\/index.php\/urun\/elmas-yagmuru\/"},"modified":"2026-04-16T02:31:45","modified_gmt":"2026-04-15T23:31:45","slug":"elmas-yagmuru","status":"publish","type":"product","link":"https:\/\/roveyayinevi.com.tr\/index.php\/urun\/elmas-yagmuru\/","title":{"rendered":"Elmas Ya\u011fmuru"},"content":{"rendered":"<p>Uzay\u0131n derinliklerinde Gezgin Perde ve m\u00fcrettebat\u0131n\u0131n ba\u015f\u0131 yine b\u00fcy\u00fck dertlere giriyor. Kara deli\u011fe yakalanmaktan son anda kurtulan uzay k\u00e2\u015fifleri, bu kez D\u00fcnya\u2019ya do\u011fru h\u0131zla yol alan bir y\u0131ld\u0131z\u0131 durdurmak zorundalar. Fakat bu felaketi \u00f6nlemek i\u00e7in \u00e7ok az zaman var. Oort bulutunun i\u00e7ine saklad\u0131klar\u0131 Elmas Gezegen, D\u00fcnya\u2019y\u0131 b\u00fcy\u00fck \u00e7arp\u0131\u015fmadan kurtarabilecek mi?Elmas Ya\u011fmuru, \u00fc\u00e7 farkl\u0131 hik\u00e2yeyle gen\u00e7 okurlar\u0131 uzay ve bilime dolu s\u00fcr\u00fckleyici bir maceraya davet ediyor!<\/p>\n","protected":false},"excerpt":{"rendered":"<p>Uzay\u0131n derinliklerinde Gezgin Perde ve m\u00fcrettebat\u0131n\u0131n ba\u015f\u0131 yine b\u00fcy\u00fck dertlere giriyor. Kara deli\u011fe yakalanmaktan son anda kurtulan uzay k\u00e2\u015fifleri, bu kez D\u00fcnya\u2019ya do\u011fru h\u0131zla yol alan<span class=\"excerpt-hellip\"> [\u2026]<\/span><\/p>\n","protected":false},"featured_media":0,"template":"","meta":{"_monsterinsights_skip_tracking":false,"_monsterinsights_sitenote_active":false,"_monsterinsights_sitenote_note":"","_monsterinsights_sitenote_category":0},"product_brand":[],"product_cat":[12274,12284],"product_tag":[],"class_list":{"0":"post-723619","1":"product","2":"type-product","3":"status-publish","5":"product_cat-cocuk-ve-genclik-kitaplari","6":"product_cat-hikayeler","7":"pa_cilt-ciltsiz","8":"pa_tur-kitap","9":"pa_yayinevi-genc-timas","10":"pa_yazar-zubeyir-tokgoz","12":"first","13":"instock","14":"sale","15":"shipping-taxable","16":"purchasable","17":"product-type-simple"},"_links":{"self":[{"href":"https:\/\/roveyayinevi.com.tr\/index.php\/wp-json\/wp\/v2\/product\/723619","targetHints":{"allow":["GET"]}}],"collection":[{"href":"https:\/\/roveyayinevi.com.tr\/index.php\/wp-json\/wp\/v2\/product"}],"about":[{"href":"https:\/\/roveyayinevi.com.tr\/index.php\/wp-json\/wp\/v2\/types\/product"}],"wp:attachment":[{"href":"https:\/\/roveyayinevi.com.tr\/index.php\/wp-json\/wp\/v2\/media?parent=723619"}],"wp:term":[{"taxonomy":"product_brand","embeddable":true,"href":"https:\/\/roveyayinevi.com.tr\/index.php\/wp-json\/wp\/v2\/product_brand?post=723619"},{"taxonomy":"product_cat","embeddable":true,"href":"https:\/\/roveyayinevi.com.tr\/index.php\/wp-json\/wp\/v2\/product_cat?post=723619"},{"taxonomy":"product_tag","embeddable":true,"href":"https:\/\/roveyayinevi.com.tr\/index.php\/wp-json\/wp\/v2\/product_tag?post=723619"}],"curies":[{"name":"wp","href":"https:\/\/api.w.org\/{rel}","templated":true}]}}