{"id":723618,"date":"2025-08-27T19:21:30","date_gmt":"2025-08-27T16:21:30","guid":{"rendered":"https:\/\/roveyayinevi.com.tr\/index.php\/urun\/ataturkun-unutulmaz-roportajlari\/"},"modified":"2026-04-16T02:31:45","modified_gmt":"2026-04-15T23:31:45","slug":"ataturkun-unutulmaz-roportajlari","status":"publish","type":"product","link":"https:\/\/roveyayinevi.com.tr\/index.php\/urun\/ataturkun-unutulmaz-roportajlari\/","title":{"rendered":"Atat\u00fcrk\u2019\u00fcn Unutulmaz R\u00f6portajlar\u0131"},"content":{"rendered":"<p>Atat\u00fcrk\u2019\u00fcn \u00fclke ve d\u00fcnya sorunlar\u0131na,  ge\u00e7mi\u015f ve gelece\u011fe bak\u0131\u015f\u0131, \u00f6zel hayat\u0131n\u0131n bilinmeyen detaylar\u0131&#8230;   &#8211; Annesini niye \u00fczd\u00fc? &#8211; Neden \u201cOrdular y\u00f6nettim bir kad\u0131n\u0131 y\u00f6netemedim.\u201d dedi? &#8211; Pi\u015fmanl\u0131klar\u0131 neydi? &#8211; Kimleri \u00f6rnek ald\u0131? &#8211; \u0130slamiyet\u2019e bak\u0131\u015f\u0131 nas\u0131ld\u0131? &#8211; Tutuklanma pahas\u0131na neden gazetecilik yapt\u0131? &#8211; Halife olmak istiyor muydu? &#8211; ABD, Rusya ve \u0130ngiltere\u2019ye nas\u0131l bak\u0131yordu? &#8211; Ruhban Okulu\u2019na neden \u2018fitne yuvas\u0131\u2019 dedi? &#8211; Hem Cumhurba\u015fkan\u0131 hem CHP Ba\u015fkan\u0131 olmay\u0131 do\u011fru buluyor muydu? &#8211; \u201cPolitikadan \u00e7ekilece\u011fim\u201d s\u00f6z\u00fcn\u00fc niye s\u00f6yledi? &#8211; Demokrasiye inan\u0131yor muydu? <\/p>\n","protected":false},"excerpt":{"rendered":"<p>Atat\u00fcrk\u2019\u00fcn \u00fclke ve d\u00fcnya sorunlar\u0131na, ge\u00e7mi\u015f ve gelece\u011fe bak\u0131\u015f\u0131, \u00f6zel hayat\u0131n\u0131n bilinmeyen detaylar\u0131&#8230; &#8211; Annesini niye \u00fczd\u00fc? &#8211; Neden \u201cOrdular y\u00f6nettim bir kad\u0131n\u0131 y\u00f6netemedim.\u201d dedi? &#8211;<span class=\"excerpt-hellip\"> [\u2026]<\/span><\/p>\n","protected":false},"featured_media":0,"template":"","meta":{"_monsterinsights_skip_tracking":false,"_monsterinsights_sitenote_active":false,"_monsterinsights_sitenote_note":"","_monsterinsights_sitenote_category":0},"product_brand":[],"product_cat":[12530,12304],"product_tag":[],"class_list":{"0":"post-723618","1":"product","2":"type-product","3":"status-publish","5":"product_cat-mustafa-kemal-ataturk","6":"product_cat-tarih","7":"pa_cilt-ciltsiz","8":"pa_tur-kitap","9":"pa_yayinevi-yade-yayinlari","10":"pa_yazar-omer-sahin","12":"first","13":"instock","14":"sale","15":"shipping-taxable","16":"purchasable","17":"product-type-simple"},"_links":{"self":[{"href":"https:\/\/roveyayinevi.com.tr\/index.php\/wp-json\/wp\/v2\/product\/723618","targetHints":{"allow":["GET"]}}],"collection":[{"href":"https:\/\/roveyayinevi.com.tr\/index.php\/wp-json\/wp\/v2\/product"}],"about":[{"href":"https:\/\/roveyayinevi.com.tr\/index.php\/wp-json\/wp\/v2\/types\/product"}],"wp:attachment":[{"href":"https:\/\/roveyayinevi.com.tr\/index.php\/wp-json\/wp\/v2\/media?parent=723618"}],"wp:term":[{"taxonomy":"product_brand","embeddable":true,"href":"https:\/\/roveyayinevi.com.tr\/index.php\/wp-json\/wp\/v2\/product_brand?post=723618"},{"taxonomy":"product_cat","embeddable":true,"href":"https:\/\/roveyayinevi.com.tr\/index.php\/wp-json\/wp\/v2\/product_cat?post=723618"},{"taxonomy":"product_tag","embeddable":true,"href":"https:\/\/roveyayinevi.com.tr\/index.php\/wp-json\/wp\/v2\/product_tag?post=723618"}],"curies":[{"name":"wp","href":"https:\/\/api.w.org\/{rel}","templated":true}]}}