{"id":723617,"date":"2025-08-27T19:21:29","date_gmt":"2025-08-27T16:21:29","guid":{"rendered":"https:\/\/roveyayinevi.com.tr\/index.php\/urun\/hayat-zor-diye-s-ahtekar-mi-olacagiz\/"},"modified":"2026-04-16T02:31:45","modified_gmt":"2026-04-15T23:31:45","slug":"hayat-zor-diye-s-ahtekar-mi-olacagiz","status":"publish","type":"product","link":"https:\/\/roveyayinevi.com.tr\/index.php\/urun\/hayat-zor-diye-s-ahtekar-mi-olacagiz\/","title":{"rendered":"Hayat Zor Diye S ahtekar m\u0131 Olaca\u011f\u0131z?"},"content":{"rendered":"<p>Bir masal\u0131n i\u00e7inde miyiz ne? Her \u015fey o kadar sa\u00e7ma ve sanal ki! K\u00f6t\u00fc bir b\u00fcy\u00fcc\u00fc renkleri \u00e7alm\u0131\u015f elimizden\u2026 \u00c7i\u00e7ekleri, g\u00fclleri yok etti\u011fi gibi g\u00f6ky\u00fcz\u00fcn\u00fcn ve denizlerin mavili\u011fini de \u00e7ok g\u00f6rm\u00fc\u015f! En k\u00f6t\u00fcs\u00fc de duygulara yap\u0131lanlar! Duygular\u0131m\u0131z \u201cDuygusuzla\u015ft\u0131r\u0131lm\u0131\u015f!\u201d \u0130nsan\u0131 duygular\u0131ndan ar\u0131nd\u0131rd\u0131\u011f\u0131n\u0131zda geriye ne kal\u0131r ki? Her \u015fey ama her \u015fey bizi \u201cbencil\u201d yapmak i\u00e7in u\u011fra\u015f\u0131yor. A\u011fustos b\u00f6ce\u011finin tedbirsizli\u011fi bir kusur olarak yerilirken kar\u0131ncan\u0131n bencilli\u011fi y\u00fcceltiliyor. \u201cPayla\u015fmak\u201d hi\u00e7le\u015ftiriliyorken, ne pahas\u0131na olursa olsun \u201ckazanmak\u201d kutsan\u0131yor. \u201cT\u00fcketti\u011fin kadar vars\u0131n!\u201d s\u00f6ylemi, sahte bir dinin ament\u00fcs\u00fc gibi dayat\u0131l\u0131yor. Masal\u0131m\u0131z\u0131n devleri de var, \u00e7\u00f6lleri, da\u011flar\u0131 da\u2026 Ve iyi kalpli, do\u011fru davaran\u0131\u015fl\u0131 insanlar\u0131 da\u2026 Hayat\u0131n zor oldu\u011funun bilincinde olan bu g\u00fczel insanlar b\u00fcy\u00fcc\u00fcye de devlere de bencillere de kar\u015f\u0131 koyuyor\u2026 Hayat\u0131n zorlu\u011funu bahane etmeyip, sah*tekar olmayan insanlar! <\/p>\n","protected":false},"excerpt":{"rendered":"<p>Bir masal\u0131n i\u00e7inde miyiz ne? Her \u015fey o kadar sa\u00e7ma ve sanal ki! K\u00f6t\u00fc bir b\u00fcy\u00fcc\u00fc renkleri \u00e7alm\u0131\u015f elimizden\u2026 \u00c7i\u00e7ekleri, g\u00fclleri yok etti\u011fi gibi g\u00f6ky\u00fcz\u00fcn\u00fcn ve<span class=\"excerpt-hellip\"> [\u2026]<\/span><\/p>\n","protected":false},"featured_media":0,"template":"","meta":{"_monsterinsights_skip_tracking":false,"_monsterinsights_sitenote_active":false,"_monsterinsights_sitenote_note":"","_monsterinsights_sitenote_category":0},"product_brand":[],"product_cat":[12777,12291],"product_tag":[],"class_list":{"0":"post-723617","1":"product","2":"type-product","3":"status-publish","5":"product_cat-deneme","6":"product_cat-edebiyat","7":"pa_cilt-ciltsiz","8":"pa_tur-kitap","9":"pa_yayinevi-yade-yayinlari","10":"pa_yazar-hakan-pala","12":"first","13":"instock","14":"sale","15":"shipping-taxable","16":"purchasable","17":"product-type-simple"},"_links":{"self":[{"href":"https:\/\/roveyayinevi.com.tr\/index.php\/wp-json\/wp\/v2\/product\/723617","targetHints":{"allow":["GET"]}}],"collection":[{"href":"https:\/\/roveyayinevi.com.tr\/index.php\/wp-json\/wp\/v2\/product"}],"about":[{"href":"https:\/\/roveyayinevi.com.tr\/index.php\/wp-json\/wp\/v2\/types\/product"}],"wp:attachment":[{"href":"https:\/\/roveyayinevi.com.tr\/index.php\/wp-json\/wp\/v2\/media?parent=723617"}],"wp:term":[{"taxonomy":"product_brand","embeddable":true,"href":"https:\/\/roveyayinevi.com.tr\/index.php\/wp-json\/wp\/v2\/product_brand?post=723617"},{"taxonomy":"product_cat","embeddable":true,"href":"https:\/\/roveyayinevi.com.tr\/index.php\/wp-json\/wp\/v2\/product_cat?post=723617"},{"taxonomy":"product_tag","embeddable":true,"href":"https:\/\/roveyayinevi.com.tr\/index.php\/wp-json\/wp\/v2\/product_tag?post=723617"}],"curies":[{"name":"wp","href":"https:\/\/api.w.org\/{rel}","templated":true}]}}