{"id":723616,"date":"2025-08-27T19:21:28","date_gmt":"2025-08-27T16:21:28","guid":{"rendered":"https:\/\/roveyayinevi.com.tr\/index.php\/urun\/malazgirt-1071\/"},"modified":"2026-04-16T02:31:45","modified_gmt":"2026-04-15T23:31:45","slug":"malazgirt-1071","status":"publish","type":"product","link":"https:\/\/roveyayinevi.com.tr\/index.php\/urun\/malazgirt-1071\/","title":{"rendered":"Malazgirt 1071"},"content":{"rendered":"<p>Tarih\u00ee ger\u00e7eklerin bir \u201cmadd\u00ee\u201d d\u0131\u015f y\u00fcz\u00fc bir de \u00f6z\u00fcnde gizli, \u201cmanev\u00ee\u201d i\u00e7 y\u00fcz\u00fc vard\u0131r. Malazgirt Sava\u015f\u0131\u2019n\u0131n anla\u015f\u0131labilmesi (bilinebilmesi de\u011fil) i\u00e7in, \u201cMalazgirt\u2019e y\u00f6nelik bir yakla\u015f\u0131m ortaya koyarak sava\u015f\u0131n madd\u00ee \u015fartlar\u0131n\u0131 d\u00f6nemin birincil kaynaklar\u0131ndan hareketle tespit etmek, sahih, do\u011fru belgelere ba\u011fl\u0131 ger\u00e7ek bilgisini edinmek, tarihin madd\u00ee ve manev\u00ee etkenlerinin \u201ctarihin mant\u0131\u011f\u0131\u201dyla sentezini yapmak gerekir. Bu kitap, O\u011fuz Ka\u011fan Destan\u0131\u2019ndaki gibi, \u201cK\u00fcn tu\u011f bolg\u0131l, k\u00f6k kur\u0131kan\u201d (G\u00fcne\u015f tu\u011f olsun, g\u00f6k \u00e7ad\u0131r) diyerek Asya bozk\u0131rlar\u0131ndan T\u00fcrkistan, M\u00e2ver\u00e2\u00fcnnehr ve Horasan\u2019dan yola \u00e7\u0131kan ve denize ula\u015fman\u0131n \u00f6zlem ve idealiyle \u201cTak\u0131 taluy, tak\u0131 m\u00fcren\u201d (Daha deniz, daha \u0131rmak) diye devam ederek Anadolu\u2019ya gelen T\u00fcrklerin, Asya\u2019daki \u201cHun-G\u00f6kt\u00fcrk-Sel\u00e7uklu\u201d \u00e7izgisinin bir devam\u0131 olarak \u00d6n Asya\u2019da \u201cSel\u00e7uklu-Osmanl\u0131-Cumhuriyet\u201d \u00e7izgisinde olu\u015fan; bir ucunda Hun ve G\u00f6kt\u00fcrk, tam ortas\u0131nda Sel\u00e7uklu ve \u00f6b\u00fcr ucundaysa Osmanl\u0131\u2019n\u0131n durdu\u011fu ve bu \u00fc\u00e7 tarih\u00ee dura\u011f\u0131 birbirine ve Cumhuriyet\u2019imize ba\u011flayan hatt\u0131n O\u011fuz oldu\u011fu; Anadolu\u2019daki, T\u00fcrkiye\u2019deki varl\u0131\u011f\u0131m\u0131z ve medeniyetimizin \u201cmill\u00ee, \u0130sl\u00e2m\u00ee ve insan\u00ee esaslar\u0131\u201d y\u00f6n\u00fcnden 21. y\u00fczy\u0131l\u0131n \u015fafa\u011f\u0131nda yepyeni bir \u00e7a\u011f\u0131n ba\u015flamakta oldu\u011fu ve bu \u00e7a\u011f\u0131n T\u00fcrkiye, T\u00fcrk d\u00fcnyas\u0131 ve \u0130sl\u00e2m \u00e2lemi i\u00e7in yeni bir hamle, yeni bir y\u00fckseli\u015f evresi olaca\u011f\u0131 ve bu m\u00fcbarek vatan\u0131n te\u015fekk\u00fcl\u00fcnde led\u00fcnn\u00ee bir s\u0131rr\u0131n gizli oldu\u011fu inanc\u0131yla kaleme al\u0131nm\u0131\u015ft\u0131r.<\/p>\n","protected":false},"excerpt":{"rendered":"<p>Tarih\u00ee ger\u00e7eklerin bir \u201cmadd\u00ee\u201d d\u0131\u015f y\u00fcz\u00fc bir de \u00f6z\u00fcnde gizli, \u201cmanev\u00ee\u201d i\u00e7 y\u00fcz\u00fc vard\u0131r. Malazgirt Sava\u015f\u0131\u2019n\u0131n anla\u015f\u0131labilmesi (bilinebilmesi de\u011fil) i\u00e7in, \u201cMalazgirt\u2019e y\u00f6nelik bir yakla\u015f\u0131m ortaya koyarak<span class=\"excerpt-hellip\"> [\u2026]<\/span><\/p>\n","protected":false},"featured_media":0,"template":"","meta":{"_monsterinsights_skip_tracking":false,"_monsterinsights_sitenote_active":false,"_monsterinsights_sitenote_note":"","_monsterinsights_sitenote_category":0},"product_brand":[],"product_cat":[12304,13650],"product_tag":[],"class_list":{"0":"post-723616","1":"product","2":"type-product","3":"status-publish","5":"product_cat-tarih","6":"product_cat-turk-tarihi-arastirmalari","7":"pa_cilt-ciltsiz","8":"pa_tur-kitap","9":"pa_yayinevi-otuken-nesriyat","10":"pa_yazar-oguz-unal","12":"first","13":"instock","14":"sale","15":"shipping-taxable","16":"purchasable","17":"product-type-simple"},"_links":{"self":[{"href":"https:\/\/roveyayinevi.com.tr\/index.php\/wp-json\/wp\/v2\/product\/723616","targetHints":{"allow":["GET"]}}],"collection":[{"href":"https:\/\/roveyayinevi.com.tr\/index.php\/wp-json\/wp\/v2\/product"}],"about":[{"href":"https:\/\/roveyayinevi.com.tr\/index.php\/wp-json\/wp\/v2\/types\/product"}],"wp:attachment":[{"href":"https:\/\/roveyayinevi.com.tr\/index.php\/wp-json\/wp\/v2\/media?parent=723616"}],"wp:term":[{"taxonomy":"product_brand","embeddable":true,"href":"https:\/\/roveyayinevi.com.tr\/index.php\/wp-json\/wp\/v2\/product_brand?post=723616"},{"taxonomy":"product_cat","embeddable":true,"href":"https:\/\/roveyayinevi.com.tr\/index.php\/wp-json\/wp\/v2\/product_cat?post=723616"},{"taxonomy":"product_tag","embeddable":true,"href":"https:\/\/roveyayinevi.com.tr\/index.php\/wp-json\/wp\/v2\/product_tag?post=723616"}],"curies":[{"name":"wp","href":"https:\/\/api.w.org\/{rel}","templated":true}]}}