{"id":723615,"date":"2025-08-27T19:21:27","date_gmt":"2025-08-27T16:21:27","guid":{"rendered":"https:\/\/roveyayinevi.com.tr\/index.php\/urun\/iz-3\/"},"modified":"2026-04-16T02:31:45","modified_gmt":"2026-04-15T23:31:45","slug":"iz-3","status":"publish","type":"product","link":"https:\/\/roveyayinevi.com.tr\/index.php\/urun\/iz-3\/","title":{"rendered":"\u0130z"},"content":{"rendered":"<p>gitmek\u2026 uzun, sonu g\u00f6r\u00fcnmeyen bir yola gitmek usulca\u2026 hi\u00e7 acelesiz bir yola gitmek ye\u015filin her rengi e\u015flik ederken ruhuna g\u00f6kten s\u00fcz\u00fclen nurla bozk\u0131r\u0131n yamac\u0131nda binlerce leb- i lal- i m\u00fctebessim ve ufukta belli belirsiz d\u00eede- i y\u00e2r <\/p>\n","protected":false},"excerpt":{"rendered":"<p>gitmek\u2026 uzun, sonu g\u00f6r\u00fcnmeyen bir yola gitmek usulca\u2026 hi\u00e7 acelesiz bir yola gitmek ye\u015filin her rengi e\u015flik ederken ruhuna g\u00f6kten s\u00fcz\u00fclen nurla bozk\u0131r\u0131n yamac\u0131nda binlerce leb-<span class=\"excerpt-hellip\"> [\u2026]<\/span><\/p>\n","protected":false},"featured_media":0,"template":"","meta":{"_monsterinsights_skip_tracking":false,"_monsterinsights_sitenote_active":false,"_monsterinsights_sitenote_note":"","_monsterinsights_sitenote_category":0},"product_brand":[],"product_cat":[12291,12509],"product_tag":[],"class_list":{"0":"post-723615","1":"product","2":"type-product","3":"status-publish","5":"product_cat-edebiyat","6":"product_cat-siir","7":"pa_cilt-ciltsiz","8":"pa_tur-kitap","9":"pa_yayinevi-nar-agaci-yayinlari","10":"pa_yazar-ilknur-kazakli","12":"first","13":"instock","14":"sale","15":"shipping-taxable","16":"purchasable","17":"product-type-simple"},"_links":{"self":[{"href":"https:\/\/roveyayinevi.com.tr\/index.php\/wp-json\/wp\/v2\/product\/723615","targetHints":{"allow":["GET"]}}],"collection":[{"href":"https:\/\/roveyayinevi.com.tr\/index.php\/wp-json\/wp\/v2\/product"}],"about":[{"href":"https:\/\/roveyayinevi.com.tr\/index.php\/wp-json\/wp\/v2\/types\/product"}],"wp:attachment":[{"href":"https:\/\/roveyayinevi.com.tr\/index.php\/wp-json\/wp\/v2\/media?parent=723615"}],"wp:term":[{"taxonomy":"product_brand","embeddable":true,"href":"https:\/\/roveyayinevi.com.tr\/index.php\/wp-json\/wp\/v2\/product_brand?post=723615"},{"taxonomy":"product_cat","embeddable":true,"href":"https:\/\/roveyayinevi.com.tr\/index.php\/wp-json\/wp\/v2\/product_cat?post=723615"},{"taxonomy":"product_tag","embeddable":true,"href":"https:\/\/roveyayinevi.com.tr\/index.php\/wp-json\/wp\/v2\/product_tag?post=723615"}],"curies":[{"name":"wp","href":"https:\/\/api.w.org\/{rel}","templated":true}]}}