{"id":723612,"date":"2025-08-27T19:21:25","date_gmt":"2025-08-27T16:21:25","guid":{"rendered":"https:\/\/roveyayinevi.com.tr\/index.php\/urun\/muhasebe-alaninda-spesifik-konular\/"},"modified":"2026-04-16T02:31:45","modified_gmt":"2026-04-15T23:31:45","slug":"muhasebe-alaninda-spesifik-konular","status":"publish","type":"product","link":"https:\/\/roveyayinevi.com.tr\/index.php\/urun\/muhasebe-alaninda-spesifik-konular\/","title":{"rendered":"Muhasebe Alan\u0131nda Spesifik Konular"},"content":{"rendered":"<p>\u0130\u00e7indekiler 1.Bili\u015fim Teknolojilerinindenetime Etkisi : Denetim 4.0 2.Kalite Maliyetlerinin Muhasebele\u015ftirilmesi 3.T\u00fcrkiye Muhasebe Standartlar\u0131 \u00c7er\u00e7evesinde Korunma Muhasebesi 4.\u0130nsan Kaynaklar\u0131 Muhasebesinin Do\u011fas\u0131 Ve \u00d6nemi : Bankac\u0131l\u0131k Sekt\u00f6r\u00fc \u00dczerine Bir Ara\u015ft\u0131rma 5.Raporlaman\u0131n Bug\u00fcn\u00fc : Entegre Raporlama 6.Muhasebe E\u011fitimi Alan \u0130ibf \u0130\u015fletme B\u00f6l\u00fcm\u00fc \u00d6\u011frencilerinin Muhasebe Meslek Eti\u011fi Alg\u0131s\u0131 : A\u011fr\u0131 \u0130brahim \u00c7e\u00e7en \u00dcniversitesi \u00d6rne\u011fi 7.Uluslararas\u0131 Muhasebe Standartlar\u0131na G\u00f6re Karbon Muhasebesi Ve T\u00fcrkiye Uygulanabilirli\u011fi 8.Finansal Raporlamada Ortak Sunum : Geni\u015fletilebilir \u0130\u015fletme Raporlama Dili (Xbrl) 9.Muhasebe Standartlar\u0131 Ve Vergi Mevzuat A\u00e7\u0131s\u0131ndan Maddi Duran Varl\u0131klarda Amortisman Y\u00f6ntemlerinin \u0130ncelenmesi 10. Maliyet-Hacim Kar Analizlerine Genel Bir Bak\u0131\u015f 11. Kaizen Maliyetleme Y\u00f6ntemi 12. Muhasebe Meslek Mensuplar\u0131n\u0131n Muhasebe Paket Program\u0131 Kullan\u0131m\u0131 Tercihinde Etki Eden Fakt\u00f6rler : Odak Grup \u00c7al\u0131\u015fmas\u0131<\/p>\n","protected":false},"excerpt":{"rendered":"<p>\u0130\u00e7indekiler 1.Bili\u015fim Teknolojilerinindenetime Etkisi : Denetim 4.0 2.Kalite Maliyetlerinin Muhasebele\u015ftirilmesi 3.T\u00fcrkiye Muhasebe Standartlar\u0131 \u00c7er\u00e7evesinde Korunma Muhasebesi 4.\u0130nsan Kaynaklar\u0131 Muhasebesinin Do\u011fas\u0131 Ve \u00d6nemi : Bankac\u0131l\u0131k Sekt\u00f6r\u00fc \u00dczerine<span class=\"excerpt-hellip\"> [\u2026]<\/span><\/p>\n","protected":false},"featured_media":0,"template":"","meta":{"_monsterinsights_skip_tracking":false,"_monsterinsights_sitenote_active":false,"_monsterinsights_sitenote_note":"","_monsterinsights_sitenote_category":0},"product_brand":[],"product_cat":[13043,14381],"product_tag":[],"class_list":{"0":"post-723612","1":"product","2":"type-product","3":"status-publish","5":"product_cat-ekonomi","6":"product_cat-isletme-muhasebe-maliye","7":"pa_cilt-ciltsiz","8":"pa_tur-kitap","9":"pa_yayinevi-gazi-kitabevi","10":"pa_yazar-unal-gulhan-aliriza-ag","12":"first","13":"instock","14":"sale","15":"shipping-taxable","16":"purchasable","17":"product-type-simple"},"_links":{"self":[{"href":"https:\/\/roveyayinevi.com.tr\/index.php\/wp-json\/wp\/v2\/product\/723612","targetHints":{"allow":["GET"]}}],"collection":[{"href":"https:\/\/roveyayinevi.com.tr\/index.php\/wp-json\/wp\/v2\/product"}],"about":[{"href":"https:\/\/roveyayinevi.com.tr\/index.php\/wp-json\/wp\/v2\/types\/product"}],"wp:attachment":[{"href":"https:\/\/roveyayinevi.com.tr\/index.php\/wp-json\/wp\/v2\/media?parent=723612"}],"wp:term":[{"taxonomy":"product_brand","embeddable":true,"href":"https:\/\/roveyayinevi.com.tr\/index.php\/wp-json\/wp\/v2\/product_brand?post=723612"},{"taxonomy":"product_cat","embeddable":true,"href":"https:\/\/roveyayinevi.com.tr\/index.php\/wp-json\/wp\/v2\/product_cat?post=723612"},{"taxonomy":"product_tag","embeddable":true,"href":"https:\/\/roveyayinevi.com.tr\/index.php\/wp-json\/wp\/v2\/product_tag?post=723612"}],"curies":[{"name":"wp","href":"https:\/\/api.w.org\/{rel}","templated":true}]}}