{"id":723611,"date":"2025-08-27T19:21:25","date_gmt":"2025-08-27T16:21:25","guid":{"rendered":"https:\/\/roveyayinevi.com.tr\/index.php\/urun\/kriz-yonetimi-kacinilmazi-anlamak\/"},"modified":"2026-04-16T02:31:45","modified_gmt":"2026-04-15T23:31:45","slug":"kriz-yonetimi-kacinilmazi-anlamak","status":"publish","type":"product","link":"https:\/\/roveyayinevi.com.tr\/index.php\/urun\/kriz-yonetimi-kacinilmazi-anlamak\/","title":{"rendered":"Kriz Y\u00f6netimi &#8211; Ka\u00e7\u0131n\u0131lmaz\u0131 Anlamak"},"content":{"rendered":"<p>Kriz bir ihtimal olmay\u0131p, ka\u00e7\u0131n\u0131lmazd\u0131r. Zincirleme etkisi ile de hem i\u00e7 hem d\u0131\u015f payda\u015flara farkl\u0131 bi\u00e7imlerde tesir eder. Bu \u00e7al\u0131\u015fman\u0131n amac\u0131, k\u00fcresel \u00e7a\u011fda ya\u015fanan krizlere kar\u015f\u0131 al\u0131nan \u00f6nlemler \u00e7er\u00e7evesinde son d\u00f6nemde benimsenen kriz y\u00f6netiminin geli\u015fim s\u00fcrecini ve i\u00e7eri\u011fini ortaya koymakt\u0131r.<\/p>\n","protected":false},"excerpt":{"rendered":"<p>Kriz bir ihtimal olmay\u0131p, ka\u00e7\u0131n\u0131lmazd\u0131r. Zincirleme etkisi ile de hem i\u00e7 hem d\u0131\u015f payda\u015flara farkl\u0131 bi\u00e7imlerde tesir eder. Bu \u00e7al\u0131\u015fman\u0131n amac\u0131, k\u00fcresel \u00e7a\u011fda ya\u015fanan krizlere kar\u015f\u0131<span class=\"excerpt-hellip\"> [\u2026]<\/span><\/p>\n","protected":false},"featured_media":0,"template":"","meta":{"_monsterinsights_skip_tracking":false,"_monsterinsights_sitenote_active":false,"_monsterinsights_sitenote_note":"","_monsterinsights_sitenote_category":0},"product_brand":[],"product_cat":[13043,19008],"product_tag":[],"class_list":{"0":"post-723611","1":"product","2":"type-product","3":"status-publish","5":"product_cat-ekonomi","6":"product_cat-yonetim","7":"pa_cilt-ciltsiz","8":"pa_tur-kitap","9":"pa_yayinevi-gazi-kitabevi","10":"pa_yazar-kivilcim-romya-bilgin-f-senem-gungor","12":"first","13":"instock","14":"sale","15":"shipping-taxable","16":"purchasable","17":"product-type-simple"},"_links":{"self":[{"href":"https:\/\/roveyayinevi.com.tr\/index.php\/wp-json\/wp\/v2\/product\/723611","targetHints":{"allow":["GET"]}}],"collection":[{"href":"https:\/\/roveyayinevi.com.tr\/index.php\/wp-json\/wp\/v2\/product"}],"about":[{"href":"https:\/\/roveyayinevi.com.tr\/index.php\/wp-json\/wp\/v2\/types\/product"}],"wp:attachment":[{"href":"https:\/\/roveyayinevi.com.tr\/index.php\/wp-json\/wp\/v2\/media?parent=723611"}],"wp:term":[{"taxonomy":"product_brand","embeddable":true,"href":"https:\/\/roveyayinevi.com.tr\/index.php\/wp-json\/wp\/v2\/product_brand?post=723611"},{"taxonomy":"product_cat","embeddable":true,"href":"https:\/\/roveyayinevi.com.tr\/index.php\/wp-json\/wp\/v2\/product_cat?post=723611"},{"taxonomy":"product_tag","embeddable":true,"href":"https:\/\/roveyayinevi.com.tr\/index.php\/wp-json\/wp\/v2\/product_tag?post=723611"}],"curies":[{"name":"wp","href":"https:\/\/api.w.org\/{rel}","templated":true}]}}