{"id":723610,"date":"2025-08-27T19:21:24","date_gmt":"2025-08-27T16:21:24","guid":{"rendered":"https:\/\/roveyayinevi.com.tr\/index.php\/urun\/kaybolan-eldiven-sicacik-bir-kis-masali\/"},"modified":"2026-04-16T02:31:45","modified_gmt":"2026-04-15T23:31:45","slug":"kaybolan-eldiven-sicacik-bir-kis-masali","status":"publish","type":"product","link":"https:\/\/roveyayinevi.com.tr\/index.php\/urun\/kaybolan-eldiven-sicacik-bir-kis-masali\/","title":{"rendered":"Kaybolan Eldiven &#8211; S\u0131cac\u0131k Bir K\u0131\u015f Masal\u0131"},"content":{"rendered":"<p>Ormanda k\u00f6pe\u011fiyle birlikte odun toplayan ya\u015fl\u0131 bir adam, eve d\u00f6nerken eldiveninin tekini d\u00fc\u015f\u00fcr\u00fcr. Karlar\u0131n \u00fczerine d\u00fc\u015fen eldivenin i\u00e7inde \u00f6nce Farecik \u0131s\u0131n\u0131r. \u00c7ok ge\u00e7meden arkada\u015flar\u0131 da gelir&#8230; K\u00fc\u00e7\u00fcc\u00fck bir eldiven ka\u00e7 hayvana s\u0131cac\u0131k bir yuva olabilir? So\u011fuk bir k\u0131\u015f g\u00fcn\u00fcn\u00fc arkada\u015fl\u0131k ve yard\u0131mseverlikle \u0131s\u0131tan s\u0131cac\u0131k bir k\u0131\u015f masal\u0131&#8230;<\/p>\n","protected":false},"excerpt":{"rendered":"<p>Ormanda k\u00f6pe\u011fiyle birlikte odun toplayan ya\u015fl\u0131 bir adam, eve d\u00f6nerken eldiveninin tekini d\u00fc\u015f\u00fcr\u00fcr. Karlar\u0131n \u00fczerine d\u00fc\u015fen eldivenin i\u00e7inde \u00f6nce Farecik \u0131s\u0131n\u0131r. \u00c7ok ge\u00e7meden arkada\u015flar\u0131 da gelir&#8230;<span class=\"excerpt-hellip\"> [\u2026]<\/span><\/p>\n","protected":false},"featured_media":0,"template":"","meta":{"_monsterinsights_skip_tracking":false,"_monsterinsights_sitenote_active":false,"_monsterinsights_sitenote_note":"","_monsterinsights_sitenote_category":0},"product_brand":[],"product_cat":[12913,12274],"product_tag":[],"class_list":{"0":"post-723610","1":"product","2":"type-product","3":"status-publish","5":"product_cat-3-6-yas-kitaplari","6":"product_cat-cocuk-ve-genclik-kitaplari","7":"pa_cilt-ciltsiz","8":"pa_tur-kitap","9":"pa_yayinevi-is-bankasi-kultur-yayinlari","10":"pa_yazar-sharon-harmer","12":"first","13":"instock","14":"sale","15":"shipping-taxable","16":"purchasable","17":"product-type-simple"},"_links":{"self":[{"href":"https:\/\/roveyayinevi.com.tr\/index.php\/wp-json\/wp\/v2\/product\/723610","targetHints":{"allow":["GET"]}}],"collection":[{"href":"https:\/\/roveyayinevi.com.tr\/index.php\/wp-json\/wp\/v2\/product"}],"about":[{"href":"https:\/\/roveyayinevi.com.tr\/index.php\/wp-json\/wp\/v2\/types\/product"}],"wp:attachment":[{"href":"https:\/\/roveyayinevi.com.tr\/index.php\/wp-json\/wp\/v2\/media?parent=723610"}],"wp:term":[{"taxonomy":"product_brand","embeddable":true,"href":"https:\/\/roveyayinevi.com.tr\/index.php\/wp-json\/wp\/v2\/product_brand?post=723610"},{"taxonomy":"product_cat","embeddable":true,"href":"https:\/\/roveyayinevi.com.tr\/index.php\/wp-json\/wp\/v2\/product_cat?post=723610"},{"taxonomy":"product_tag","embeddable":true,"href":"https:\/\/roveyayinevi.com.tr\/index.php\/wp-json\/wp\/v2\/product_tag?post=723610"}],"curies":[{"name":"wp","href":"https:\/\/api.w.org\/{rel}","templated":true}]}}