{"id":723609,"date":"2025-08-27T19:21:23","date_gmt":"2025-08-27T16:21:23","guid":{"rendered":"https:\/\/roveyayinevi.com.tr\/index.php\/urun\/bana-bir-super-kahraman-gerek\/"},"modified":"2026-04-16T02:31:45","modified_gmt":"2026-04-15T23:31:45","slug":"bana-bir-super-kahraman-gerek","status":"publish","type":"product","link":"https:\/\/roveyayinevi.com.tr\/index.php\/urun\/bana-bir-super-kahraman-gerek\/","title":{"rendered":"Bana Bir S\u00fcper Kahraman Gerek!"},"content":{"rendered":"<p>Hadi, Hayaller Denizi\u2019nde heyecanl\u0131 bir yolculu\u011fa \u00e7\u0131kal\u0131m. K\u00f6pe\u011fim \u00c7orap\u2019la kedim Patpat da bizimle gelsin. \u00c7ok \u00f6nemli bir g\u00f6revimiz var: Bana g\u00f6r\u00fcnmez olman\u0131n p\u00fcf noktalar\u0131n\u0131 \u00f6\u011fretecek bir s\u00fcper kahraman bulmal\u0131y\u0131z!<\/p>\n","protected":false},"excerpt":{"rendered":"<p>Hadi, Hayaller Denizi\u2019nde heyecanl\u0131 bir yolculu\u011fa \u00e7\u0131kal\u0131m. K\u00f6pe\u011fim \u00c7orap\u2019la kedim Patpat da bizimle gelsin. \u00c7ok \u00f6nemli bir g\u00f6revimiz var: Bana g\u00f6r\u00fcnmez olman\u0131n p\u00fcf noktalar\u0131n\u0131 \u00f6\u011fretecek bir<span class=\"excerpt-hellip\"> [\u2026]<\/span><\/p>\n","protected":false},"featured_media":0,"template":"","meta":{"_monsterinsights_skip_tracking":false,"_monsterinsights_sitenote_active":false,"_monsterinsights_sitenote_note":"","_monsterinsights_sitenote_category":0},"product_brand":[],"product_cat":[12274,12518],"product_tag":[],"class_list":{"0":"post-723609","1":"product","2":"type-product","3":"status-publish","5":"product_cat-cocuk-ve-genclik-kitaplari","6":"product_cat-okul-oncesi-kitaplar","7":"pa_cilt-ciltsiz","8":"pa_tur-kitap","9":"pa_yayinevi-is-bankasi-kultur-yayinlari","10":"pa_yazar-mehmet-erbil","12":"first","13":"instock","14":"sale","15":"shipping-taxable","16":"purchasable","17":"product-type-simple"},"_links":{"self":[{"href":"https:\/\/roveyayinevi.com.tr\/index.php\/wp-json\/wp\/v2\/product\/723609","targetHints":{"allow":["GET"]}}],"collection":[{"href":"https:\/\/roveyayinevi.com.tr\/index.php\/wp-json\/wp\/v2\/product"}],"about":[{"href":"https:\/\/roveyayinevi.com.tr\/index.php\/wp-json\/wp\/v2\/types\/product"}],"wp:attachment":[{"href":"https:\/\/roveyayinevi.com.tr\/index.php\/wp-json\/wp\/v2\/media?parent=723609"}],"wp:term":[{"taxonomy":"product_brand","embeddable":true,"href":"https:\/\/roveyayinevi.com.tr\/index.php\/wp-json\/wp\/v2\/product_brand?post=723609"},{"taxonomy":"product_cat","embeddable":true,"href":"https:\/\/roveyayinevi.com.tr\/index.php\/wp-json\/wp\/v2\/product_cat?post=723609"},{"taxonomy":"product_tag","embeddable":true,"href":"https:\/\/roveyayinevi.com.tr\/index.php\/wp-json\/wp\/v2\/product_tag?post=723609"}],"curies":[{"name":"wp","href":"https:\/\/api.w.org\/{rel}","templated":true}]}}