{"id":723606,"date":"2025-08-27T19:21:21","date_gmt":"2025-08-27T16:21:21","guid":{"rendered":"https:\/\/roveyayinevi.com.tr\/index.php\/urun\/arkadasim-elif-sayilari-yazalim\/"},"modified":"2026-04-16T02:31:44","modified_gmt":"2026-04-15T23:31:44","slug":"arkadasim-elif-sayilari-yazalim","status":"publish","type":"product","link":"https:\/\/roveyayinevi.com.tr\/index.php\/urun\/arkadasim-elif-sayilari-yazalim\/","title":{"rendered":"Arkada\u015f\u0131m Elif &#8211; Say\u0131lar\u0131 Yazal\u0131m"},"content":{"rendered":"<p>\u00c7ocuklar, Say\u0131lar\u0131 Yazal\u0131m kitab\u0131yla 1\u2019den 10\u2019a kadar say\u0131lar\u0131 \u00f6\u011frenecekler.- \u0130lk say\u0131lar\u0131 e\u011flenerek \u00f6\u011frenme- Her say\u0131n\u0131n ayr\u0131 olarak anlat\u0131lmas\u0131- Her say\u0131n\u0131n oklarla yaz\u0131l\u0131\u015f\u0131- Say\u0131lar\u0131 peki\u015ftirmek i\u00e7in al\u0131\u015ft\u0131rmalar- 1\u2019den 10\u2019a kadar say\u0131lar\u0131n gizlendi\u011fi Ara-Bul resmi- Bir\u00e7ok boyama sayfas\u0131<\/p>\n","protected":false},"excerpt":{"rendered":"<p>\u00c7ocuklar, Say\u0131lar\u0131 Yazal\u0131m kitab\u0131yla 1\u2019den 10\u2019a kadar say\u0131lar\u0131 \u00f6\u011frenecekler.- \u0130lk say\u0131lar\u0131 e\u011flenerek \u00f6\u011frenme- Her say\u0131n\u0131n ayr\u0131 olarak anlat\u0131lmas\u0131- Her say\u0131n\u0131n oklarla yaz\u0131l\u0131\u015f\u0131- Say\u0131lar\u0131 peki\u015ftirmek i\u00e7in al\u0131\u015ft\u0131rmalar-<span class=\"excerpt-hellip\"> [\u2026]<\/span><\/p>\n","protected":false},"featured_media":0,"template":"","meta":{"_monsterinsights_skip_tracking":false,"_monsterinsights_sitenote_active":false,"_monsterinsights_sitenote_note":"","_monsterinsights_sitenote_category":0},"product_brand":[],"product_cat":[12274,24599],"product_tag":[],"class_list":{"0":"post-723606","1":"product","2":"type-product","3":"status-publish","5":"product_cat-cocuk-ve-genclik-kitaplari","6":"product_cat-zeka-gelisimi","7":"pa_cilt-ciltsiz","8":"pa_tur-kitap","9":"pa_yayinevi-is-bankasi-kultur-yayinlari","10":"pa_yazar-hanna-sorensen","12":"first","13":"instock","14":"sale","15":"shipping-taxable","16":"purchasable","17":"product-type-simple"},"_links":{"self":[{"href":"https:\/\/roveyayinevi.com.tr\/index.php\/wp-json\/wp\/v2\/product\/723606","targetHints":{"allow":["GET"]}}],"collection":[{"href":"https:\/\/roveyayinevi.com.tr\/index.php\/wp-json\/wp\/v2\/product"}],"about":[{"href":"https:\/\/roveyayinevi.com.tr\/index.php\/wp-json\/wp\/v2\/types\/product"}],"wp:attachment":[{"href":"https:\/\/roveyayinevi.com.tr\/index.php\/wp-json\/wp\/v2\/media?parent=723606"}],"wp:term":[{"taxonomy":"product_brand","embeddable":true,"href":"https:\/\/roveyayinevi.com.tr\/index.php\/wp-json\/wp\/v2\/product_brand?post=723606"},{"taxonomy":"product_cat","embeddable":true,"href":"https:\/\/roveyayinevi.com.tr\/index.php\/wp-json\/wp\/v2\/product_cat?post=723606"},{"taxonomy":"product_tag","embeddable":true,"href":"https:\/\/roveyayinevi.com.tr\/index.php\/wp-json\/wp\/v2\/product_tag?post=723606"}],"curies":[{"name":"wp","href":"https:\/\/api.w.org\/{rel}","templated":true}]}}