{"id":723605,"date":"2025-08-27T19:21:20","date_gmt":"2025-08-27T16:21:20","guid":{"rendered":"https:\/\/roveyayinevi.com.tr\/index.php\/urun\/psikolojik-ilk-yardim\/"},"modified":"2026-04-16T02:31:44","modified_gmt":"2026-04-15T23:31:44","slug":"psikolojik-ilk-yardim","status":"publish","type":"product","link":"https:\/\/roveyayinevi.com.tr\/index.php\/urun\/psikolojik-ilk-yardim\/","title":{"rendered":"Psikolojik \u0130lk Yard\u0131m"},"content":{"rendered":"<p>Bir kay\u0131pla yeniden ya\u015fama d\u00f6nmekte zorlanan, \u00d6fkeleriyle kendilerini yok eden, korkan, ayr\u0131l\u0131k ac\u0131s\u0131n\u0131 dibine kadar ya\u015fayan yak\u0131nlar\u0131n\u0131z; hatta \u00f6fkeli \u00e7ocu\u011funuz i\u00e7in okuyabilece\u011finiz bu rehberde T\u00fclay K\u00f6k, herhangi bir nedenle ac\u0131 ya da psikolojik olarak s\u0131k\u0131nt\u0131 \u00e7eken sevdiklerinize destek  olabilmeniz i\u00e7in ihtiyac\u0131n\u0131z olan her\u015feyi anlat\u0131yor ve ekliyor:   \u201cT\u0131p fak\u00fcltesine gitmeden ilk yard\u0131m bilgisi \u00f6\u011frenebilece\u011finiz gibi, psikoloji okumadan da birinin kalp ac\u0131s\u0131n\u0131 dindirebilirsiniz.\u201d   Psikolog T\u00fclay K\u00f6k, kendi hikayesinden yola \u00e7\u0131karak kanser ve kemoterapi s\u00fcrecinde ya\u015fad\u0131klar\u0131n\u0131 anlat\u0131yor ve size yak\u0131nlar\u0131n\u0131za psikolojik ilk yard\u0131mda bulunabilmeniz i\u00e7in bir rehber sunuyor. <\/p>\n","protected":false},"excerpt":{"rendered":"<p>Bir kay\u0131pla yeniden ya\u015fama d\u00f6nmekte zorlanan, \u00d6fkeleriyle kendilerini yok eden, korkan, ayr\u0131l\u0131k ac\u0131s\u0131n\u0131 dibine kadar ya\u015fayan yak\u0131nlar\u0131n\u0131z; hatta \u00f6fkeli \u00e7ocu\u011funuz i\u00e7in okuyabilece\u011finiz bu rehberde T\u00fclay K\u00f6k,<span class=\"excerpt-hellip\"> [\u2026]<\/span><\/p>\n","protected":false},"featured_media":0,"template":"","meta":{"_monsterinsights_skip_tracking":false,"_monsterinsights_sitenote_active":false,"_monsterinsights_sitenote_note":"","_monsterinsights_sitenote_category":0},"product_brand":[],"product_cat":[20502,12357],"product_tag":[],"class_list":{"0":"post-723605","1":"product","2":"type-product","3":"status-publish","5":"product_cat-basvuru-kitaplari-psikoloji","6":"product_cat-psikoloji","7":"pa_cilt-ciltsiz","8":"pa_tur-kitap","9":"pa_yayinevi-okuyan-us-yayin","10":"pa_yazar-tulay-kok","12":"first","13":"instock","14":"sale","15":"shipping-taxable","16":"purchasable","17":"product-type-simple"},"_links":{"self":[{"href":"https:\/\/roveyayinevi.com.tr\/index.php\/wp-json\/wp\/v2\/product\/723605","targetHints":{"allow":["GET"]}}],"collection":[{"href":"https:\/\/roveyayinevi.com.tr\/index.php\/wp-json\/wp\/v2\/product"}],"about":[{"href":"https:\/\/roveyayinevi.com.tr\/index.php\/wp-json\/wp\/v2\/types\/product"}],"wp:attachment":[{"href":"https:\/\/roveyayinevi.com.tr\/index.php\/wp-json\/wp\/v2\/media?parent=723605"}],"wp:term":[{"taxonomy":"product_brand","embeddable":true,"href":"https:\/\/roveyayinevi.com.tr\/index.php\/wp-json\/wp\/v2\/product_brand?post=723605"},{"taxonomy":"product_cat","embeddable":true,"href":"https:\/\/roveyayinevi.com.tr\/index.php\/wp-json\/wp\/v2\/product_cat?post=723605"},{"taxonomy":"product_tag","embeddable":true,"href":"https:\/\/roveyayinevi.com.tr\/index.php\/wp-json\/wp\/v2\/product_tag?post=723605"}],"curies":[{"name":"wp","href":"https:\/\/api.w.org\/{rel}","templated":true}]}}