{"id":723604,"date":"2025-08-27T19:21:19","date_gmt":"2025-08-27T16:21:19","guid":{"rendered":"https:\/\/roveyayinevi.com.tr\/index.php\/urun\/2-4-yas-yaz-sil-eglenceli-labirentler\/"},"modified":"2026-04-16T02:31:44","modified_gmt":"2026-04-15T23:31:44","slug":"2-4-yas-yaz-sil-eglenceli-labirentler","status":"publish","type":"product","link":"https:\/\/roveyayinevi.com.tr\/index.php\/urun\/2-4-yas-yaz-sil-eglenceli-labirentler\/","title":{"rendered":"2-4 Ya\u015f Yaz &#8211; Sil E\u011flenceli Labirentler"},"content":{"rendered":"<p>Bu \u015fa\u015f\u0131rt\u0131c\u0131 labirent kitab\u0131, kalem kullanabilen fakat karma\u015f\u0131k labirentleri yapmay\u0131 yeni \u00f6\u011frenen \u00e7ocuklar i\u00e7in \u00f6zel olarak tasarlanm\u0131\u015ft\u0131r. Yanl\u0131\u015f yapmak art\u0131k sorun de\u011fil. Yaz\u0131l\u0131p &#8211; Silinebilir sayfalar ile tekrar tekrar labirent etkinliklerini yapabilirsin.<\/p>\n","protected":false},"excerpt":{"rendered":"<p>Bu \u015fa\u015f\u0131rt\u0131c\u0131 labirent kitab\u0131, kalem kullanabilen fakat karma\u015f\u0131k labirentleri yapmay\u0131 yeni \u00f6\u011frenen \u00e7ocuklar i\u00e7in \u00f6zel olarak tasarlanm\u0131\u015ft\u0131r. Yanl\u0131\u015f yapmak art\u0131k sorun de\u011fil. Yaz\u0131l\u0131p &#8211; Silinebilir sayfalar<span class=\"excerpt-hellip\"> [\u2026]<\/span><\/p>\n","protected":false},"featured_media":0,"template":"","meta":{"_monsterinsights_skip_tracking":false,"_monsterinsights_sitenote_active":false,"_monsterinsights_sitenote_note":"","_monsterinsights_sitenote_category":0},"product_brand":[],"product_cat":[12274,12518],"product_tag":[],"class_list":{"0":"post-723604","1":"product","2":"type-product","3":"status-publish","5":"product_cat-cocuk-ve-genclik-kitaplari","6":"product_cat-okul-oncesi-kitaplar","7":"pa_cilt-ciltsiz","8":"pa_tur-kitap","9":"pa_yayinevi-dikkat-atolyesi-yayinlari","10":"pa_yazar-kolektif","12":"first","13":"instock","14":"sale","15":"shipping-taxable","16":"purchasable","17":"product-type-simple"},"_links":{"self":[{"href":"https:\/\/roveyayinevi.com.tr\/index.php\/wp-json\/wp\/v2\/product\/723604","targetHints":{"allow":["GET"]}}],"collection":[{"href":"https:\/\/roveyayinevi.com.tr\/index.php\/wp-json\/wp\/v2\/product"}],"about":[{"href":"https:\/\/roveyayinevi.com.tr\/index.php\/wp-json\/wp\/v2\/types\/product"}],"wp:attachment":[{"href":"https:\/\/roveyayinevi.com.tr\/index.php\/wp-json\/wp\/v2\/media?parent=723604"}],"wp:term":[{"taxonomy":"product_brand","embeddable":true,"href":"https:\/\/roveyayinevi.com.tr\/index.php\/wp-json\/wp\/v2\/product_brand?post=723604"},{"taxonomy":"product_cat","embeddable":true,"href":"https:\/\/roveyayinevi.com.tr\/index.php\/wp-json\/wp\/v2\/product_cat?post=723604"},{"taxonomy":"product_tag","embeddable":true,"href":"https:\/\/roveyayinevi.com.tr\/index.php\/wp-json\/wp\/v2\/product_tag?post=723604"}],"curies":[{"name":"wp","href":"https:\/\/api.w.org\/{rel}","templated":true}]}}