{"id":723603,"date":"2025-08-27T19:21:18","date_gmt":"2025-08-27T16:21:18","guid":{"rendered":"https:\/\/roveyayinevi.com.tr\/index.php\/urun\/2-4-yas-egitici-cizgiler-yaz-sil\/"},"modified":"2026-04-16T02:31:44","modified_gmt":"2026-04-15T23:31:44","slug":"2-4-yas-egitici-cizgiler-yaz-sil","status":"publish","type":"product","link":"https:\/\/roveyayinevi.com.tr\/index.php\/urun\/2-4-yas-egitici-cizgiler-yaz-sil\/","title":{"rendered":"2-4 Ya\u015f E\u011fitici \u00c7izgiler (Yaz-Sil)"},"content":{"rendered":"<p>Yaz-Sil Kitaplarla \u00c7izgi Takibi, Kalem Kontrol\u00fc ve Yazmaya \u0130lk Ad\u0131m Etkinlikleri\u0130nce motor becerileri, \u00e7ocu\u011fun geli\u015fiminde \u00f6nemli bir rol oynar. Hassas k\u00fc\u00e7\u00fck hareketler yapmay\u0131 \u00f6\u011frenen \u00e7ocuk, sadece koordinasyonu geli\u015ftirmekle kalmaz, ayn\u0131 zamanda zeka geli\u015fimine katk\u0131 sa\u011flar.Basitten karma\u015f\u0131\u011fa, kolaydan zora etkinliklerle \u00e7ocuklar\u0131n kalem tutma ve ince motor becerisi geli\u015fir. Yazmaya haz\u0131r bulunu\u015fluk d\u00fczeyi artar.- \u0130nce Motor Geli\u015fimi-  Kalem Tutma Becerisi- Mant\u0131ksal D\u00fc\u015f\u00fcnme Becerisi- Hayal G\u00fcc\u00fc ve Yarat\u0131c\u0131l\u0131kKitab\u0131m\u0131z 24 sayfad\u0131r.<\/p>\n","protected":false},"excerpt":{"rendered":"<p>Yaz-Sil Kitaplarla \u00c7izgi Takibi, Kalem Kontrol\u00fc ve Yazmaya \u0130lk Ad\u0131m Etkinlikleri\u0130nce motor becerileri, \u00e7ocu\u011fun geli\u015fiminde \u00f6nemli bir rol oynar. Hassas k\u00fc\u00e7\u00fck hareketler yapmay\u0131 \u00f6\u011frenen \u00e7ocuk, sadece<span class=\"excerpt-hellip\"> [\u2026]<\/span><\/p>\n","protected":false},"featured_media":0,"template":"","meta":{"_monsterinsights_skip_tracking":false,"_monsterinsights_sitenote_active":false,"_monsterinsights_sitenote_note":"","_monsterinsights_sitenote_category":0},"product_brand":[],"product_cat":[12274,12518],"product_tag":[],"class_list":{"0":"post-723603","1":"product","2":"type-product","3":"status-publish","5":"product_cat-cocuk-ve-genclik-kitaplari","6":"product_cat-okul-oncesi-kitaplar","7":"pa_cilt-ciltsiz","8":"pa_tur-kitap","9":"pa_yayinevi-dikkat-atolyesi-yayinlari","10":"pa_yazar-kolektif","12":"first","13":"instock","14":"sale","15":"shipping-taxable","16":"purchasable","17":"product-type-simple"},"_links":{"self":[{"href":"https:\/\/roveyayinevi.com.tr\/index.php\/wp-json\/wp\/v2\/product\/723603","targetHints":{"allow":["GET"]}}],"collection":[{"href":"https:\/\/roveyayinevi.com.tr\/index.php\/wp-json\/wp\/v2\/product"}],"about":[{"href":"https:\/\/roveyayinevi.com.tr\/index.php\/wp-json\/wp\/v2\/types\/product"}],"wp:attachment":[{"href":"https:\/\/roveyayinevi.com.tr\/index.php\/wp-json\/wp\/v2\/media?parent=723603"}],"wp:term":[{"taxonomy":"product_brand","embeddable":true,"href":"https:\/\/roveyayinevi.com.tr\/index.php\/wp-json\/wp\/v2\/product_brand?post=723603"},{"taxonomy":"product_cat","embeddable":true,"href":"https:\/\/roveyayinevi.com.tr\/index.php\/wp-json\/wp\/v2\/product_cat?post=723603"},{"taxonomy":"product_tag","embeddable":true,"href":"https:\/\/roveyayinevi.com.tr\/index.php\/wp-json\/wp\/v2\/product_tag?post=723603"}],"curies":[{"name":"wp","href":"https:\/\/api.w.org\/{rel}","templated":true}]}}