{"id":723602,"date":"2025-08-27T19:21:18","date_gmt":"2025-08-27T16:21:18","guid":{"rendered":"https:\/\/roveyayinevi.com.tr\/index.php\/urun\/2-4-yas-mantiksal-dusunme-becerileri-ve-dikkat-yaz-sil\/"},"modified":"2026-04-16T02:31:44","modified_gmt":"2026-04-15T23:31:44","slug":"2-4-yas-mantiksal-dusunme-becerileri-ve-dikkat-yaz-sil","status":"publish","type":"product","link":"https:\/\/roveyayinevi.com.tr\/index.php\/urun\/2-4-yas-mantiksal-dusunme-becerileri-ve-dikkat-yaz-sil\/","title":{"rendered":"2-4 Ya\u015f Mant\u0131ksal D\u00fc\u015f\u00fcnme Becerileri ve Dikkat (Yaz-Sil)"},"content":{"rendered":"<p>Yenilenmi\u015f Yaz\u0131l\u0131p Silinebilen Mant\u0131ksal D\u00fc\u015f\u00fcnme Becerileri ve DikkatBu yaz\u0131l\u0131p silinebilir kitap \u00e7ocuklarda, mant\u0131k, dikkat, haf\u0131za, ince motor ve mant\u0131ksal d\u00fc\u015f\u00fcnme becerisi geli\u015fimine katk\u0131 sa\u011flar.Bu kitapta \u00e7ocuklar nesneleri kar\u015f\u0131la\u015ft\u0131rmay\u0131, benzerlikleri ve farkl\u0131l\u0131klar\u0131 tespit etmeyi, nesneleri ortak bir \u00f6zelli\u011fe g\u00f6re birle\u015ftirmeyi ve vurgulamay\u0131, desenleri bulmay\u0131, basit mant\u0131ksal sorunlar\u0131 \u00e7\u00f6zmeyi ve elbette \u00e7ocuklar taraf\u0131ndan sevilen labirentlerden ge\u00e7meyi \u00f6\u011frenecek. \u00c7ocuklar bu kitab\u0131 kendi ba\u015flar\u0131na \u00e7\u00f6zebilir fakat onlara sadece y\u00f6nergeleri okuman\u0131z yeterli olacakt\u0131r.- Mant\u0131ksal D\u00fc\u015f\u00fcnme Becerisi- Haf\u0131za Geli\u015fimi- Dikkat ve Zeka Geli\u015fimiKitab\u0131m\u0131z 24 sayfad\u0131r.<\/p>\n","protected":false},"excerpt":{"rendered":"<p>Yenilenmi\u015f Yaz\u0131l\u0131p Silinebilen Mant\u0131ksal D\u00fc\u015f\u00fcnme Becerileri ve DikkatBu yaz\u0131l\u0131p silinebilir kitap \u00e7ocuklarda, mant\u0131k, dikkat, haf\u0131za, ince motor ve mant\u0131ksal d\u00fc\u015f\u00fcnme becerisi geli\u015fimine katk\u0131 sa\u011flar.Bu kitapta \u00e7ocuklar<span class=\"excerpt-hellip\"> [\u2026]<\/span><\/p>\n","protected":false},"featured_media":0,"template":"","meta":{"_monsterinsights_skip_tracking":false,"_monsterinsights_sitenote_active":false,"_monsterinsights_sitenote_note":"","_monsterinsights_sitenote_category":0},"product_brand":[],"product_cat":[12274,12518],"product_tag":[],"class_list":{"0":"post-723602","1":"product","2":"type-product","3":"status-publish","5":"product_cat-cocuk-ve-genclik-kitaplari","6":"product_cat-okul-oncesi-kitaplar","7":"pa_cilt-ciltsiz","8":"pa_tur-kitap","9":"pa_yayinevi-dikkat-atolyesi-yayinlari","10":"pa_yazar-kolektif","12":"first","13":"instock","14":"sale","15":"shipping-taxable","16":"purchasable","17":"product-type-simple"},"_links":{"self":[{"href":"https:\/\/roveyayinevi.com.tr\/index.php\/wp-json\/wp\/v2\/product\/723602","targetHints":{"allow":["GET"]}}],"collection":[{"href":"https:\/\/roveyayinevi.com.tr\/index.php\/wp-json\/wp\/v2\/product"}],"about":[{"href":"https:\/\/roveyayinevi.com.tr\/index.php\/wp-json\/wp\/v2\/types\/product"}],"wp:attachment":[{"href":"https:\/\/roveyayinevi.com.tr\/index.php\/wp-json\/wp\/v2\/media?parent=723602"}],"wp:term":[{"taxonomy":"product_brand","embeddable":true,"href":"https:\/\/roveyayinevi.com.tr\/index.php\/wp-json\/wp\/v2\/product_brand?post=723602"},{"taxonomy":"product_cat","embeddable":true,"href":"https:\/\/roveyayinevi.com.tr\/index.php\/wp-json\/wp\/v2\/product_cat?post=723602"},{"taxonomy":"product_tag","embeddable":true,"href":"https:\/\/roveyayinevi.com.tr\/index.php\/wp-json\/wp\/v2\/product_tag?post=723602"}],"curies":[{"name":"wp","href":"https:\/\/api.w.org\/{rel}","templated":true}]}}