{"id":723598,"date":"2025-08-27T19:21:14","date_gmt":"2025-08-27T16:21:14","guid":{"rendered":"https:\/\/roveyayinevi.com.tr\/index.php\/urun\/baris-film-cekiyor\/"},"modified":"2026-04-16T02:31:44","modified_gmt":"2026-04-15T23:31:44","slug":"baris-film-cekiyor","status":"publish","type":"product","link":"https:\/\/roveyayinevi.com.tr\/index.php\/urun\/baris-film-cekiyor\/","title":{"rendered":"Bar\u0131\u015f Film \u00c7ekiyor"},"content":{"rendered":"<p>Bar\u0131\u015f, bir g\u00fcn bir film seyretti ve hayat\u0131 de\u011fi\u015fti. Ertesi g\u00fcn bir mucize oldu: \u201cHayal Kurma Oyunlar\u0131 ve Sinemasal bir Rehber\u201d adl\u0131 bir defter buldu. Defter, fikirden senaryoya b\u00fct\u00fcn a\u015famalar\u0131 anlat\u0131yordu. Karakter yaratman\u0131n s\u0131rlar\u0131n\u0131 veriyordu. Kamera hareketleri, \u00e7er\u00e7evelemeler, \u00f6l\u00e7ekler t\u00fcm detaylar\u0131yla Bar\u0131\u015f\u2019\u0131n \u00f6n\u00fcnde duruyordu. Bar\u0131\u015f\u2019\u0131n art\u0131k bir film \u00e7ekmekten ba\u015fka yolu yoktu. \u00d6yle de yapt\u0131. Arkada\u015flar\u0131n\u0131 toplad\u0131 ve \u00f6d\u00fclle sonu\u00e7lanan bir maceraya at\u0131ld\u0131. <\/p>\n","protected":false},"excerpt":{"rendered":"<p>Bar\u0131\u015f, bir g\u00fcn bir film seyretti ve hayat\u0131 de\u011fi\u015fti. Ertesi g\u00fcn bir mucize oldu: \u201cHayal Kurma Oyunlar\u0131 ve Sinemasal bir Rehber\u201d adl\u0131 bir defter buldu. Defter,<span class=\"excerpt-hellip\"> [\u2026]<\/span><\/p>\n","protected":false},"featured_media":0,"template":"","meta":{"_monsterinsights_skip_tracking":false,"_monsterinsights_sitenote_active":false,"_monsterinsights_sitenote_note":"","_monsterinsights_sitenote_category":0},"product_brand":[],"product_cat":[12274,12284],"product_tag":[],"class_list":{"0":"post-723598","1":"product","2":"type-product","3":"status-publish","5":"product_cat-cocuk-ve-genclik-kitaplari","6":"product_cat-hikayeler","7":"pa_cilt-ciltsiz","8":"pa_tur-kitap","9":"pa_yayinevi-is-bankasi-kultur-yayinlari","10":"pa_yazar-turgut-yasalar","12":"first","13":"instock","14":"sale","15":"shipping-taxable","16":"purchasable","17":"product-type-simple"},"_links":{"self":[{"href":"https:\/\/roveyayinevi.com.tr\/index.php\/wp-json\/wp\/v2\/product\/723598","targetHints":{"allow":["GET"]}}],"collection":[{"href":"https:\/\/roveyayinevi.com.tr\/index.php\/wp-json\/wp\/v2\/product"}],"about":[{"href":"https:\/\/roveyayinevi.com.tr\/index.php\/wp-json\/wp\/v2\/types\/product"}],"wp:attachment":[{"href":"https:\/\/roveyayinevi.com.tr\/index.php\/wp-json\/wp\/v2\/media?parent=723598"}],"wp:term":[{"taxonomy":"product_brand","embeddable":true,"href":"https:\/\/roveyayinevi.com.tr\/index.php\/wp-json\/wp\/v2\/product_brand?post=723598"},{"taxonomy":"product_cat","embeddable":true,"href":"https:\/\/roveyayinevi.com.tr\/index.php\/wp-json\/wp\/v2\/product_cat?post=723598"},{"taxonomy":"product_tag","embeddable":true,"href":"https:\/\/roveyayinevi.com.tr\/index.php\/wp-json\/wp\/v2\/product_tag?post=723598"}],"curies":[{"name":"wp","href":"https:\/\/api.w.org\/{rel}","templated":true}]}}