{"id":723597,"date":"2025-08-27T19:21:14","date_gmt":"2025-08-27T16:21:14","guid":{"rendered":"https:\/\/roveyayinevi.com.tr\/index.php\/urun\/varligimin-garip-sarkisi-the-odd-song-of-my-existence-retrospektif-retrospective\/"},"modified":"2026-03-02T02:46:27","modified_gmt":"2026-03-01T23:46:27","slug":"varligimin-garip-sarkisi-the-odd-song-of-my-existence-retrospektif-retrospective","status":"publish","type":"product","link":"https:\/\/roveyayinevi.com.tr\/index.php\/urun\/varligimin-garip-sarkisi-the-odd-song-of-my-existence-retrospektif-retrospective\/","title":{"rendered":"Varl\u0131\u011f\u0131m\u0131n Garip \u015eark\u0131s\u0131 &#8211; &#8221;The Odd Song of My Existence&#8221; Retrospektif &#8211; Retrospective"},"content":{"rendered":"<p>Bu kitap, T\u00fcrkiye \u0130\u015f Bankas\u0131\u2019n\u0131n 26 Subat \u2013 12 Nisan 2020 tarihleri aras\u0131nda \u0130\u015f Sanat Kibele Galerisi\u2019nde ger\u00e7ekle\u015ftirdi\u011fi \u201cVarl\u0131\u011f\u0131m\u0131n Garip \u015eark\u0131s\u0131\u201d Sergisi nedeniyle haz\u0131rlanm\u0131\u015ft\u0131r. This book has been prepared in coordination with \u201cThe Odd Song of My Existence\u201d Exhibition held at \u0130\u015f Sanat Kibele Gallery between February 26 \u2013 April 12, 2020. <\/p>\n","protected":false},"excerpt":{"rendered":"<p>Bu kitap, T\u00fcrkiye \u0130\u015f Bankas\u0131\u2019n\u0131n 26 Subat \u2013 12 Nisan 2020 tarihleri aras\u0131nda \u0130\u015f Sanat Kibele Galerisi\u2019nde ger\u00e7ekle\u015ftirdi\u011fi \u201cVarl\u0131\u011f\u0131m\u0131n Garip \u015eark\u0131s\u0131\u201d Sergisi nedeniyle haz\u0131rlanm\u0131\u015ft\u0131r. This book<span class=\"excerpt-hellip\"> [\u2026]<\/span><\/p>\n","protected":false},"featured_media":0,"template":"","meta":{"_monsterinsights_skip_tracking":false,"_monsterinsights_sitenote_active":false,"_monsterinsights_sitenote_note":"","_monsterinsights_sitenote_category":0},"product_brand":[],"product_cat":[12364,23307],"product_tag":[],"class_list":{"0":"post-723597","1":"product","2":"type-product","3":"status-publish","5":"product_cat-genel-konular","6":"product_cat-sergi-kitaplari","7":"pa_cilt-ciltsiz","8":"pa_tur-kitap","9":"pa_yayinevi-is-bankasi-kultur-yayinlari","10":"pa_yazar-nevhiz","12":"first","13":"instock","14":"sale","15":"shipping-taxable","16":"purchasable","17":"product-type-simple"},"_links":{"self":[{"href":"https:\/\/roveyayinevi.com.tr\/index.php\/wp-json\/wp\/v2\/product\/723597","targetHints":{"allow":["GET"]}}],"collection":[{"href":"https:\/\/roveyayinevi.com.tr\/index.php\/wp-json\/wp\/v2\/product"}],"about":[{"href":"https:\/\/roveyayinevi.com.tr\/index.php\/wp-json\/wp\/v2\/types\/product"}],"wp:attachment":[{"href":"https:\/\/roveyayinevi.com.tr\/index.php\/wp-json\/wp\/v2\/media?parent=723597"}],"wp:term":[{"taxonomy":"product_brand","embeddable":true,"href":"https:\/\/roveyayinevi.com.tr\/index.php\/wp-json\/wp\/v2\/product_brand?post=723597"},{"taxonomy":"product_cat","embeddable":true,"href":"https:\/\/roveyayinevi.com.tr\/index.php\/wp-json\/wp\/v2\/product_cat?post=723597"},{"taxonomy":"product_tag","embeddable":true,"href":"https:\/\/roveyayinevi.com.tr\/index.php\/wp-json\/wp\/v2\/product_tag?post=723597"}],"curies":[{"name":"wp","href":"https:\/\/api.w.org\/{rel}","templated":true}]}}