{"id":723592,"date":"2025-08-27T19:21:10","date_gmt":"2025-08-27T16:21:10","guid":{"rendered":"https:\/\/roveyayinevi.com.tr\/index.php\/urun\/evlilik-kader-midir\/"},"modified":"2026-04-16T02:31:44","modified_gmt":"2026-04-15T23:31:44","slug":"evlilik-kader-midir","status":"publish","type":"product","link":"https:\/\/roveyayinevi.com.tr\/index.php\/urun\/evlilik-kader-midir\/","title":{"rendered":"Evlilik Kader midir?"},"content":{"rendered":"<p>Evlilik namaz gibidir, niyet edince sa\u011fa sola bak\u0131lmaz! Soruyorum sizlere, Madem evlilik kaderse ve kaderimde evlenece\u011fim ki\u015fi yaz\u0131l\u0131 ise ben neden bunca zahmete giriyorum? Ben sevdi\u011fim i\u00e7in dua ediyorsam. Sevdi\u011fim ki\u015fi de kendi sevdi\u011fi i\u00e7in dua ediyorsa. Bu durumda kim kime y\u00e2r olacak?   Biliyorum \u00fczg\u00fcn g\u00f6nl\u00fcn \u201csana etti\u011fim muhabbeti ta\u015fa sunsayd\u0131m ta\u015f bile \u00e7i\u00e7ek a\u00e7ard\u0131\u201d diyor hayaller akl\u0131na geldik\u00e7e.   Sizi \u00fczen \u00fczs\u00fcn, a\u011flatan a\u011flats\u0131n. Tebess\u00fcm\u00fcn en manal\u0131 oldu\u011fu yer mah\u015fer alan\u0131 olacakt\u0131r.   E\u011fer bir g\u00fcn \u00fcmidini kaybedersen, Allah\u2019\u0131n senin i\u00e7in yazd\u0131\u011f\u0131 kaderin hayallerinden daha iyi oldu\u011funu hat\u0131rla. <\/p>\n","protected":false},"excerpt":{"rendered":"<p>Evlilik namaz gibidir, niyet edince sa\u011fa sola bak\u0131lmaz! Soruyorum sizlere, Madem evlilik kaderse ve kaderimde evlenece\u011fim ki\u015fi yaz\u0131l\u0131 ise ben neden bunca zahmete giriyorum? Ben sevdi\u011fim<span class=\"excerpt-hellip\"> [\u2026]<\/span><\/p>\n","protected":false},"featured_media":0,"template":"","meta":{"_monsterinsights_skip_tracking":false,"_monsterinsights_sitenote_active":false,"_monsterinsights_sitenote_note":"","_monsterinsights_sitenote_category":0},"product_brand":[],"product_cat":[12718,12719,15238],"product_tag":[],"class_list":{"0":"post-723592","1":"product","2":"type-product","3":"status-publish","5":"product_cat-din","6":"product_cat-islam","7":"product_cat-tasavvuf","8":"pa_cilt-ciltsiz","9":"pa_tur-kitap","10":"pa_yayinevi-hayykitap","11":"pa_yazar-mehmet-yildiz","13":"first","14":"instock","15":"sale","16":"shipping-taxable","17":"purchasable","18":"product-type-simple"},"_links":{"self":[{"href":"https:\/\/roveyayinevi.com.tr\/index.php\/wp-json\/wp\/v2\/product\/723592","targetHints":{"allow":["GET"]}}],"collection":[{"href":"https:\/\/roveyayinevi.com.tr\/index.php\/wp-json\/wp\/v2\/product"}],"about":[{"href":"https:\/\/roveyayinevi.com.tr\/index.php\/wp-json\/wp\/v2\/types\/product"}],"wp:attachment":[{"href":"https:\/\/roveyayinevi.com.tr\/index.php\/wp-json\/wp\/v2\/media?parent=723592"}],"wp:term":[{"taxonomy":"product_brand","embeddable":true,"href":"https:\/\/roveyayinevi.com.tr\/index.php\/wp-json\/wp\/v2\/product_brand?post=723592"},{"taxonomy":"product_cat","embeddable":true,"href":"https:\/\/roveyayinevi.com.tr\/index.php\/wp-json\/wp\/v2\/product_cat?post=723592"},{"taxonomy":"product_tag","embeddable":true,"href":"https:\/\/roveyayinevi.com.tr\/index.php\/wp-json\/wp\/v2\/product_tag?post=723592"}],"curies":[{"name":"wp","href":"https:\/\/api.w.org\/{rel}","templated":true}]}}