{"id":723591,"date":"2025-08-27T19:21:09","date_gmt":"2025-08-27T16:21:09","guid":{"rendered":"https:\/\/roveyayinevi.com.tr\/index.php\/urun\/en-eglenceli-boyama-6li-set\/"},"modified":"2026-04-16T02:31:44","modified_gmt":"2026-04-15T23:31:44","slug":"en-eglenceli-boyama-6li-set","status":"publish","type":"product","link":"https:\/\/roveyayinevi.com.tr\/index.php\/urun\/en-eglenceli-boyama-6li-set\/","title":{"rendered":"En E\u011flenceli Boyama 6\u2019l\u0131 Set"},"content":{"rendered":"<p>Boyama \u00e7al\u0131\u015fmalar\u0131 erken \u00e7ocukluk d\u00f6neminde sanatsal faaliyetlere ba\u015flang\u0131\u00e7 olarak kabul edilir. \u00c7ocuklar\u0131m\u0131z renk ve \u015fekillerin d\u00fcnyas\u0131nda do\u011fal g\u00fczelliklerin fark\u0131na var\u0131r, \u00e7evre hakk\u0131nda bilgi sahibi olur, boyamalar arac\u0131l\u0131\u011f\u0131yla ailesine mesajlar verir. Bu anlamda boyama etkinlikleri \u00e7ocuklar\u0131m\u0131z\u0131n ilk ve en b\u00fcy\u00fck ad\u0131mlardan biridir. En E\u011flenceli Boyama Seti\u2019miz; \u00e7ocuklar\u0131m\u0131z\u0131n ilgisini \u00e7ekecek konu ve birbirinden sevimli \u00e7izimlerle haz\u0131rland\u0131. Her biri 24 sayfal\u0131k 6 renkli kitaptan olu\u015fan bu set sayesinde \u00e7ocuklar\u0131m\u0131z kendi renklendirmeleriyle \u00f6zg\u00fcnl\u00fcklerini ortaya koyacak, k\u00fc\u00e7\u00fck kas ve el-g\u00f6z koordinasyonlar\u0131n\u0131 g\u00fc\u00e7lendirecek ve e\u011flenerek g\u00fczel vakit ge\u00e7ireceklerdir.   \u00d6        PEDAGOG \u00d6        PS\u0130KOLOJ\u0130K DANI\u015eMAN \u00d6        REHBER \u00d6\u011eRETMEN \u00d6        \u00c7OCUK GEL\u0130\u015e\u0130M\u0130 UZMANI      ONAYLI   \u00c7ocuklar\u0131n Kazan\u0131mlar\u0131: \u00b7         K\u00fc\u00e7\u00fck kas geli\u015fimi \u00b7         El-g\u00f6z koordinasyonu geli\u015fimi                                                       \u00b7         Kalem tutma ve el becerilerinin geli\u015fimi \u00b7         Farkl\u0131l\u0131klar\u0131n ve benzerliklerin ay\u0131r\u0131m\u0131                  \u00b7         Hayal kurmak, planlamak, uygulamak ve sonu\u00e7land\u0131rma becerisi \u00b7         Renklerle kendini ifade etmek     \u00b7         Okuma-yazmaya fiziksel ve ruhsal haz\u0131rl\u0131k.    En E\u011flenceli Boyama 6\u2019l\u0131 Set\u2019te Yer Alan Kitaplar: 1.      Prensesler 2.      Uzay 3.      Sporcular 4.      Sevimli Hayvanlar 5.      Masal Kahramanlar\u0131 6.      Dinozorlar <\/p>\n","protected":false},"excerpt":{"rendered":"<p>Boyama \u00e7al\u0131\u015fmalar\u0131 erken \u00e7ocukluk d\u00f6neminde sanatsal faaliyetlere ba\u015flang\u0131\u00e7 olarak kabul edilir. \u00c7ocuklar\u0131m\u0131z renk ve \u015fekillerin d\u00fcnyas\u0131nda do\u011fal g\u00fczelliklerin fark\u0131na var\u0131r, \u00e7evre hakk\u0131nda bilgi sahibi olur, boyamalar<span class=\"excerpt-hellip\"> [\u2026]<\/span><\/p>\n","protected":false},"featured_media":0,"template":"","meta":{"_monsterinsights_skip_tracking":false,"_monsterinsights_sitenote_active":false,"_monsterinsights_sitenote_note":"","_monsterinsights_sitenote_category":0},"product_brand":[],"product_cat":[12644,12274],"product_tag":[],"class_list":{"0":"post-723591","1":"product","2":"type-product","3":"status-publish","5":"product_cat-boyama-kitaplari","6":"product_cat-cocuk-ve-genclik-kitaplari","7":"pa_cilt-ciltsiz","8":"pa_tur-kitap","9":"pa_yayinevi-hayykitap","10":"pa_yazar-canan-ozturk","12":"first","13":"instock","14":"sale","15":"shipping-taxable","16":"purchasable","17":"product-type-simple"},"_links":{"self":[{"href":"https:\/\/roveyayinevi.com.tr\/index.php\/wp-json\/wp\/v2\/product\/723591","targetHints":{"allow":["GET"]}}],"collection":[{"href":"https:\/\/roveyayinevi.com.tr\/index.php\/wp-json\/wp\/v2\/product"}],"about":[{"href":"https:\/\/roveyayinevi.com.tr\/index.php\/wp-json\/wp\/v2\/types\/product"}],"wp:attachment":[{"href":"https:\/\/roveyayinevi.com.tr\/index.php\/wp-json\/wp\/v2\/media?parent=723591"}],"wp:term":[{"taxonomy":"product_brand","embeddable":true,"href":"https:\/\/roveyayinevi.com.tr\/index.php\/wp-json\/wp\/v2\/product_brand?post=723591"},{"taxonomy":"product_cat","embeddable":true,"href":"https:\/\/roveyayinevi.com.tr\/index.php\/wp-json\/wp\/v2\/product_cat?post=723591"},{"taxonomy":"product_tag","embeddable":true,"href":"https:\/\/roveyayinevi.com.tr\/index.php\/wp-json\/wp\/v2\/product_tag?post=723591"}],"curies":[{"name":"wp","href":"https:\/\/api.w.org\/{rel}","templated":true}]}}