{"id":723587,"date":"2025-08-27T19:21:06","date_gmt":"2025-08-27T16:21:06","guid":{"rendered":"https:\/\/roveyayinevi.com.tr\/index.php\/urun\/adalet-3\/"},"modified":"2026-04-16T02:31:44","modified_gmt":"2026-04-15T23:31:44","slug":"adalet-3","status":"publish","type":"product","link":"https:\/\/roveyayinevi.com.tr\/index.php\/urun\/adalet-3\/","title":{"rendered":"Adalet"},"content":{"rendered":"<p>\u201cAdalet\u201d alt\u0131 harften olu\u015fan k\u0131sa ama keskin bir kelime. Varl\u0131\u011f\u0131 insanl\u0131k i\u00e7in huzur ve mutluluk, d\u00fcnya ve ahiret saadeti; yoklu\u011fu zul\u00fcm, yoksulluk, yoksunluk, toplumsal karga\u015fa, sava\u015f, \u00f6l\u00fcm ve g\u00f6zya\u015f\u0131\u2026 Adalet; etkisi t\u00fcm d\u00fcnyay\u0131 ve insanl\u0131\u011f\u0131 kapsayan  kavram.Kaf Da\u011f\u0131\u2019nda Anka Ku\u015fu, ku\u015fun a\u011fz\u0131nda zeytin dal\u0131, ser\u00e7enin g\u00f6z ya\u015f\u0131, kafeste ya\u015fayan ku\u015fun u\u00e7may\u0131 hastal\u0131k san\u0131s\u0131; \u00f6zlenen, aranan, tecellisi beklenen, bazen ger\u00e7ekle\u015fmesinden umudun kesildi\u011fi \u00fctopik bir yakla\u015f\u0131m ya da ilahi adaletin yerini bulaca\u011f\u0131 inanc\u0131n\u0131n rahatlamas\u0131\u2026 Nedir adalet? K\u0131z \u00e7ocuklar\u0131m\u0131za verdi\u011fimiz isim, sokak ve meydanlara simgeledi\u011fimiz heykel, siyasilerin inand\u0131r\u0131c\u0131l\u0131\u011f\u0131na k\u00e2ni oldu\u011fu siyasas\u0131, hatiplerin k\u00fcrs\u00fclerde s\u00f6zlerini s\u00fcslemek i\u00e7in s\u0131k s\u0131k ba\u015fvurdu\u011fu kavram, zulme ba\u015fkald\u0131r\u0131, zalimin y\u00fcz\u00fcne zulm\u00fcn\u00fc s\u00f6yleme; kitaplar\u0131n, filmlerin, hik\u00e2yelerin, romanlar\u0131n, \u015fark\u0131lar\u0131n, destanlar\u0131n, t\u00fcrk\u00fclerin konusu, saraylar\u0131m\u0131zda duvarlar\u0131 s\u00fcsleyen veciz s\u00f6z\u2026 Elinizdeki \u00e7al\u0131\u015fma adalete dair kapsaml\u0131 bir ara\u015ft\u0131rman\u0131n sonunda ortaya \u00e7\u0131kt\u0131. Adalet konusunda her yeni s\u00f6z\u00fcn, her okuman\u0131n, her ara\u015ft\u0131rman\u0131n ayr\u0131 bir \u00f6nemi olaca\u011f\u0131 d\u00fc\u015f\u00fcncesiyle sizlerin istifadesine sunuldu. <\/p>\n","protected":false},"excerpt":{"rendered":"<p>\u201cAdalet\u201d alt\u0131 harften olu\u015fan k\u0131sa ama keskin bir kelime. Varl\u0131\u011f\u0131 insanl\u0131k i\u00e7in huzur ve mutluluk, d\u00fcnya ve ahiret saadeti; yoklu\u011fu zul\u00fcm, yoksulluk, yoksunluk, toplumsal karga\u015fa, sava\u015f,<span class=\"excerpt-hellip\"> [\u2026]<\/span><\/p>\n","protected":false},"featured_media":0,"template":"","meta":{"_monsterinsights_skip_tracking":false,"_monsterinsights_sitenote_active":false,"_monsterinsights_sitenote_note":"","_monsterinsights_sitenote_category":0},"product_brand":[],"product_cat":[52477],"product_tag":[],"class_list":{"0":"post-723587","1":"product","2":"type-product","3":"status-publish","5":"product_cat-arastirma","6":"pa_cilt-ciltsiz","7":"pa_tur-kitap","8":"pa_yayinevi-cinaralti-yayinlari","9":"pa_yazar-yildiray-ozturk","11":"first","12":"instock","13":"sale","14":"shipping-taxable","15":"purchasable","16":"product-type-simple"},"_links":{"self":[{"href":"https:\/\/roveyayinevi.com.tr\/index.php\/wp-json\/wp\/v2\/product\/723587","targetHints":{"allow":["GET"]}}],"collection":[{"href":"https:\/\/roveyayinevi.com.tr\/index.php\/wp-json\/wp\/v2\/product"}],"about":[{"href":"https:\/\/roveyayinevi.com.tr\/index.php\/wp-json\/wp\/v2\/types\/product"}],"wp:attachment":[{"href":"https:\/\/roveyayinevi.com.tr\/index.php\/wp-json\/wp\/v2\/media?parent=723587"}],"wp:term":[{"taxonomy":"product_brand","embeddable":true,"href":"https:\/\/roveyayinevi.com.tr\/index.php\/wp-json\/wp\/v2\/product_brand?post=723587"},{"taxonomy":"product_cat","embeddable":true,"href":"https:\/\/roveyayinevi.com.tr\/index.php\/wp-json\/wp\/v2\/product_cat?post=723587"},{"taxonomy":"product_tag","embeddable":true,"href":"https:\/\/roveyayinevi.com.tr\/index.php\/wp-json\/wp\/v2\/product_tag?post=723587"}],"curies":[{"name":"wp","href":"https:\/\/api.w.org\/{rel}","templated":true}]}}