{"id":723585,"date":"2025-08-27T19:21:04","date_gmt":"2025-08-27T16:21:04","guid":{"rendered":"https:\/\/roveyayinevi.com.tr\/index.php\/urun\/bilinmeyen-bir-kadinin-mektubu-11\/"},"modified":"2026-04-16T02:31:44","modified_gmt":"2026-04-15T23:31:44","slug":"bilinmeyen-bir-kadinin-mektubu-11","status":"publish","type":"product","link":"https:\/\/roveyayinevi.com.tr\/index.php\/urun\/bilinmeyen-bir-kadinin-mektubu-11\/","title":{"rendered":"Bilinmeyen Bir Kad\u0131n\u0131n Mektubu"},"content":{"rendered":"<p>Sen kimsin ki benim i\u00e7in? Sen beni asla tan\u0131mayan, bir \u00e7amurlu su birikintisinin yan\u0131ndan ge\u00e7er gibi yan\u0131mdan ge\u00e7ip giden, bir ta\u015fa basarcas\u0131na \u00fcst\u00fcme basan, hep yoluna devam eden ve her zaman beni sonsuz bir bekleyi\u015f i\u00e7erisinde b\u0131rakan sen, kimsin ki benim i\u00e7in? \u2026\u2026 Yery\u00fcz\u00fcnde hi\u00e7bir \u015fey sevgi, kuytuluklardaki bir \u00e7ocu\u011fun fark edilmeyen sevgisiyle kar\u015f\u0131la\u015ft\u0131r\u0131lamaz. Bu sevgi, yeti\u015fkin bir kad\u0131n\u0131n tutkulu ve bilin\u00e7alt\u0131nda hep isteyen a\u015fk\u0131n\u0131n hi\u00e7bir zaman olamayaca\u011f\u0131 kadar umars\u0131z, kendini kar\u015f\u0131s\u0131ndakine hizmet etmeye adayan, boyun e\u011fen, hep pusuda yatan ve tutkuyla yo\u011frulmu\u015f bir sevgidir. \u2026\u2026 Ben seni b\u00fct\u00fcn bir hayat boyunca sevmekten yorulmad\u0131m <\/p>\n","protected":false},"excerpt":{"rendered":"<p>Sen kimsin ki benim i\u00e7in? Sen beni asla tan\u0131mayan, bir \u00e7amurlu su birikintisinin yan\u0131ndan ge\u00e7er gibi yan\u0131mdan ge\u00e7ip giden, bir ta\u015fa basarcas\u0131na \u00fcst\u00fcme basan, hep yoluna<span class=\"excerpt-hellip\"> [\u2026]<\/span><\/p>\n","protected":false},"featured_media":0,"template":"","meta":{"_monsterinsights_skip_tracking":false,"_monsterinsights_sitenote_active":false,"_monsterinsights_sitenote_note":"","_monsterinsights_sitenote_category":0},"product_brand":[],"product_cat":[12291,18202],"product_tag":[],"class_list":{"0":"post-723585","1":"product","2":"type-product","3":"status-publish","5":"product_cat-edebiyat","6":"product_cat-hikaye","7":"pa_cilt-ciltsiz","8":"pa_tur-kitap","9":"pa_yayinevi-cinaralti-yayinlari","10":"pa_yazar-stefan-zweig","12":"first","13":"instock","14":"sale","15":"shipping-taxable","16":"purchasable","17":"product-type-simple"},"_links":{"self":[{"href":"https:\/\/roveyayinevi.com.tr\/index.php\/wp-json\/wp\/v2\/product\/723585","targetHints":{"allow":["GET"]}}],"collection":[{"href":"https:\/\/roveyayinevi.com.tr\/index.php\/wp-json\/wp\/v2\/product"}],"about":[{"href":"https:\/\/roveyayinevi.com.tr\/index.php\/wp-json\/wp\/v2\/types\/product"}],"wp:attachment":[{"href":"https:\/\/roveyayinevi.com.tr\/index.php\/wp-json\/wp\/v2\/media?parent=723585"}],"wp:term":[{"taxonomy":"product_brand","embeddable":true,"href":"https:\/\/roveyayinevi.com.tr\/index.php\/wp-json\/wp\/v2\/product_brand?post=723585"},{"taxonomy":"product_cat","embeddable":true,"href":"https:\/\/roveyayinevi.com.tr\/index.php\/wp-json\/wp\/v2\/product_cat?post=723585"},{"taxonomy":"product_tag","embeddable":true,"href":"https:\/\/roveyayinevi.com.tr\/index.php\/wp-json\/wp\/v2\/product_tag?post=723585"}],"curies":[{"name":"wp","href":"https:\/\/api.w.org\/{rel}","templated":true}]}}