{"id":723584,"date":"2025-08-27T19:21:04","date_gmt":"2025-08-27T16:21:04","guid":{"rendered":"https:\/\/roveyayinevi.com.tr\/index.php\/urun\/dipsiz-kuyu\/"},"modified":"2026-04-16T02:31:44","modified_gmt":"2026-04-15T23:31:44","slug":"dipsiz-kuyu","status":"publish","type":"product","link":"https:\/\/roveyayinevi.com.tr\/index.php\/urun\/dipsiz-kuyu\/","title":{"rendered":"Dipsiz Kuyu"},"content":{"rendered":"<p>Bir cinayet, cinayetin ard\u0131ndan davan\u0131n de\u011fi\u015fmeye ba\u015flayan seyri, ara\u015ft\u0131rmalar Cengiz ve ekibini Dipsiz Kuyu\u2019nun karanl\u0131\u011f\u0131na s\u00fcr\u00fckler. Derinlere gittik\u00e7e su\u00e7 ve su\u00e7lular\u0131n karanl\u0131\u011f\u0131n i\u00e7ine k\u00f6k sald\u0131\u011f\u0131 fark edilir. Hayat, bilinen ve g\u00f6r\u00fcnenlerin sadece yans\u0131malar\u0131ndan olu\u015fan bir aldatmacad\u0131r. Sonu\u00e7, \u00f6l\u00fcm ger\u00e7ektir ve Azrail\u2019in dans\u0131na ad\u0131m uydurman gerekir. Son, hi\u00e7bir zaman \u2018Son\u2019 yoktur, sadece yeni bir ba\u015flang\u0131c\u0131n habercisidir. <\/p>\n","protected":false},"excerpt":{"rendered":"<p>Bir cinayet, cinayetin ard\u0131ndan davan\u0131n de\u011fi\u015fmeye ba\u015flayan seyri, ara\u015ft\u0131rmalar Cengiz ve ekibini Dipsiz Kuyu\u2019nun karanl\u0131\u011f\u0131na s\u00fcr\u00fckler. Derinlere gittik\u00e7e su\u00e7 ve su\u00e7lular\u0131n karanl\u0131\u011f\u0131n i\u00e7ine k\u00f6k sald\u0131\u011f\u0131 fark<span class=\"excerpt-hellip\"> [\u2026]<\/span><\/p>\n","protected":false},"featured_media":0,"template":"","meta":{"_monsterinsights_skip_tracking":false,"_monsterinsights_sitenote_active":false,"_monsterinsights_sitenote_note":"","_monsterinsights_sitenote_category":0},"product_brand":[],"product_cat":[12291,15445],"product_tag":[],"class_list":{"0":"post-723584","1":"product","2":"type-product","3":"status-publish","5":"product_cat-edebiyat","6":"product_cat-polisiye","7":"pa_cilt-ciltsiz","8":"pa_tur-kitap","9":"pa_yayinevi-cinaralti-yayinlari","10":"pa_yazar-orcun-yenilmez","12":"first","13":"instock","14":"sale","15":"shipping-taxable","16":"purchasable","17":"product-type-simple"},"_links":{"self":[{"href":"https:\/\/roveyayinevi.com.tr\/index.php\/wp-json\/wp\/v2\/product\/723584","targetHints":{"allow":["GET"]}}],"collection":[{"href":"https:\/\/roveyayinevi.com.tr\/index.php\/wp-json\/wp\/v2\/product"}],"about":[{"href":"https:\/\/roveyayinevi.com.tr\/index.php\/wp-json\/wp\/v2\/types\/product"}],"wp:attachment":[{"href":"https:\/\/roveyayinevi.com.tr\/index.php\/wp-json\/wp\/v2\/media?parent=723584"}],"wp:term":[{"taxonomy":"product_brand","embeddable":true,"href":"https:\/\/roveyayinevi.com.tr\/index.php\/wp-json\/wp\/v2\/product_brand?post=723584"},{"taxonomy":"product_cat","embeddable":true,"href":"https:\/\/roveyayinevi.com.tr\/index.php\/wp-json\/wp\/v2\/product_cat?post=723584"},{"taxonomy":"product_tag","embeddable":true,"href":"https:\/\/roveyayinevi.com.tr\/index.php\/wp-json\/wp\/v2\/product_tag?post=723584"}],"curies":[{"name":"wp","href":"https:\/\/api.w.org\/{rel}","templated":true}]}}