{"id":723583,"date":"2025-08-27T19:21:03","date_gmt":"2025-08-27T16:21:03","guid":{"rendered":"https:\/\/roveyayinevi.com.tr\/index.php\/urun\/bir-kadinin-24-saati\/"},"modified":"2026-04-16T02:31:44","modified_gmt":"2026-04-15T23:31:44","slug":"bir-kadinin-24-saati","status":"publish","type":"product","link":"https:\/\/roveyayinevi.com.tr\/index.php\/urun\/bir-kadinin-24-saati\/","title":{"rendered":"Bir Kad\u0131n\u0131n 24 Saati"},"content":{"rendered":"<p>G\u00f6mlek yakalar\u0131n\u0131n \u00fcst\u00fcnde vurdumduymazl\u0131k maskesini y\u00fczlerine ge\u00e7irirler, dudaklar\u0131n\u0131n kenar\u0131ndaki k\u0131vr\u0131mlar\u0131 yok edebilirler, heyecanlar\u0131n\u0131 di\u015flerinin alt\u0131na hapsedip g\u00f6zlerindeki endi\u015feyi saklarlar, y\u00fczlerinde hareket eden kaslar\u0131 yapmac\u0131k bir kibarl\u0131kla gizlerler ama i\u015fte ellerini kontrol edemezler. B\u00fct\u00fcn dikkatlerini, varl\u0131klar\u0131n\u0131n en g\u00f6r\u00fcn\u00fcr yeri olan y\u00fczlerine odakland\u0131\u011f\u0131 i\u00e7in ellerini unuturlar. Sadece bu ellere bakarak g\u00fcl\u00fcmseyen dudaklar\u0131n ve kay\u0131ts\u0131z gibi g\u00f6r\u00fcnen bak\u0131\u015flar\u0131n neleri gizledi\u011fini anlayan insanlar oldu\u011funu unuturlar. \u2026\u2026 Do\u011fan\u0131n bazen ate\u015fi ve buzu, \u00f6l\u00fcm\u00fc ve hayat\u0131, co\u015fkuyu ve umutsuzlu\u011fu birka\u00e7 nefese s\u0131\u011fd\u0131rabildi\u011fini, her \u015feyden uzak kendi d\u00fcnyamda ya\u015fam\u0131\u015f olan ben, ancak yirmi y\u0131l sonra bu olayla kavrayacakt\u0131m. \u2026\u2026 \u0130nsan \u00f6l\u00fcm\u00fcn yakla\u015ft\u0131\u011f\u0131n\u0131 hissetti\u011finde \u00f6l\u00fcm\u00fcn g\u00f6lgesi kapkara d\u00fc\u015f\u00fcyor, i\u015fte o zaman hayatta her \u015feyin rengi solukla\u015f\u0131yor. <\/p>\n","protected":false},"excerpt":{"rendered":"<p>G\u00f6mlek yakalar\u0131n\u0131n \u00fcst\u00fcnde vurdumduymazl\u0131k maskesini y\u00fczlerine ge\u00e7irirler, dudaklar\u0131n\u0131n kenar\u0131ndaki k\u0131vr\u0131mlar\u0131 yok edebilirler, heyecanlar\u0131n\u0131 di\u015flerinin alt\u0131na hapsedip g\u00f6zlerindeki endi\u015feyi saklarlar, y\u00fczlerinde hareket eden kaslar\u0131 yapmac\u0131k bir kibarl\u0131kla<span class=\"excerpt-hellip\"> [\u2026]<\/span><\/p>\n","protected":false},"featured_media":0,"template":"","meta":{"_monsterinsights_skip_tracking":false,"_monsterinsights_sitenote_active":false,"_monsterinsights_sitenote_note":"","_monsterinsights_sitenote_category":0},"product_brand":[],"product_cat":[12291,18202],"product_tag":[],"class_list":{"0":"post-723583","1":"product","2":"type-product","3":"status-publish","5":"product_cat-edebiyat","6":"product_cat-hikaye","7":"pa_cilt-ciltsiz","8":"pa_tur-kitap","9":"pa_yayinevi-cinaralti-yayinlari","10":"pa_yazar-stefan-zweig","12":"first","13":"instock","14":"sale","15":"shipping-taxable","16":"purchasable","17":"product-type-simple"},"_links":{"self":[{"href":"https:\/\/roveyayinevi.com.tr\/index.php\/wp-json\/wp\/v2\/product\/723583","targetHints":{"allow":["GET"]}}],"collection":[{"href":"https:\/\/roveyayinevi.com.tr\/index.php\/wp-json\/wp\/v2\/product"}],"about":[{"href":"https:\/\/roveyayinevi.com.tr\/index.php\/wp-json\/wp\/v2\/types\/product"}],"wp:attachment":[{"href":"https:\/\/roveyayinevi.com.tr\/index.php\/wp-json\/wp\/v2\/media?parent=723583"}],"wp:term":[{"taxonomy":"product_brand","embeddable":true,"href":"https:\/\/roveyayinevi.com.tr\/index.php\/wp-json\/wp\/v2\/product_brand?post=723583"},{"taxonomy":"product_cat","embeddable":true,"href":"https:\/\/roveyayinevi.com.tr\/index.php\/wp-json\/wp\/v2\/product_cat?post=723583"},{"taxonomy":"product_tag","embeddable":true,"href":"https:\/\/roveyayinevi.com.tr\/index.php\/wp-json\/wp\/v2\/product_tag?post=723583"}],"curies":[{"name":"wp","href":"https:\/\/api.w.org\/{rel}","templated":true}]}}