{"id":723582,"date":"2025-08-27T19:21:02","date_gmt":"2025-08-27T16:21:02","guid":{"rendered":"https:\/\/roveyayinevi.com.tr\/index.php\/urun\/bir-yuregin-olumu\/"},"modified":"2026-04-16T02:31:44","modified_gmt":"2026-04-15T23:31:44","slug":"bir-yuregin-olumu","status":"publish","type":"product","link":"https:\/\/roveyayinevi.com.tr\/index.php\/urun\/bir-yuregin-olumu\/","title":{"rendered":"Bir Y\u00fcre\u011fin \u00d6l\u00fcm\u00fc"},"content":{"rendered":"<p>\u0130ki kad\u0131n d\u0131\u015far\u0131 \u00e7\u0131karken ya\u015fl\u0131 adam\u0131n kas\u0131lan y\u00fcz\u00fc gev\u015fedi. Zor nefes al\u0131yor, g\u00f6\u011fs\u00fcnden h\u0131r\u0131lt\u0131lar \u00e7\u0131k\u0131yordu. Bir s\u00fcre sonra sesi kesildi. Doktor kalbine bakt\u0131\u011f\u0131nda adam\u0131n \u00f6lm\u00fc\u015f oldu\u011funu anlad\u0131. Ya\u015fl\u0131 adam\u0131n ac\u0131s\u0131 art\u0131k sona ermi\u015fti. \u2026\u2026. Oda bo\u015f ve havas\u0131z gibiydi. Kendisini hi\u00e7 kimsenin istemedi\u011fi bir yaln\u0131zl\u0131k i\u00e7inde oldu\u011funu hissediyordu. Sadece oda de\u011fil, kendisi de bombo\u015ftu. Uzakla\u015ft\u0131r\u0131lm\u0131\u015f, bo\u015flu\u011fa f\u0131rlat\u0131lm\u0131\u015f, t\u00fckenmi\u015f ve y\u0131pranm\u0131\u015f, neden buraya geldi\u011fini hat\u0131rlamas\u0131 i\u00e7in biraz zaman ge\u00e7mesi gerekiyordu. Bug\u00fcnden bir \u015fey beklemedi\u011fi halde, saatine huzursuzluk i\u00e7inde neden bakt\u0131\u011f\u0131n\u0131 anlam\u0131yordu. \u2026\u2026. Hayat\u0131n\u0131n en b\u00fcy\u00fck \u00f6zelli\u011fi ve sevin\u00e7 kayna\u011f\u0131 olan aldatmaca, \u015fimdi yeniden y\u00fcre\u011fini tutu\u015fturmu\u015ftu. Bir kenara f\u0131rlat\u0131l\u0131p at\u0131lan, \u00fczerine bas\u0131larak ezilen bir mumun \u0131\u015f\u0131\u011f\u0131 gibi de\u011fil, alev alev yanan bir sevin\u00e7 yang\u0131n\u0131 gibi olmal\u0131yd\u0131 sonu. U\u00e7uruma dans ederek d\u00fc\u015fmek istiyordu. <\/p>\n","protected":false},"excerpt":{"rendered":"<p>\u0130ki kad\u0131n d\u0131\u015far\u0131 \u00e7\u0131karken ya\u015fl\u0131 adam\u0131n kas\u0131lan y\u00fcz\u00fc gev\u015fedi. Zor nefes al\u0131yor, g\u00f6\u011fs\u00fcnden h\u0131r\u0131lt\u0131lar \u00e7\u0131k\u0131yordu. Bir s\u00fcre sonra sesi kesildi. Doktor kalbine bakt\u0131\u011f\u0131nda adam\u0131n \u00f6lm\u00fc\u015f oldu\u011funu<span class=\"excerpt-hellip\"> [\u2026]<\/span><\/p>\n","protected":false},"featured_media":0,"template":"","meta":{"_monsterinsights_skip_tracking":false,"_monsterinsights_sitenote_active":false,"_monsterinsights_sitenote_note":"","_monsterinsights_sitenote_category":0},"product_brand":[],"product_cat":[12291],"product_tag":[],"class_list":{"0":"post-723582","1":"product","2":"type-product","3":"status-publish","5":"product_cat-edebiyat","6":"pa_cilt-ciltsiz","7":"pa_tur-kitap","8":"pa_yayinevi-cinaralti-yayinlari","9":"pa_yazar-stefan-zweig","11":"first","12":"instock","13":"sale","14":"shipping-taxable","15":"purchasable","16":"product-type-simple"},"_links":{"self":[{"href":"https:\/\/roveyayinevi.com.tr\/index.php\/wp-json\/wp\/v2\/product\/723582","targetHints":{"allow":["GET"]}}],"collection":[{"href":"https:\/\/roveyayinevi.com.tr\/index.php\/wp-json\/wp\/v2\/product"}],"about":[{"href":"https:\/\/roveyayinevi.com.tr\/index.php\/wp-json\/wp\/v2\/types\/product"}],"wp:attachment":[{"href":"https:\/\/roveyayinevi.com.tr\/index.php\/wp-json\/wp\/v2\/media?parent=723582"}],"wp:term":[{"taxonomy":"product_brand","embeddable":true,"href":"https:\/\/roveyayinevi.com.tr\/index.php\/wp-json\/wp\/v2\/product_brand?post=723582"},{"taxonomy":"product_cat","embeddable":true,"href":"https:\/\/roveyayinevi.com.tr\/index.php\/wp-json\/wp\/v2\/product_cat?post=723582"},{"taxonomy":"product_tag","embeddable":true,"href":"https:\/\/roveyayinevi.com.tr\/index.php\/wp-json\/wp\/v2\/product_tag?post=723582"}],"curies":[{"name":"wp","href":"https:\/\/api.w.org\/{rel}","templated":true}]}}