{"id":723581,"date":"2025-08-27T19:21:01","date_gmt":"2025-08-27T16:21:01","guid":{"rendered":"https:\/\/roveyayinevi.com.tr\/index.php\/urun\/elma-kuslari\/"},"modified":"2026-04-16T02:31:44","modified_gmt":"2026-04-15T23:31:44","slug":"elma-kuslari","status":"publish","type":"product","link":"https:\/\/roveyayinevi.com.tr\/index.php\/urun\/elma-kuslari\/","title":{"rendered":"Elma Ku\u015flar\u0131"},"content":{"rendered":"<p>Bu kitapta, \u00f6d\u00fcll\u00fc yazar Salim N\u0130ZAM\u2019\u0131n; \u00d6mer Seyfettin, Orhan Kemal, Mahmut Tunaboylu, 2010 Avrupa K\u00fclt\u00fcr Ba\u015fkenti \u0130stanbul, \u00dcmit Kaftanc\u0131o\u011flu Hik\u00e2ye Yar\u0131\u015fmas\u0131 gibi \u00e7e\u015fitli yar\u0131\u015fmalarda elde etti\u011fi \u00f6d\u00fcll\u00fc hik\u00e2yeleri yer almaktad\u0131r. Ana, mor salk\u0131ml\u0131 evimizin k\u00fc\u00e7\u00fck sobas\u0131n\u0131n \u00fczerine, yine elma kabuklar\u0131 koysam, bacam\u0131za elma ku\u015flar\u0131 gelir belki. Belki de bir t\u00fcy d\u00fc\u015fer ku\u015flar\u0131n kanatlar\u0131 aras\u0131ndan bah\u00e7emizin tam ortas\u0131na\u2026 Elma Ku\u015flar\u0131 G\u00f6nen Belediyesi kadirbilirlik \u00f6rne\u011fi g\u00f6stererek uzun y\u0131llardan beri \u00d6mer Seyfettin Hik\u00e2ye Yar\u0131\u015fmas\u0131 d\u00fczenliyor. Bu hik\u00e2ye yar\u0131\u015fmas\u0131n\u0131n amac\u0131, \u00d6mer Seyfettin&#8217;in hat\u0131ras\u0131n\u0131 ya\u015fatmas\u0131n\u0131n yan\u0131nda T\u00fcrk edebiyat\u0131 tarihine yeni hik\u00e2yeciler ve hik\u00e2yeler kazand\u0131rmakt\u0131r. Bu amac\u0131n belirlenmesinde ufak da olsa bir katk\u0131m\u0131n bulundu\u011funu d\u00fc\u015f\u00fcn\u00fcyorum&#8230; Uzun s\u00fcredir g\u00f6rev ald\u0131\u011f\u0131m bu yar\u0131\u015fmalar\u0131n duyuru metnini arkada\u015flar\u0131mla birlikte haz\u0131rl\u0131yorduk. Y\u0131llar sonra g\u00f6r\u00fcyorum ki bu amac\u0131m\u0131z b\u00fcy\u00fck \u00f6l\u00e7\u00fcde ger\u00e7ekle\u015fmi\u015ftir. 2006 y\u0131l\u0131nda d\u00fczenledi\u011fimiz yar\u0131\u015fman\u0131n birincisi, Salim Nizam, bug\u00fcn kar\u015f\u0131m\u0131za bir hik\u00e2ye ve roman yazar\u0131 olarak \u00e7\u0131kmaktad\u0131r. Bunu, hem G\u00f6nen topra\u011f\u0131n\u0131n verimlili\u011fine, hem \u00d6mer Seyfettin&#8217;in hik\u00e2yede a\u00e7t\u0131\u011f\u0131 yolun do\u011frulu\u011funa yoruyorum&#8230; Salim Nizam&#8217;\u0131n bu yolda ilerlemeye devam ederek hik\u00e2yemizi zenginle\u015ftirece\u011fini d\u00fc\u015f\u00fcn\u00fcyorum. Prof.Dr. Recep DUYMAZ \/ Trakya \u00dcniversitesi Fen-Edebiyat Fak\u00fcltesi T\u00fcrk Dili ve Edebiyat\u0131 B\u00f6l\u00fcm\u00fc <\/p>\n","protected":false},"excerpt":{"rendered":"<p>Bu kitapta, \u00f6d\u00fcll\u00fc yazar Salim N\u0130ZAM\u2019\u0131n; \u00d6mer Seyfettin, Orhan Kemal, Mahmut Tunaboylu, 2010 Avrupa K\u00fclt\u00fcr Ba\u015fkenti \u0130stanbul, \u00dcmit Kaftanc\u0131o\u011flu Hik\u00e2ye Yar\u0131\u015fmas\u0131 gibi \u00e7e\u015fitli yar\u0131\u015fmalarda elde etti\u011fi<span class=\"excerpt-hellip\"> [\u2026]<\/span><\/p>\n","protected":false},"featured_media":0,"template":"","meta":{"_monsterinsights_skip_tracking":false,"_monsterinsights_sitenote_active":false,"_monsterinsights_sitenote_note":"","_monsterinsights_sitenote_category":0},"product_brand":[],"product_cat":[12291,18202],"product_tag":[],"class_list":{"0":"post-723581","1":"product","2":"type-product","3":"status-publish","5":"product_cat-edebiyat","6":"product_cat-hikaye","7":"pa_cilt-ciltsiz","8":"pa_tur-kitap","9":"pa_yayinevi-cinaralti-yayinlari","10":"pa_yazar-salim-nizam","12":"first","13":"instock","14":"sale","15":"shipping-taxable","16":"purchasable","17":"product-type-simple"},"_links":{"self":[{"href":"https:\/\/roveyayinevi.com.tr\/index.php\/wp-json\/wp\/v2\/product\/723581","targetHints":{"allow":["GET"]}}],"collection":[{"href":"https:\/\/roveyayinevi.com.tr\/index.php\/wp-json\/wp\/v2\/product"}],"about":[{"href":"https:\/\/roveyayinevi.com.tr\/index.php\/wp-json\/wp\/v2\/types\/product"}],"wp:attachment":[{"href":"https:\/\/roveyayinevi.com.tr\/index.php\/wp-json\/wp\/v2\/media?parent=723581"}],"wp:term":[{"taxonomy":"product_brand","embeddable":true,"href":"https:\/\/roveyayinevi.com.tr\/index.php\/wp-json\/wp\/v2\/product_brand?post=723581"},{"taxonomy":"product_cat","embeddable":true,"href":"https:\/\/roveyayinevi.com.tr\/index.php\/wp-json\/wp\/v2\/product_cat?post=723581"},{"taxonomy":"product_tag","embeddable":true,"href":"https:\/\/roveyayinevi.com.tr\/index.php\/wp-json\/wp\/v2\/product_tag?post=723581"}],"curies":[{"name":"wp","href":"https:\/\/api.w.org\/{rel}","templated":true}]}}