{"id":723578,"date":"2025-08-27T19:20:58","date_gmt":"2025-08-27T16:20:58","guid":{"rendered":"https:\/\/roveyayinevi.com.tr\/index.php\/urun\/mahrem-i-esrar\/"},"modified":"2026-04-16T02:31:44","modified_gmt":"2026-04-15T23:31:44","slug":"mahrem-i-esrar","status":"publish","type":"product","link":"https:\/\/roveyayinevi.com.tr\/index.php\/urun\/mahrem-i-esrar\/","title":{"rendered":"Mahrem-i Esrar"},"content":{"rendered":"<p>Bir milletin omuz omuza verdi\u011fi kanl\u0131 bir m\u00fccadele\u2026 Kaz\u0131m Karabekir, bu m\u00fccadelenin en \u00f6nemli kahramanlar\u0131ndan biri&#8230; Onu anlamadan g\u00fcn\u00fcm\u00fcz\u00fc, onun hayat\u0131n\u0131 bilmeden yak\u0131n tarihimizi anlamak \u00e7ok zor\u2026 \u00c7etin \u015fartlar alt\u0131nda ge\u00e7en bir ya\u015fam\u2026 Sadece zafer kazan\u0131lana kadar de\u011fil, \u00f6lene kadar her g\u00fcn m\u00fccadele etmek zorunda b\u0131rak\u0131lan bir vatanperverin \u00f6yk\u00fcs\u00fc\u2026 Milli m\u00fccadeleyi ara\u015ft\u0131ran Ermeni as\u0131ll\u0131 bir gen\u00e7 k\u0131z\u0131n s\u0131rlarla dolu bir d\u00fcnyaya a\u00e7\u0131lan hayat\u0131\u2026 Y\u00fcz y\u0131l \u00f6ncesini bir ayna gibi kar\u015f\u0131s\u0131nda bulmas\u0131 ve ge\u00e7mi\u015fiyle hesapla\u015fmas\u0131\u2026 Okuyucuya s\u0131k s\u0131k duygu yo\u011funlu\u011fu ya\u015fatan bir roman\u2026 B\u0131rakal\u0131m son s\u00f6z\u00fc Karabekir Pa\u015fam\u0131z s\u00f6ylesin: \u201cKahramanl\u0131k vazifenin bitti\u011fi yerde ba\u015flar!\u201d <\/p>\n","protected":false},"excerpt":{"rendered":"<p>Bir milletin omuz omuza verdi\u011fi kanl\u0131 bir m\u00fccadele\u2026 Kaz\u0131m Karabekir, bu m\u00fccadelenin en \u00f6nemli kahramanlar\u0131ndan biri&#8230; Onu anlamadan g\u00fcn\u00fcm\u00fcz\u00fc, onun hayat\u0131n\u0131 bilmeden yak\u0131n tarihimizi anlamak \u00e7ok<span class=\"excerpt-hellip\"> [\u2026]<\/span><\/p>\n","protected":false},"featured_media":0,"template":"","meta":{"_monsterinsights_skip_tracking":false,"_monsterinsights_sitenote_active":false,"_monsterinsights_sitenote_note":"","_monsterinsights_sitenote_category":0},"product_brand":[],"product_cat":[12291,12745],"product_tag":[],"class_list":{"0":"post-723578","1":"product","2":"type-product","3":"status-publish","5":"product_cat-edebiyat","6":"product_cat-tarihi-roman","7":"pa_cilt-ciltsiz","8":"pa_tur-kitap","9":"pa_yayinevi-cinaralti-yayinlari","10":"pa_yazar-yusuf-eren","12":"first","13":"instock","14":"sale","15":"shipping-taxable","16":"purchasable","17":"product-type-simple"},"_links":{"self":[{"href":"https:\/\/roveyayinevi.com.tr\/index.php\/wp-json\/wp\/v2\/product\/723578","targetHints":{"allow":["GET"]}}],"collection":[{"href":"https:\/\/roveyayinevi.com.tr\/index.php\/wp-json\/wp\/v2\/product"}],"about":[{"href":"https:\/\/roveyayinevi.com.tr\/index.php\/wp-json\/wp\/v2\/types\/product"}],"wp:attachment":[{"href":"https:\/\/roveyayinevi.com.tr\/index.php\/wp-json\/wp\/v2\/media?parent=723578"}],"wp:term":[{"taxonomy":"product_brand","embeddable":true,"href":"https:\/\/roveyayinevi.com.tr\/index.php\/wp-json\/wp\/v2\/product_brand?post=723578"},{"taxonomy":"product_cat","embeddable":true,"href":"https:\/\/roveyayinevi.com.tr\/index.php\/wp-json\/wp\/v2\/product_cat?post=723578"},{"taxonomy":"product_tag","embeddable":true,"href":"https:\/\/roveyayinevi.com.tr\/index.php\/wp-json\/wp\/v2\/product_tag?post=723578"}],"curies":[{"name":"wp","href":"https:\/\/api.w.org\/{rel}","templated":true}]}}