{"id":723577,"date":"2025-08-27T19:20:57","date_gmt":"2025-08-27T16:20:57","guid":{"rendered":"https:\/\/roveyayinevi.com.tr\/index.php\/urun\/milli-hareket\/"},"modified":"2026-04-16T02:31:44","modified_gmt":"2026-04-15T23:31:44","slug":"milli-hareket","status":"publish","type":"product","link":"https:\/\/roveyayinevi.com.tr\/index.php\/urun\/milli-hareket\/","title":{"rendered":"Milli Hareket"},"content":{"rendered":"<p>Atak helikopteri, Altay Tank\u0131, Yerli otomobil, Amazon, Derman, Alkar, Kaplan, A\u00e7\u0131kdeniz karakol Gemisi, Havuzlu \u00c7\u0131karma Gemisi, Tank \u00c7\u0131karma Gemisi, Bozdo\u011fan,JMK Bora 12, Kaan-717, KCR 556 ve \u00e7ok daha fazla tamamen YERL\u0130 \u00dcRET\u0130M olan \u00dclkemizin g\u00fcvenli\u011fi i\u00e7in \u00f6nemli ve kimsenin ismini duymad\u0131\u011f\u0131 silahlar, tanklar,f\u00fczeler, gemiler\u2026 Yerli \u00fcretim olan ama hen\u00fcz \u00e7ok fazla g\u00fcndem olmam\u0131\u015f\u201cbirka\u00e7\u201d \u015faheser. <\/p>\n","protected":false},"excerpt":{"rendered":"<p>Atak helikopteri, Altay Tank\u0131, Yerli otomobil, Amazon, Derman, Alkar, Kaplan, A\u00e7\u0131kdeniz karakol Gemisi, Havuzlu \u00c7\u0131karma Gemisi, Tank \u00c7\u0131karma Gemisi, Bozdo\u011fan,JMK Bora 12, Kaan-717, KCR 556 ve<span class=\"excerpt-hellip\"> [\u2026]<\/span><\/p>\n","protected":false},"featured_media":0,"template":"","meta":{"_monsterinsights_skip_tracking":false,"_monsterinsights_sitenote_active":false,"_monsterinsights_sitenote_note":"","_monsterinsights_sitenote_category":0},"product_brand":[],"product_cat":[12304,13650],"product_tag":[],"class_list":{"0":"post-723577","1":"product","2":"type-product","3":"status-publish","5":"product_cat-tarih","6":"product_cat-turk-tarihi-arastirmalari","7":"pa_cilt-ciltsiz","8":"pa_tur-kitap","9":"pa_yayinevi-cinaralti-yayinlari","10":"pa_yazar-tarik-ince","12":"first","13":"instock","14":"sale","15":"shipping-taxable","16":"purchasable","17":"product-type-simple"},"_links":{"self":[{"href":"https:\/\/roveyayinevi.com.tr\/index.php\/wp-json\/wp\/v2\/product\/723577","targetHints":{"allow":["GET"]}}],"collection":[{"href":"https:\/\/roveyayinevi.com.tr\/index.php\/wp-json\/wp\/v2\/product"}],"about":[{"href":"https:\/\/roveyayinevi.com.tr\/index.php\/wp-json\/wp\/v2\/types\/product"}],"wp:attachment":[{"href":"https:\/\/roveyayinevi.com.tr\/index.php\/wp-json\/wp\/v2\/media?parent=723577"}],"wp:term":[{"taxonomy":"product_brand","embeddable":true,"href":"https:\/\/roveyayinevi.com.tr\/index.php\/wp-json\/wp\/v2\/product_brand?post=723577"},{"taxonomy":"product_cat","embeddable":true,"href":"https:\/\/roveyayinevi.com.tr\/index.php\/wp-json\/wp\/v2\/product_cat?post=723577"},{"taxonomy":"product_tag","embeddable":true,"href":"https:\/\/roveyayinevi.com.tr\/index.php\/wp-json\/wp\/v2\/product_tag?post=723577"}],"curies":[{"name":"wp","href":"https:\/\/api.w.org\/{rel}","templated":true}]}}