{"id":723576,"date":"2025-08-27T19:20:56","date_gmt":"2025-08-27T16:20:56","guid":{"rendered":"https:\/\/roveyayinevi.com.tr\/index.php\/urun\/sozhapsi\/"},"modified":"2026-04-16T02:31:44","modified_gmt":"2026-04-15T23:31:44","slug":"sozhapsi","status":"publish","type":"product","link":"https:\/\/roveyayinevi.com.tr\/index.php\/urun\/sozhapsi\/","title":{"rendered":"S\u00f6zhapsi"},"content":{"rendered":"<p>giderim\u2026 ard\u0131mda bir ayak izi olur suretim. tan\u0131nmaz olurum \u015fehrimde, belirsizle\u015fir kimli\u011fim&#8230;   giderim\u2026 kal\u0131rsam vururlar \u00e7\u00fcnk\u00fc, yar\u0131mlan\u0131r y\u00fcre\u011fim. i\u00e7im \u00e7ekilir ve her lodosta kurur g\u00f6zlerim\u2026   giderim\u2026 oturu\u015fum kalk\u0131\u015f\u0131m zarard\u0131r, y\u00fcr\u00fcy\u00fc\u015f\u00fcmle bulan\u0131r \u00e7\u00f6llerim. mevsimlere vururum g\u00f6vdemi, gittik\u00e7e durulur zihnim\u2026 <\/p>\n","protected":false},"excerpt":{"rendered":"<p>giderim\u2026 ard\u0131mda bir ayak izi olur suretim. tan\u0131nmaz olurum \u015fehrimde, belirsizle\u015fir kimli\u011fim&#8230; giderim\u2026 kal\u0131rsam vururlar \u00e7\u00fcnk\u00fc, yar\u0131mlan\u0131r y\u00fcre\u011fim. i\u00e7im \u00e7ekilir ve her lodosta kurur g\u00f6zlerim\u2026 giderim\u2026<span class=\"excerpt-hellip\"> [\u2026]<\/span><\/p>\n","protected":false},"featured_media":0,"template":"","meta":{"_monsterinsights_skip_tracking":false,"_monsterinsights_sitenote_active":false,"_monsterinsights_sitenote_note":"","_monsterinsights_sitenote_category":0},"product_brand":[],"product_cat":[12291,12509],"product_tag":[],"class_list":{"0":"post-723576","1":"product","2":"type-product","3":"status-publish","5":"product_cat-edebiyat","6":"product_cat-siir","7":"pa_cilt-ciltsiz","8":"pa_tur-kitap","9":"pa_yayinevi-cinaralti-yayinlari","10":"pa_yazar-mehmet-fatih-simsek","12":"first","13":"instock","14":"sale","15":"shipping-taxable","16":"purchasable","17":"product-type-simple"},"_links":{"self":[{"href":"https:\/\/roveyayinevi.com.tr\/index.php\/wp-json\/wp\/v2\/product\/723576","targetHints":{"allow":["GET"]}}],"collection":[{"href":"https:\/\/roveyayinevi.com.tr\/index.php\/wp-json\/wp\/v2\/product"}],"about":[{"href":"https:\/\/roveyayinevi.com.tr\/index.php\/wp-json\/wp\/v2\/types\/product"}],"wp:attachment":[{"href":"https:\/\/roveyayinevi.com.tr\/index.php\/wp-json\/wp\/v2\/media?parent=723576"}],"wp:term":[{"taxonomy":"product_brand","embeddable":true,"href":"https:\/\/roveyayinevi.com.tr\/index.php\/wp-json\/wp\/v2\/product_brand?post=723576"},{"taxonomy":"product_cat","embeddable":true,"href":"https:\/\/roveyayinevi.com.tr\/index.php\/wp-json\/wp\/v2\/product_cat?post=723576"},{"taxonomy":"product_tag","embeddable":true,"href":"https:\/\/roveyayinevi.com.tr\/index.php\/wp-json\/wp\/v2\/product_tag?post=723576"}],"curies":[{"name":"wp","href":"https:\/\/api.w.org\/{rel}","templated":true}]}}