{"id":723575,"date":"2025-08-27T19:20:55","date_gmt":"2025-08-27T16:20:55","guid":{"rendered":"https:\/\/roveyayinevi.com.tr\/index.php\/urun\/ipini-coz-dilindeki-guneslerin\/"},"modified":"2026-03-12T02:40:39","modified_gmt":"2026-03-11T23:40:39","slug":"ipini-coz-dilindeki-guneslerin","status":"publish","type":"product","link":"https:\/\/roveyayinevi.com.tr\/index.php\/urun\/ipini-coz-dilindeki-guneslerin\/","title":{"rendered":"\u0130pini \u00c7\u00f6z Dilindeki G\u00fcne\u015flerin"},"content":{"rendered":"<p>\u201d\u2026.. \u0130nsan ya \u015fairdir, ya de\u011fildir ama \u00e7al\u0131\u015fmadan da birka\u00e7 yetenek k\u0131r\u0131nt\u0131s\u0131n\u0131n \u00f6tesine ge\u00e7ilemez. Benim otogarda\u015f\u0131m Atilla K\u00fc\u00e7\u00fckala hem \u015fair do\u011fanlardan hem de yetene\u011fini \u00e7al\u0131\u015farak geli\u015ftirmi\u015f olanlardan. \u015eiir severler Atilla K\u00fc\u00e7\u00fckala\u2019n\u0131n kitab\u0131n\u0131 al\u0131p okumal\u0131lar. Her sayfas\u0131nda farkl\u0131 boyutlarda ve \u0131\u015f\u0131lt\u0131larda da olsa bir \u015fiir k\u0131v\u0131lc\u0131m\u0131yla kar\u015f\u0131la\u015facaklar\u0131na bahse girerim\u2026\u201d Ataol Behramo\u011flu \u015eair- Yazar <\/p>\n","protected":false},"excerpt":{"rendered":"<p>\u201d\u2026.. \u0130nsan ya \u015fairdir, ya de\u011fildir ama \u00e7al\u0131\u015fmadan da birka\u00e7 yetenek k\u0131r\u0131nt\u0131s\u0131n\u0131n \u00f6tesine ge\u00e7ilemez. Benim otogarda\u015f\u0131m Atilla K\u00fc\u00e7\u00fckala hem \u015fair do\u011fanlardan hem de yetene\u011fini \u00e7al\u0131\u015farak geli\u015ftirmi\u015f<span class=\"excerpt-hellip\"> [\u2026]<\/span><\/p>\n","protected":false},"featured_media":0,"template":"","meta":{"_monsterinsights_skip_tracking":false,"_monsterinsights_sitenote_active":false,"_monsterinsights_sitenote_note":"","_monsterinsights_sitenote_category":0},"product_brand":[],"product_cat":[12291,12509],"product_tag":[],"class_list":{"0":"post-723575","1":"product","2":"type-product","3":"status-publish","5":"product_cat-edebiyat","6":"product_cat-siir","7":"pa_cilt-ciltsiz","8":"pa_tur-kitap","9":"pa_yayinevi-kirmizi-cati-yayinlari","10":"pa_yazar-atilla-kucukala","12":"first","13":"instock","14":"sale","15":"shipping-taxable","16":"purchasable","17":"product-type-simple"},"_links":{"self":[{"href":"https:\/\/roveyayinevi.com.tr\/index.php\/wp-json\/wp\/v2\/product\/723575","targetHints":{"allow":["GET"]}}],"collection":[{"href":"https:\/\/roveyayinevi.com.tr\/index.php\/wp-json\/wp\/v2\/product"}],"about":[{"href":"https:\/\/roveyayinevi.com.tr\/index.php\/wp-json\/wp\/v2\/types\/product"}],"wp:attachment":[{"href":"https:\/\/roveyayinevi.com.tr\/index.php\/wp-json\/wp\/v2\/media?parent=723575"}],"wp:term":[{"taxonomy":"product_brand","embeddable":true,"href":"https:\/\/roveyayinevi.com.tr\/index.php\/wp-json\/wp\/v2\/product_brand?post=723575"},{"taxonomy":"product_cat","embeddable":true,"href":"https:\/\/roveyayinevi.com.tr\/index.php\/wp-json\/wp\/v2\/product_cat?post=723575"},{"taxonomy":"product_tag","embeddable":true,"href":"https:\/\/roveyayinevi.com.tr\/index.php\/wp-json\/wp\/v2\/product_tag?post=723575"}],"curies":[{"name":"wp","href":"https:\/\/api.w.org\/{rel}","templated":true}]}}