{"id":723573,"date":"2025-08-27T19:20:53","date_gmt":"2025-08-27T16:20:53","guid":{"rendered":"https:\/\/roveyayinevi.com.tr\/index.php\/urun\/karlar-yagmurlardan-once-duser-gozlerime\/"},"modified":"2026-03-12T02:40:39","modified_gmt":"2026-03-11T23:40:39","slug":"karlar-yagmurlardan-once-duser-gozlerime","status":"publish","type":"product","link":"https:\/\/roveyayinevi.com.tr\/index.php\/urun\/karlar-yagmurlardan-once-duser-gozlerime\/","title":{"rendered":"Karlar Ya\u011fmurlardan \u00d6nce D\u00fc\u015fer G\u00f6zlerime"},"content":{"rendered":"<p>Devlet ve KentBabalar ki upuzun bir yoldurGitmekle bitmeyen tozlu bir yolBabalar ki evlerin bacas\u0131nda sigara t\u00fctt\u00fcrenVe her g\u00fcn g\u00f6ky\u00fcz\u00fcn\u00fc kirleten Babalar ki sesi kimseye benzemeyen Diliyle namlunun ucunda bekleyenBabalar ki sussa \u00f6ter belki ku\u015fumuzBabalar ki b\u00fcy\u00fck e\u015fyas\u0131d\u0131r evlerinDev g\u00f6lgesinde  kaplar her yeri Belki de evler bu y\u00fczden bu kadar a\u011f\u0131rTa\u015f\u0131nmas\u0131 zor bir y\u00fck gibiBabalar ki g\u00fcne\u015fin do\u011fmad\u0131\u011f\u0131 y\u00f6ndedirY\u00fcz\u00fcyle karart\u0131r her yeriBabalar ki ellerimizden tutsa y\u00fcr\u00fcr belki \u00e7o\u011fumuz&#8230;Babalar ki yanl\u0131zl\u0131klar\u0131n en b\u00fcy\u00fck d\u00fc\u015fman\u0131d\u0131ra&#8230; dese hemen ka\u00e7ar yanl\u0131zl\u0131klarBelki de yanl\u0131zl\u0131klar babalar\u0131n olmad\u0131\u011f\u0131 yerdedirBabalar ki en b\u00fcy\u00fck e\u015fk\u0131yad\u0131r\u015eehrin surlar\u0131nda yanl\u0131zl\u0131klar\u0131n pe\u015finde gezenBabalar ki g\u00fclse ge\u00e7er belki korkumuz<\/p>\n","protected":false},"excerpt":{"rendered":"<p>Devlet ve KentBabalar ki upuzun bir yoldurGitmekle bitmeyen tozlu bir yolBabalar ki evlerin bacas\u0131nda sigara t\u00fctt\u00fcrenVe her g\u00fcn g\u00f6ky\u00fcz\u00fcn\u00fc kirleten Babalar ki sesi kimseye benzemeyen Diliyle<span class=\"excerpt-hellip\"> [\u2026]<\/span><\/p>\n","protected":false},"featured_media":0,"template":"","meta":{"_monsterinsights_skip_tracking":false,"_monsterinsights_sitenote_active":false,"_monsterinsights_sitenote_note":"","_monsterinsights_sitenote_category":0},"product_brand":[],"product_cat":[12291,12509],"product_tag":[],"class_list":{"0":"post-723573","1":"product","2":"type-product","3":"status-publish","5":"product_cat-edebiyat","6":"product_cat-siir","7":"pa_cilt-ciltsiz","8":"pa_tur-kitap","9":"pa_yayinevi-kirmizi-cati-yayinlari","10":"pa_yazar-serhat-olcer","12":"first","13":"instock","14":"sale","15":"shipping-taxable","16":"purchasable","17":"product-type-simple"},"_links":{"self":[{"href":"https:\/\/roveyayinevi.com.tr\/index.php\/wp-json\/wp\/v2\/product\/723573","targetHints":{"allow":["GET"]}}],"collection":[{"href":"https:\/\/roveyayinevi.com.tr\/index.php\/wp-json\/wp\/v2\/product"}],"about":[{"href":"https:\/\/roveyayinevi.com.tr\/index.php\/wp-json\/wp\/v2\/types\/product"}],"wp:attachment":[{"href":"https:\/\/roveyayinevi.com.tr\/index.php\/wp-json\/wp\/v2\/media?parent=723573"}],"wp:term":[{"taxonomy":"product_brand","embeddable":true,"href":"https:\/\/roveyayinevi.com.tr\/index.php\/wp-json\/wp\/v2\/product_brand?post=723573"},{"taxonomy":"product_cat","embeddable":true,"href":"https:\/\/roveyayinevi.com.tr\/index.php\/wp-json\/wp\/v2\/product_cat?post=723573"},{"taxonomy":"product_tag","embeddable":true,"href":"https:\/\/roveyayinevi.com.tr\/index.php\/wp-json\/wp\/v2\/product_tag?post=723573"}],"curies":[{"name":"wp","href":"https:\/\/api.w.org\/{rel}","templated":true}]}}