{"id":723568,"date":"2025-08-27T19:20:48","date_gmt":"2025-08-27T16:20:48","guid":{"rendered":"https:\/\/roveyayinevi.com.tr\/index.php\/urun\/ask-ve-ayak-parmaklari\/"},"modified":"2026-04-16T02:31:44","modified_gmt":"2026-04-15T23:31:44","slug":"ask-ve-ayak-parmaklari","status":"publish","type":"product","link":"https:\/\/roveyayinevi.com.tr\/index.php\/urun\/ask-ve-ayak-parmaklari\/","title":{"rendered":"A\u015fk ve Ayak Parmaklar\u0131"},"content":{"rendered":"<p>Prof.Dr. Naz\u0131m Hikmet Polat taraf\u0131ndan haz\u0131rlanan \u00d6t\u00fcken\u2019in \u00d6mer Seyfettin K\u00fclliyat\u0131; yazar\u0131n sa\u011fl\u0131\u011f\u0131nda yay\u0131mlad\u0131\u011f\u0131 kitaplar esas al\u0131narak ayn\u0131 \u00e7er\u00e7evedeki di\u011fer metinlerin ilgili eserlere eklenmesiyle meydana getirilmi\u015ftir.  Hik\u00e2ye dizisiyle ba\u015flat\u0131lan k\u00fclliyat\u0131n bu cildinde 23\u2019\u00fc telif, 14\u2019\u00fc terc\u00fcme, toplam 37 hik\u00e2ye yer almaktad\u0131r ve bu cilt hik\u00e2ye k\u00fclliyat\u0131n\u0131n da son cildidir. Son cilt olan A\u015fk ve Ayak Parmaklar\u0131 &#8211; Sultanl\u0131\u011f\u0131n Sonu\u2019nda, anlatma esas\u0131na ba\u011fl\u0131 telif ve terc\u00fcme b\u00fct\u00fcn metinler kronolojik ve alfabetik listeler h\u00e2linde verilmi\u015ftir. Bu metinler hik\u00e2ye olarak de\u011ferlendirilmi\u015ftir ve eklemek gerekir ki terc\u00fcme hik\u00e2yeler, onun yazarl\u0131ktaki kudretini de\u011fil ama terc\u00fcmedeki tercihlerini g\u00f6stermektedir.   Hik\u00e2ye k\u00fclliyat\u0131n\u0131n \u00d6t\u00fcken Ne\u015friyat taraf\u0131ndan yay\u0131mlanm\u0131\u015f di\u011fer ciltlerinde \u00d6mer Seyfettin i\u00e7inkurulmu\u015f \u015fu c\u00fcmleleri tekrar etmekte bir beis yoktur: \u00d6mer Seyfettin, kendisinden \u00f6nceki hik\u00e2yecileri g\u00f6lgede b\u0131rakacak derecede g\u00fczel ve sa\u011flam yap\u0131l\u0131 hik\u00e2yeler kaleme alm\u0131\u015f bir yazar\u0131m\u0131zd\u0131r. D\u00fcnya edebiyat\u0131 i\u00e7inde T\u00fcrk hik\u00e2yecili\u011fini temsil edebilecek isimler aras\u0131nda onu en ba\u015fa yazabiliriz.   Bu, abart\u0131l\u0131 bir ifade de\u011fildir. Onun de\u011ferini idrak edenlerin mutab\u0131k olaca\u011f\u0131 bir iddiad\u0131r.<\/p>\n","protected":false},"excerpt":{"rendered":"<p>Prof.Dr. Naz\u0131m Hikmet Polat taraf\u0131ndan haz\u0131rlanan \u00d6t\u00fcken\u2019in \u00d6mer Seyfettin K\u00fclliyat\u0131; yazar\u0131n sa\u011fl\u0131\u011f\u0131nda yay\u0131mlad\u0131\u011f\u0131 kitaplar esas al\u0131narak ayn\u0131 \u00e7er\u00e7evedeki di\u011fer metinlerin ilgili eserlere eklenmesiyle meydana getirilmi\u015ftir. Hik\u00e2ye<span class=\"excerpt-hellip\"> [\u2026]<\/span><\/p>\n","protected":false},"featured_media":0,"template":"","meta":{"_monsterinsights_skip_tracking":false,"_monsterinsights_sitenote_active":false,"_monsterinsights_sitenote_note":"","_monsterinsights_sitenote_category":0},"product_brand":[],"product_cat":[12291,18202],"product_tag":[],"class_list":{"0":"post-723568","1":"product","2":"type-product","3":"status-publish","5":"product_cat-edebiyat","6":"product_cat-hikaye","7":"pa_cilt-ciltsiz","8":"pa_tur-kitap","9":"pa_yayinevi-otuken-nesriyat","10":"pa_yazar-omer-seyfettin","12":"first","13":"instock","14":"sale","15":"shipping-taxable","16":"purchasable","17":"product-type-simple"},"_links":{"self":[{"href":"https:\/\/roveyayinevi.com.tr\/index.php\/wp-json\/wp\/v2\/product\/723568","targetHints":{"allow":["GET"]}}],"collection":[{"href":"https:\/\/roveyayinevi.com.tr\/index.php\/wp-json\/wp\/v2\/product"}],"about":[{"href":"https:\/\/roveyayinevi.com.tr\/index.php\/wp-json\/wp\/v2\/types\/product"}],"wp:attachment":[{"href":"https:\/\/roveyayinevi.com.tr\/index.php\/wp-json\/wp\/v2\/media?parent=723568"}],"wp:term":[{"taxonomy":"product_brand","embeddable":true,"href":"https:\/\/roveyayinevi.com.tr\/index.php\/wp-json\/wp\/v2\/product_brand?post=723568"},{"taxonomy":"product_cat","embeddable":true,"href":"https:\/\/roveyayinevi.com.tr\/index.php\/wp-json\/wp\/v2\/product_cat?post=723568"},{"taxonomy":"product_tag","embeddable":true,"href":"https:\/\/roveyayinevi.com.tr\/index.php\/wp-json\/wp\/v2\/product_tag?post=723568"}],"curies":[{"name":"wp","href":"https:\/\/api.w.org\/{rel}","templated":true}]}}