{"id":723565,"date":"2025-08-27T19:20:45","date_gmt":"2025-08-27T16:20:45","guid":{"rendered":"https:\/\/roveyayinevi.com.tr\/index.php\/urun\/okyanustaki-dostlarimiz\/"},"modified":"2026-04-16T02:31:44","modified_gmt":"2026-04-15T23:31:44","slug":"okyanustaki-dostlarimiz","status":"publish","type":"product","link":"https:\/\/roveyayinevi.com.tr\/index.php\/urun\/okyanustaki-dostlarimiz\/","title":{"rendered":"Okyanustaki Dostlar\u0131m\u0131z"},"content":{"rendered":"<p>Okul \u00f6ncesi d\u00f6nemdeki \u00e7ocuklar\u0131n \u00e7evrelerinde ve d\u00fcnyada olanlara kar\u015f\u0131 bitip t\u00fckenmeyen meraklar\u0131 olur. \u00c7ocuklar\u0131n ilgilerini, bilmeye ve bilime olan meraklar\u0131n\u0131 desteklemek amac\u0131yla haz\u0131rlanan bu seride, seviyeye uygun yal\u0131n bir anlat\u0131m yer al\u0131yor. Nitelikli ve ger\u00e7ek\u00e7i g\u00f6rsellerle desteklenen her kitap belgesel niteli\u011fi ta\u015f\u0131yor.Okyanusta pek \u00e7ok ilgin\u00e7 canl\u0131 ya\u015far. Sular \u00e7ekildi\u011finde gel-git d\u00fczl\u00fc\u011f\u00fcnde; kayalar \u00fcst\u00fcnde deniz salyangozunu, kuma g\u00f6m\u00fcl\u00fc kum kurdunu, dikenleriyle kendini koruyan denizkestanesini, hayalet yengeci ve pek \u00e7ok ilgi \u00e7ekici canl\u0131y\u0131 g\u00f6rmek m\u00fcmk\u00fcnd\u00fcr. Bu kitap okyanus k\u0131y\u0131lar\u0131n\u0131 t\u00fcm detaylar\u0131yla \u00e7ocuklara sunuyor.<\/p>\n","protected":false},"excerpt":{"rendered":"<p>Okul \u00f6ncesi d\u00f6nemdeki \u00e7ocuklar\u0131n \u00e7evrelerinde ve d\u00fcnyada olanlara kar\u015f\u0131 bitip t\u00fckenmeyen meraklar\u0131 olur. \u00c7ocuklar\u0131n ilgilerini, bilmeye ve bilime olan meraklar\u0131n\u0131 desteklemek amac\u0131yla haz\u0131rlanan bu seride, seviyeye<span class=\"excerpt-hellip\"> [\u2026]<\/span><\/p>\n","protected":false},"featured_media":0,"template":"","meta":{"_monsterinsights_skip_tracking":false,"_monsterinsights_sitenote_active":false,"_monsterinsights_sitenote_note":"","_monsterinsights_sitenote_category":0},"product_brand":[],"product_cat":[13829,12274],"product_tag":[],"class_list":{"0":"post-723565","1":"product","2":"type-product","3":"status-publish","5":"product_cat-bilimsel-kitaplar","6":"product_cat-cocuk-ve-genclik-kitaplari","7":"pa_cilt-ciltsiz","8":"pa_tur-kitap","9":"pa_yayinevi-erdem-cocuk","10":"pa_yazar-hui-jeong-yun","12":"first","13":"instock","14":"sale","15":"shipping-taxable","16":"purchasable","17":"product-type-simple"},"_links":{"self":[{"href":"https:\/\/roveyayinevi.com.tr\/index.php\/wp-json\/wp\/v2\/product\/723565","targetHints":{"allow":["GET"]}}],"collection":[{"href":"https:\/\/roveyayinevi.com.tr\/index.php\/wp-json\/wp\/v2\/product"}],"about":[{"href":"https:\/\/roveyayinevi.com.tr\/index.php\/wp-json\/wp\/v2\/types\/product"}],"wp:attachment":[{"href":"https:\/\/roveyayinevi.com.tr\/index.php\/wp-json\/wp\/v2\/media?parent=723565"}],"wp:term":[{"taxonomy":"product_brand","embeddable":true,"href":"https:\/\/roveyayinevi.com.tr\/index.php\/wp-json\/wp\/v2\/product_brand?post=723565"},{"taxonomy":"product_cat","embeddable":true,"href":"https:\/\/roveyayinevi.com.tr\/index.php\/wp-json\/wp\/v2\/product_cat?post=723565"},{"taxonomy":"product_tag","embeddable":true,"href":"https:\/\/roveyayinevi.com.tr\/index.php\/wp-json\/wp\/v2\/product_tag?post=723565"}],"curies":[{"name":"wp","href":"https:\/\/api.w.org\/{rel}","templated":true}]}}