{"id":723562,"date":"2025-08-27T19:20:43","date_gmt":"2025-08-27T16:20:43","guid":{"rendered":"https:\/\/roveyayinevi.com.tr\/index.php\/urun\/cesur-kedi-milady\/"},"modified":"2026-04-16T02:31:44","modified_gmt":"2026-04-15T23:31:44","slug":"cesur-kedi-milady","status":"publish","type":"product","link":"https:\/\/roveyayinevi.com.tr\/index.php\/urun\/cesur-kedi-milady\/","title":{"rendered":"Cesur Kedi Milady"},"content":{"rendered":"<p>Milady bas gitar\u0131n\u0131 \u00e7ok seviyor ancak bas gitar \u00e7alman\u0131n k\u0131zlara g\u00f6re bir \u015fey olmamas\u0131ndan korkuyor! Arkada\u015flar\u0131 onu bunun tam tersi oldu\u011funa ikna etmek i\u00e7in her \u015feyi deniyorlar: K\u0131z kedilere ve erkek kedilere g\u00f6re \u015feyler oldu\u011funu da kim \u00e7\u0131kartt\u0131?<\/p>\n","protected":false},"excerpt":{"rendered":"<p>Milady bas gitar\u0131n\u0131 \u00e7ok seviyor ancak bas gitar \u00e7alman\u0131n k\u0131zlara g\u00f6re bir \u015fey olmamas\u0131ndan korkuyor! Arkada\u015flar\u0131 onu bunun tam tersi oldu\u011funa ikna etmek i\u00e7in her \u015feyi<span class=\"excerpt-hellip\"> [\u2026]<\/span><\/p>\n","protected":false},"featured_media":0,"template":"","meta":{"_monsterinsights_skip_tracking":false,"_monsterinsights_sitenote_active":false,"_monsterinsights_sitenote_note":"","_monsterinsights_sitenote_category":0},"product_brand":[],"product_cat":[12274,12284],"product_tag":[],"class_list":{"0":"post-723562","1":"product","2":"type-product","3":"status-publish","5":"product_cat-cocuk-ve-genclik-kitaplari","6":"product_cat-hikayeler","7":"pa_cilt-ciltsiz","8":"pa_tur-kitap","9":"pa_yayinevi-eksik-parca-yayinlari","10":"pa_yazar-kolektif","12":"first","13":"instock","14":"sale","15":"shipping-taxable","16":"purchasable","17":"product-type-simple"},"_links":{"self":[{"href":"https:\/\/roveyayinevi.com.tr\/index.php\/wp-json\/wp\/v2\/product\/723562","targetHints":{"allow":["GET"]}}],"collection":[{"href":"https:\/\/roveyayinevi.com.tr\/index.php\/wp-json\/wp\/v2\/product"}],"about":[{"href":"https:\/\/roveyayinevi.com.tr\/index.php\/wp-json\/wp\/v2\/types\/product"}],"wp:attachment":[{"href":"https:\/\/roveyayinevi.com.tr\/index.php\/wp-json\/wp\/v2\/media?parent=723562"}],"wp:term":[{"taxonomy":"product_brand","embeddable":true,"href":"https:\/\/roveyayinevi.com.tr\/index.php\/wp-json\/wp\/v2\/product_brand?post=723562"},{"taxonomy":"product_cat","embeddable":true,"href":"https:\/\/roveyayinevi.com.tr\/index.php\/wp-json\/wp\/v2\/product_cat?post=723562"},{"taxonomy":"product_tag","embeddable":true,"href":"https:\/\/roveyayinevi.com.tr\/index.php\/wp-json\/wp\/v2\/product_tag?post=723562"}],"curies":[{"name":"wp","href":"https:\/\/api.w.org\/{rel}","templated":true}]}}