{"id":723561,"date":"2025-08-27T19:20:42","date_gmt":"2025-08-27T16:20:42","guid":{"rendered":"https:\/\/roveyayinevi.com.tr\/index.php\/urun\/dis-kapinin-mandali\/"},"modified":"2026-04-11T02:38:32","modified_gmt":"2026-04-10T23:38:32","slug":"dis-kapinin-mandali","status":"publish","type":"product","link":"https:\/\/roveyayinevi.com.tr\/index.php\/urun\/dis-kapinin-mandali\/","title":{"rendered":"D\u0131\u015f Kap\u0131n\u0131n Mandal\u0131"},"content":{"rendered":"<p>2015 Ya\u015far Nabi Nay\u0131r \u00d6d\u00fcl\u00fc\u2019n\u00fc alan D\u0131\u015f Kap\u0131n\u0131n Mandal\u0131, Arzu U\u00e7ar\u2019\u0131n ilk \u00f6yk\u00fc kitab\u0131. Kendini nereye koyaca\u011f\u0131n\u0131 bilemeyen ruhlar\u0131n kap\u0131 e\u015fiklerinde, pencere kenarlar\u0131nda gizlendi\u011fi, bazen de varl\u0131\u011f\u0131n\u0131 ispat i\u00e7in sokaklara d\u00f6k\u00fcld\u00fc\u011f\u00fc \u00f6yk\u00fcler bunlar. Ben olmasam ne de\u011fi\u015firdi, sorusunun cevab\u0131n\u0131 ararken kendi duygular\u0131na bile yabanc\u0131 oldu\u011funu fark eden karakterlerle tan\u0131\u015f\u0131yoruz. Ve onlarla beraber soruyoruz kendimize: Beni tamamlayacak olan\u0131 buldu\u011fumda onu nas\u0131l tan\u0131yaca\u011f\u0131m?   \u201cKocaman evrende, bir gezegenin i\u00e7indeki bir k\u0131tada, o k\u0131tan\u0131n i\u00e7indeki bir \u00fclkede, o \u00fclkenin i\u00e7indeki bir \u015fehrin soka\u011f\u0131nda, \u00fc\u00e7\u00fcnc\u00fc kattaki bir evin yatak odas\u0131nda, \u00f6rt\u00fcler alt\u0131nda b\u00fcz\u00fclm\u00fc\u015f a\u011flayan minicik bir kad\u0131n. Birbirini sarmalayan, i\u00e7 i\u00e7e ge\u00e7mi\u015f olu\u015fumlar\u0131n i\u00e7inde nokta gibi, k\u00fc\u00e7\u00fcc\u00fck bir varl\u0131k. Tepesindeki y\u0131ld\u0131zlar kadar g\u00fczelken art\u0131k kimsenin bak\u0131p g\u00f6rmedi\u011fi, silikle\u015fmi\u015f bir nokta. Yatt\u0131\u011f\u0131 yataktan bir daha kalkamasa yoklu\u011funu kimsenin fark etmeyece\u011fi, hi\u00e7bir yeri doldurmayan \u00f6nemsiz bir iz.\u201d <\/p>\n","protected":false},"excerpt":{"rendered":"<p>2015 Ya\u015far Nabi Nay\u0131r \u00d6d\u00fcl\u00fc\u2019n\u00fc alan D\u0131\u015f Kap\u0131n\u0131n Mandal\u0131, Arzu U\u00e7ar\u2019\u0131n ilk \u00f6yk\u00fc kitab\u0131. Kendini nereye koyaca\u011f\u0131n\u0131 bilemeyen ruhlar\u0131n kap\u0131 e\u015fiklerinde, pencere kenarlar\u0131nda gizlendi\u011fi, bazen de<span class=\"excerpt-hellip\"> [\u2026]<\/span><\/p>\n","protected":false},"featured_media":0,"template":"","meta":{"_monsterinsights_skip_tracking":false,"_monsterinsights_sitenote_active":false,"_monsterinsights_sitenote_note":"","_monsterinsights_sitenote_category":0},"product_brand":[],"product_cat":[12291,12711],"product_tag":[],"class_list":{"0":"post-723561","1":"product","2":"type-product","3":"status-publish","5":"product_cat-edebiyat","6":"product_cat-roman-oyku","7":"pa_cilt-ciltsiz","8":"pa_tur-kitap","9":"pa_yayinevi-ithaki-yayinlari","10":"pa_yazar-arzu-ucar","12":"first","13":"instock","14":"sale","15":"shipping-taxable","16":"purchasable","17":"product-type-simple"},"_links":{"self":[{"href":"https:\/\/roveyayinevi.com.tr\/index.php\/wp-json\/wp\/v2\/product\/723561","targetHints":{"allow":["GET"]}}],"collection":[{"href":"https:\/\/roveyayinevi.com.tr\/index.php\/wp-json\/wp\/v2\/product"}],"about":[{"href":"https:\/\/roveyayinevi.com.tr\/index.php\/wp-json\/wp\/v2\/types\/product"}],"wp:attachment":[{"href":"https:\/\/roveyayinevi.com.tr\/index.php\/wp-json\/wp\/v2\/media?parent=723561"}],"wp:term":[{"taxonomy":"product_brand","embeddable":true,"href":"https:\/\/roveyayinevi.com.tr\/index.php\/wp-json\/wp\/v2\/product_brand?post=723561"},{"taxonomy":"product_cat","embeddable":true,"href":"https:\/\/roveyayinevi.com.tr\/index.php\/wp-json\/wp\/v2\/product_cat?post=723561"},{"taxonomy":"product_tag","embeddable":true,"href":"https:\/\/roveyayinevi.com.tr\/index.php\/wp-json\/wp\/v2\/product_tag?post=723561"}],"curies":[{"name":"wp","href":"https:\/\/api.w.org\/{rel}","templated":true}]}}