{"id":723557,"date":"2025-08-27T19:20:39","date_gmt":"2025-08-27T16:20:39","guid":{"rendered":"https:\/\/roveyayinevi.com.tr\/index.php\/urun\/antonius-ve-kleopatra-4\/"},"modified":"2026-04-16T02:31:44","modified_gmt":"2026-04-15T23:31:44","slug":"antonius-ve-kleopatra-4","status":"publish","type":"product","link":"https:\/\/roveyayinevi.com.tr\/index.php\/urun\/antonius-ve-kleopatra-4\/","title":{"rendered":"Antonius Ve Kleopatra"},"content":{"rendered":"<p>Historia est magister vitae (Tarih, ya\u015fam dersi veren bir \u00f6\u011fretmendir); bu yap\u0131t da ayn\u0131 g\u00f6revi ger\u00e7ekle\u015ftiren bir ara\u00e7t\u0131r. Ge\u00e7mi\u015ften ders al\u0131r\u0131z, gelece\u011fi planlay\u0131p bi\u00e7imlendiririz. Yery\u00fcz\u00fcn\u00fcn en b\u00fcy\u00fck ve en uzun ya\u015fam\u0131\u015f imparatorlu\u011funu ne t\u00fcr ki\u015filiklerin nas\u0131l y\u00f6netti\u011fini; ki\u015fisel duygu ve d\u00fc\u015f\u00fcnceleriyle, \u00e7\u0131karlar\u0131 ve ya\u015fam bi\u00e7imleriyle devlete ettikleri iyilik ya da k\u00f6t\u00fcl\u00fckleri her bilim adam\u0131n\u0131n, devlet adam\u0131n\u0131n, k\u0131sacas\u0131 merakl\u0131 okur-yazar\u0131n bilmesi gerekir.   Bir yanda devlet ve toplumsal giri\u015fimlerde kad\u0131nlara yer verilmeyen bir \u00e7a\u011fda M\u0131s\u0131r devletini ba\u015far\u0131yla y\u00f6neten, zeki ve \u00e7e\u015fitli yeteneklerle donat\u0131lm\u0131\u015f, kendi y\u00f6netimi alt\u0131ndaki soylara kendi dillerinde seslenen \u00e7ok dilli bir krali\u00e7enin var olmas\u0131, \u00f6te yanda bu krali\u00e7enin kendi devletinin \u00e7\u0131karlar\u0131 i\u00e7in Roma\u2019da en y\u00fcksek kamu g\u00f6revine gelmi\u015f ve kendi \u00e7\u0131karlar\u0131n\u0131 \u00f6nde tutarak devlete zarar verme pahas\u0131na birbirleriyle yar\u0131\u015fan ve sava\u015fan Pompeius Magnus, Julius Caesar ve Marcus Antonius adl\u0131 \u00fc\u00e7 Romal\u0131 komutan\u0131 kendine ba\u011flay\u0131p avucunda oynatabilmesi ve bunlardan \u00e7ocuklar\u0131n\u0131n olmas\u0131 insan\u0131 hayrete d\u00fc\u015f\u00fcren tarih\u00ee bir \u00e7eli\u015fkidir.   Bu yap\u0131tta bu a\u00e7\u0131lardan yaln\u0131z Marcus Antonius ve Kleopatra de\u011fil Roma toplumunun pek \u00e7ok \u00fcst d\u00fczey ki\u015filerinden de s\u00f6z edilmektedir. Dolay\u0131s\u0131 ile M\u00d6 I. y\u00fczy\u0131l\u0131n ikinci yar\u0131s\u0131ndaki Roma siyasi ya\u015fam\u0131, buna y\u00f6n veren ki\u015filer ve olaylar, Plutarkhos\u2019un kaleminden ak\u0131c\u0131 dille, canl\u0131 bir \u015fekilde anlat\u0131lm\u0131\u015ft\u0131r. B\u00f6ylece t\u00fcm yap\u0131t zevkle okunabilecek tarih\u00ee bir roman \u00f6zelli\u011fi kazanm\u0131\u015ft\u0131r. Plutarkhos\u2019un bu yap\u0131t\u0131 ve bat\u0131 dillerine \u00e7evrilmi\u015f di\u011fer baz\u0131 yap\u0131tlar\u0131, Shakespeare gibi pek \u00e7ok bat\u0131l\u0131 yazara esin kayna\u011f\u0131 olmu\u015ftur. <\/p>\n","protected":false},"excerpt":{"rendered":"<p>Historia est magister vitae (Tarih, ya\u015fam dersi veren bir \u00f6\u011fretmendir); bu yap\u0131t da ayn\u0131 g\u00f6revi ger\u00e7ekle\u015ftiren bir ara\u00e7t\u0131r. Ge\u00e7mi\u015ften ders al\u0131r\u0131z, gelece\u011fi planlay\u0131p bi\u00e7imlendiririz. Yery\u00fcz\u00fcn\u00fcn en<span class=\"excerpt-hellip\"> [\u2026]<\/span><\/p>\n","protected":false},"featured_media":0,"template":"","meta":{"_monsterinsights_skip_tracking":false,"_monsterinsights_sitenote_active":false,"_monsterinsights_sitenote_note":"","_monsterinsights_sitenote_category":0},"product_brand":[],"product_cat":[12370,12304],"product_tag":[],"class_list":{"0":"post-723557","1":"product","2":"type-product","3":"status-publish","5":"product_cat-arastirma-inceleme","6":"product_cat-tarih","7":"pa_cilt-ciltsiz","8":"pa_tur-kitap","9":"pa_yayinevi-dogu-bati-yayinlari","10":"pa_yazar-mestrius-plutarkhos","12":"first","13":"instock","14":"sale","15":"shipping-taxable","16":"purchasable","17":"product-type-simple"},"_links":{"self":[{"href":"https:\/\/roveyayinevi.com.tr\/index.php\/wp-json\/wp\/v2\/product\/723557","targetHints":{"allow":["GET"]}}],"collection":[{"href":"https:\/\/roveyayinevi.com.tr\/index.php\/wp-json\/wp\/v2\/product"}],"about":[{"href":"https:\/\/roveyayinevi.com.tr\/index.php\/wp-json\/wp\/v2\/types\/product"}],"wp:attachment":[{"href":"https:\/\/roveyayinevi.com.tr\/index.php\/wp-json\/wp\/v2\/media?parent=723557"}],"wp:term":[{"taxonomy":"product_brand","embeddable":true,"href":"https:\/\/roveyayinevi.com.tr\/index.php\/wp-json\/wp\/v2\/product_brand?post=723557"},{"taxonomy":"product_cat","embeddable":true,"href":"https:\/\/roveyayinevi.com.tr\/index.php\/wp-json\/wp\/v2\/product_cat?post=723557"},{"taxonomy":"product_tag","embeddable":true,"href":"https:\/\/roveyayinevi.com.tr\/index.php\/wp-json\/wp\/v2\/product_tag?post=723557"}],"curies":[{"name":"wp","href":"https:\/\/api.w.org\/{rel}","templated":true}]}}