{"id":723556,"date":"2025-08-27T19:20:38","date_gmt":"2025-08-27T16:20:38","guid":{"rendered":"https:\/\/roveyayinevi.com.tr\/index.php\/urun\/korler-ulkesi-ve-diger-karanlik-oykuler\/"},"modified":"2026-04-16T02:31:44","modified_gmt":"2026-04-15T23:31:44","slug":"korler-ulkesi-ve-diger-karanlik-oykuler","status":"publish","type":"product","link":"https:\/\/roveyayinevi.com.tr\/index.php\/urun\/korler-ulkesi-ve-diger-karanlik-oykuler\/","title":{"rendered":"K\u00f6rler \u00dclkesi ve Di\u011fer Karanl\u0131k \u00d6yk\u00fcler"},"content":{"rendered":"<p>\u201cH. G. Wells bana y\u00f6nelmem gereken yolu g\u00f6sterdi, ben de oraya gittim.\u201d \u2013Ray Bradbury   \u201cYazd\u0131klar\u0131n\u0131n, t\u00fcr\u00fcm\u00fcz\u00fcn ortak haf\u0131zas\u0131na kaz\u0131naca\u011f\u0131n\u0131, yazar\u0131n\u0131n \u00fcn\u00fcn\u00fcn ya da kulland\u0131\u011f\u0131 dilin yok olu\u015funun \u00f6tesine ge\u00e7ece\u011fini d\u00fc\u015f\u00fcn\u00fcyorum.\u201d \u2013Jorge Luis Borges   \u201cDerin hayranl\u0131k besledi\u011fim yazarlardan birisi de H. G. Wells\u2019tir.\u201d \u2013Vladimir Nabokov   Ursula K. Le Guin\u2019in, \u201cOnun yazd\u0131klar\u0131 edebiyat\u0131m\u0131zdaki belli ba\u015fl\u0131, h\u00e2l\u00e2 ke\u015ffetmeye devam etti\u011fimiz efsanevi e\u011filimleri belirledi,\u201d diye bahsetti\u011fi Herbert George Wells, kaleme ald\u0131\u011f\u0131 eserlerde ya bir t\u00fcr\u00fcn ilk \u00f6rne\u011fini verdi ya da baz\u0131 gelenekleri ala\u015fa\u011f\u0131 ederek ondan sonra gelecek yazarlar\u0131n da beslenece\u011fi ihtimaller yaratmay\u0131 ba\u015fard\u0131. K\u00f6rler \u00dclkesi ve Di\u011fer Karanl\u0131k \u00d6yk\u00fcler, H. G. Wells edebiyat\u0131n\u0131n karanl\u0131k, tuhaf, sinir bozucu topraklar\u0131nda dola\u015fan bir acayiplikler koleksiyonu.   Korkutmay\u0131 beceremeyen hayaletler, \u00e7al\u0131nan bedenini uzaktan izleyen ruhlar, nereye gitseniz pe\u015finizi b\u0131rakmayan g\u00fcveler, intikam\u0131n\u0131 almadan rahat etmeyecekler, r\u00fcyalar\u0131nda bamba\u015fka bir d\u00fcnyan\u0131n k\u0131yametine tan\u0131k olanlar, g\u00f6rmeyi unutanlar, unutmak isteyenler\u2026  H. G. Wells\u2019e g\u00fcvenin ve duvardaki kap\u0131y\u0131 aralay\u0131n, di\u011fer tarafta g\u00f6zlerinizi ay\u0131ramayaca\u011f\u0131n\u0131z \u00e2lemlerle kar\u015f\u0131la\u015facaks\u0131n\u0131z.   K\u00f6rlerin \u00fclkesinde tek g\u00f6zl\u00fc adam kral olur mu sahiden? <\/p>\n","protected":false},"excerpt":{"rendered":"<p>\u201cH. G. Wells bana y\u00f6nelmem gereken yolu g\u00f6sterdi, ben de oraya gittim.\u201d \u2013Ray Bradbury \u201cYazd\u0131klar\u0131n\u0131n, t\u00fcr\u00fcm\u00fcz\u00fcn ortak haf\u0131zas\u0131na kaz\u0131naca\u011f\u0131n\u0131, yazar\u0131n\u0131n \u00fcn\u00fcn\u00fcn ya da kulland\u0131\u011f\u0131 dilin yok<span class=\"excerpt-hellip\"> [\u2026]<\/span><\/p>\n","protected":false},"featured_media":0,"template":"","meta":{"_monsterinsights_skip_tracking":false,"_monsterinsights_sitenote_active":false,"_monsterinsights_sitenote_note":"","_monsterinsights_sitenote_category":0},"product_brand":[],"product_cat":[12291,17033],"product_tag":[],"class_list":{"0":"post-723556","1":"product","2":"type-product","3":"status-publish","5":"product_cat-edebiyat","6":"product_cat-korku-gerilim","7":"pa_cilt-ciltsiz","8":"pa_tur-kitap","9":"pa_yayinevi-ithaki-yayinlari","10":"pa_yazar-h-g-wells","12":"first","13":"instock","14":"sale","15":"shipping-taxable","16":"purchasable","17":"product-type-simple"},"_links":{"self":[{"href":"https:\/\/roveyayinevi.com.tr\/index.php\/wp-json\/wp\/v2\/product\/723556","targetHints":{"allow":["GET"]}}],"collection":[{"href":"https:\/\/roveyayinevi.com.tr\/index.php\/wp-json\/wp\/v2\/product"}],"about":[{"href":"https:\/\/roveyayinevi.com.tr\/index.php\/wp-json\/wp\/v2\/types\/product"}],"wp:attachment":[{"href":"https:\/\/roveyayinevi.com.tr\/index.php\/wp-json\/wp\/v2\/media?parent=723556"}],"wp:term":[{"taxonomy":"product_brand","embeddable":true,"href":"https:\/\/roveyayinevi.com.tr\/index.php\/wp-json\/wp\/v2\/product_brand?post=723556"},{"taxonomy":"product_cat","embeddable":true,"href":"https:\/\/roveyayinevi.com.tr\/index.php\/wp-json\/wp\/v2\/product_cat?post=723556"},{"taxonomy":"product_tag","embeddable":true,"href":"https:\/\/roveyayinevi.com.tr\/index.php\/wp-json\/wp\/v2\/product_tag?post=723556"}],"curies":[{"name":"wp","href":"https:\/\/api.w.org\/{rel}","templated":true}]}}